{"id":16143,"date":"2020-10-02T09:40:46","date_gmt":"2020-10-02T07:40:46","guid":{"rendered":"https:\/\/frisksport.se\/bjorkentest\/?page_id=16143"},"modified":"2025-12-17T10:03:06","modified_gmt":"2025-12-17T09:03:06","slug":"bli-medlem","status":"publish","type":"page","link":"https:\/\/frisksport.se\/bjorken\/bli-medlem\/","title":{"rendered":"Bli medlem"},"content":{"rendered":"<p>[et_pb_section fb_built=&#8221;1&#8243; _builder_version=&#8221;4.16&#8243; _module_preset=&#8221;default&#8221; collapsed=&#8221;off&#8221; global_colors_info=&#8221;{}&#8221;][et_pb_row _builder_version=&#8221;4.27.4&#8243; _module_preset=&#8221;default&#8221; admin_label=&#8221;avgifter&#8221; custom_margin=&#8221;0px||0px||true|false&#8221; module_id=&#8221;avgifter&#8221; hover_enabled=&#8221;0&#8243; sticky_enabled=&#8221;0&#8243;][et_pb_column _builder_version=&#8221;4.27.4&#8243; _module_preset=&#8221;default&#8221; type=&#8221;4_4&#8243;][et_pb_divider _builder_version=&#8221;4.27.4&#8243; _module_preset=&#8221;default&#8221; hover_enabled=&#8221;0&#8243; sticky_enabled=&#8221;0&#8243;][\/et_pb_divider][et_pb_text module_class=&#8221;tagged tagged-h6&#8243; _builder_version=&#8221;4.27.4&#8243; _module_preset=&#8221;default&#8221; hover_enabled=&#8221;0&#8243; global_colors_info=&#8221;{}&#8221; sticky_enabled=&#8221;0&#8243;]<\/p>\n<h6>Medlemskap<\/h6>\n<h2>Avgifter<\/h2>\n<h4><span>Medlemsavgifter 2025<strong><br \/><\/strong><\/span><\/h4>\n<table border=\"0\" width=\"574\">\n<tbody>\n<tr>\n<td style=\"width: 251.133px\">Barn och ungdom (0-18 \u00e5r)<\/td>\n<td style=\"width: 306.167px\">200 kr<\/td>\n<\/tr>\n<tr>\n<td style=\"width: 251.133px\">Ung vuxen (19-25 \u00e5r)<\/td>\n<td style=\"width: 306.167px\">200 kr<\/td>\n<\/tr>\n<tr>\n<td style=\"width: 251.133px\">Vuxen (26 \u00e5r -)<\/td>\n<td style=\"width: 306.167px\">200 kr<\/td>\n<\/tr>\n<tr>\n<td style=\"width: 251.133px\">Familj (boende p\u00e5 samma adress)<\/td>\n<td style=\"width: 306.167px\">500 kr<\/td>\n<\/tr>\n<\/tbody>\n<\/table>\n<h4><span>Terminsavgifter 2025<strong><br \/><\/strong><\/span><\/h4>\n<table border=\"0\" width=\"575\">\n<tbody>\n<tr>\n<td style=\"width: 250.133px\">Cheerleading<\/td>\n<td style=\"width: 308.167px\">600 kr<\/td>\n<\/tr>\n<tr>\n<td style=\"width: 250.133px\">Cirkus\/trampolin<\/td>\n<td style=\"width: 308.167px\">300 kr<\/td>\n<\/tr>\n<tr>\n<td style=\"width: 250.133px\">Flermedlemsrabatt<\/td>\n<td style=\"width: 308.167px\">-50%<\/td>\n<\/tr>\n<tr>\n<td style=\"width: 250.133px\">Ledar- och f\u00f6rtroenderabatt<\/td>\n<td style=\"width: 308.167px\">-50%<\/td>\n<\/tr>\n<\/tbody>\n<\/table>\n<p>Flermedlemsrabatt g\u00e4ller medlemmar tre och upp\u00e5t p\u00e5 samma adress som deltar i samma verksamhet.<\/p>\n<p><span style=\"font-weight: 400\">Familjemedlemmar till ledare samt f\u00f6rtroendevalda f\u00e5r 50% rabatt p\u00e5 medlemsavgift.<\/span><\/p>\n<h4><span>Alla ska kunna vara med!<strong><\/strong><\/span><\/h4>\n<p><span>Frisksport Bj\u00f6rken \u00e4r medveten om att alla inte har ekonomiska f\u00f6ruts\u00e4ttningar f\u00f6r att kunna h\u00e5lla p\u00e5 med cheerleading eller trampolin\/cirkus\/tabl\u00e5 och bli medlemmar i en f\u00f6rening. Vi har valt att starta Kompisfonden f\u00f6r att det inte ska beh\u00f6va vara s\u00e5. Genom v\u00e5r kompisfond kan vi ge fler m\u00f6jligheter att vara aktiva i v\u00e5r f\u00f6rening. Nya och gamla medlemmar kan s\u00f6ka ekonomiskt bidrag som m\u00f6jligg\u00f6r att de kan delta i f\u00f6reningens verksamhet.<\/span><span><\/span><\/p>\n<p><span>Pengar vi tar in vid till exempel upptr\u00e4danden g\u00e5r till Kompisfonden. Vi tar ocks\u00e5 tacksamt emot bidrag till fonden via <\/span>bankgiro 5875-6198 eller Swish 123 615 19 48.<span><\/span><\/p>\n<h4><span>Vad kan man s\u00f6ka ekonomiskt st\u00f6d f\u00f6r?<\/span><\/h4>\n<p><span>Kompisfonden kan godk\u00e4nna ekonomiskt st\u00f6d f\u00f6r till exempel medlemsavgifter, tr\u00e4ningsavgifter och utrustning som till exempel skor till cheerleadingen. Du skickar in ans\u00f6kan via knappen nedan:<br \/><\/span><span><\/span><\/p>\n<p>[\/et_pb_text][et_pb_text disabled_on=&#8221;off|off|off&#8221; _builder_version=&#8221;4.24.2&#8243; _module_preset=&#8221;default&#8221; text_font=&#8221;Averta-Bold|||on|||||&#8221; text_text_color=&#8221;#FFF3BC&#8221; text_letter_spacing=&#8221;1.51px&#8221; background_color=&#8221;#87B9F3&#8243; text_orientation=&#8221;center&#8221; custom_margin=&#8221;|15px||0px|false|false&#8221; custom_padding=&#8221;10px|30px|10px|30px|false|true&#8221; link_option_url=&#8221;https:\/\/docs.google.com\/forms\/d\/e\/1FAIpQLSd_lUpAsaT2xF4cQ4rlRa6yLsfIYnGy1Kf_LWv_0twWjW8jAg\/viewform&#8221; link_option_url_new_window=&#8221;on&#8221; hover_enabled=&#8221;0&#8243; custom_css_main_element=&#8221;display: inline-block;&#8221; border_width_all=&#8221;2px&#8221; border_color_all=&#8221;#87B9F3&#8243; box_shadow_style=&#8221;preset3&#8243; locked=&#8221;off&#8221; global_colors_info=&#8221;{}&#8221; sticky_enabled=&#8221;0&#8243;]<\/p>\n<p>Till kompisfonden<\/p>\n<p>[\/et_pb_text][\/et_pb_column][\/et_pb_row][et_pb_row _builder_version=&#8221;4.27.4&#8243; _module_preset=&#8221;default&#8221; hover_enabled=&#8221;0&#8243; global_colors_info=&#8221;{}&#8221; sticky_enabled=&#8221;0&#8243; admin_label=&#8221;registrera&#8221; custom_margin=&#8221;0px||0px||true|false&#8221; module_id=&#8221;registrera&#8221;][et_pb_column type=&#8221;4_4&#8243; _builder_version=&#8221;4.24.2&#8243; _module_preset=&#8221;default&#8221; global_colors_info=&#8221;{}&#8221;][et_pb_divider _builder_version=&#8221;4.27.4&#8243; _module_preset=&#8221;default&#8221; hover_enabled=&#8221;0&#8243; sticky_enabled=&#8221;0&#8243;][\/et_pb_divider][et_pb_text _builder_version=&#8221;4.24.2&#8243; _module_preset=&#8221;default&#8221; hover_enabled=&#8221;0&#8243; global_colors_info=&#8221;{}&#8221; sticky_enabled=&#8221;0&#8243;]<\/p>\n<h6>Registrera<\/h6>\n<h2>S\u00e5 h\u00e4r g\u00f6r du<strong><\/strong><\/h2>\n<p>1. Betala in den \u00e5rliga medlemsavgiften<strong> till bankgironr 5875-6198<\/strong>. Gl\u00f6m inte ange vem betalningen g\u00e4ller.<\/p>\n<p>2. Fyll i personuppgifterna via l\u00e4nken nedan. Om du f\u00f6rnyar ditt medlemsskap varje \u00e5r beh\u00f6ver du bara betala in avgiften och ange vem betalningen avser.<\/p>\n<p>Ska du betala terminsavgift kan du betala det via bankgiro <em>eller<\/em> Swish.<\/p>\n<h5><strong>Bankgiro<br \/><\/strong>5875-6198<\/h5>\n<h5><strong>Swish<br \/><\/strong>123 615 19 48<\/h5>\n<p>Du hittar en utskrivbar blankett med information om personuppgifter och swishl\u00e4nk <a href=\"https:\/\/frisksport.se\/bjorken\/wp-content\/uploads\/sites\/14\/2022\/11\/Vaelkommen-2021-HT-Medlem.pdf\" target=\"_blank\" rel=\"noopener\">via den h\u00e4r l\u00e4nken<\/a>. Har du fr\u00e5gor om medlemsregistreringen \u00e4r du v\u00e4lkommen att <a href=\"mailto:bjorken@frisksport.se\">kontakta oss<\/a>.<\/p>\n<p>[\/et_pb_text][et_pb_text disabled_on=&#8221;off|off|off&#8221; _builder_version=&#8221;4.24.2&#8243; _module_preset=&#8221;default&#8221; text_font=&#8221;Averta-Bold|||on|||||&#8221; text_text_color=&#8221;#FFF3BC&#8221; text_letter_spacing=&#8221;1.51px&#8221; background_color=&#8221;#87B9F3&#8243; text_orientation=&#8221;center&#8221; custom_margin=&#8221;|15px||0px|false|false&#8221; custom_padding=&#8221;10px|30px|10px|30px|false|true&#8221; link_option_url=&#8221;https:\/\/member.myclub.se\/public\/forms\/8496\/697WFswkuV\/&#8221; link_option_url_new_window=&#8221;on&#8221; hover_enabled=&#8221;0&#8243; custom_css_main_element=&#8221;display: inline-block;&#8221; border_width_all=&#8221;2px&#8221; border_color_all=&#8221;#87B9F3&#8243; box_shadow_style=&#8221;preset3&#8243; locked=&#8221;off&#8221; global_colors_info=&#8221;{}&#8221; sticky_enabled=&#8221;0&#8243;]<\/p>\n<p>Fyll i uppgifter<\/p>\n<p>[\/et_pb_text][\/et_pb_column][\/et_pb_row][et_pb_row _builder_version=&#8221;4.27.4&#8243; _module_preset=&#8221;default&#8221; admin_label=&#8221;personuppgifter&#8221; custom_margin=&#8221;0px||0px||true|false&#8221; module_id=&#8221;personuppgifter&#8221; hover_enabled=&#8221;0&#8243; sticky_enabled=&#8221;0&#8243;][et_pb_column _builder_version=&#8221;4.27.4&#8243; _module_preset=&#8221;default&#8221; type=&#8221;4_4&#8243;][et_pb_divider _builder_version=&#8221;4.27.4&#8243; _module_preset=&#8221;default&#8221; hover_enabled=&#8221;0&#8243; sticky_enabled=&#8221;0&#8243;][\/et_pb_divider][et_pb_text module_class=&#8221;tagged tagged-h6&#8243; _builder_version=&#8221;4.17.4&#8243; _module_preset=&#8221;default&#8221; hover_enabled=&#8221;0&#8243; global_colors_info=&#8221;{}&#8221; sticky_enabled=&#8221;0&#8243;]<\/p>\n<h6>S\u00e5 hanterar vi uppgifter<\/h6>\n<h2>Personuppgifter<\/h2>\n<p>Du som medlem har r\u00e4tt att veta vilken information vi samlar om dig, och vad den anv\u00e4nds till.<br \/>Ganska enkelt kan man s\u00e4ga att vi samlar dina personuppgifter i v\u00e5ra medlemsregister, MyClub och IdrottOnline, samt i fakturajournaler. De enda som kommer \u00e5t dina personuppgifter \u00e4r f\u00f6retr\u00e4dare f\u00f6r klubben, distriktet och f\u00f6rbundet. Vi delar aldrig dina uppgifter med n\u00e5gon och de anv\u00e4nds inte till marknadsf\u00f6ring i n\u00e5gon form.<\/p>\n<ul>\n<li>Klubben: S\u00e5 att vi kan skicka ut nyhetsbrev, kontakta anh\u00f6rig om n\u00e5got h\u00e4nder p\u00e5 en aktivitet samt s\u00f6ka bidrag hos kommunen och Riksidrottsf\u00f6rbundet, RF.<\/li>\n<li>Distriktet: F\u00f6r att s\u00f6ka pengar fr\u00e5n Region S\u00f6rmland vilket sedan genererar bidrag till klubbarna till bland annat utbildningar och ungdomstr\u00e4ffar.<\/li>\n<li>F\u00f6rbundet: F\u00f6r att skicka ut tidningen samt att medlemsf\u00f6rs\u00e4kringen ska g\u00e4lla under aktivitet.<\/li>\n<\/ul>\n<p>Du har r\u00e4tt att s\u00e4ga ifr\u00e5n att vi sparar dina uppgifter men m\u00e5ste d\u00e5 tas bort som medlem. Dina uppgifter sparas det \u00e5r du \u00e4r medlem samt n\u00e4stkommande \u00e5r, ifall du vill bli medlem igen. Sedan raderas alla uppgifter om dig i medlemsregistren.<\/p>\n<p>Vi kommer i samband med ut\u00e5triktade aktiviteter marknadsf\u00f6ra klubben med bilder fr\u00e5n klubbens aktiviteter. \u00c4r detta n\u00e5got du inte vill vara med p\u00e5 s\u00e5 s\u00e4g till i f\u00f6rv\u00e4g, s\u00e5 vi kan ordna bilderna s\u00e5 att du inte \u00e4r med. Samma sak g\u00e4ller klubbens interna och externa kommunikation, s\u00e5 som nyhetsbrev, flyers och hemsida.<\/p>\n<p>[\/et_pb_text][\/et_pb_column][\/et_pb_row][et_pb_row _builder_version=&#8221;4.27.4&#8243; _module_preset=&#8221;default&#8221; admin_label=&#8221;ditt-medlemsskap&#8221; custom_margin=&#8221;0px||0px||true|false&#8221; module_id=&#8221;ditt-medlemsskap&#8221; hover_enabled=&#8221;0&#8243; sticky_enabled=&#8221;0&#8243;][et_pb_column _builder_version=&#8221;4.27.4&#8243; _module_preset=&#8221;default&#8221; type=&#8221;4_4&#8243;][et_pb_divider _builder_version=&#8221;4.27.4&#8243; _module_preset=&#8221;default&#8221; hover_enabled=&#8221;0&#8243; sticky_enabled=&#8221;0&#8243;][\/et_pb_divider][et_pb_text module_class=&#8221;tagged tagged-h2&#8243; _builder_version=&#8221;4.27.4&#8243; _module_preset=&#8221;default&#8221; hover_enabled=&#8221;0&#8243; global_colors_info=&#8221;{}&#8221; sticky_enabled=&#8221;0&#8243;]<\/p>\n<h6>Ditt medlemsskap<\/h6>\n<h2>Det h\u00e4r g\u00e4ller<\/h2>\n<p><span><strong>Som medlem lovar du:<\/strong><br \/>att f\u00f6lja klubbens regler:<br \/>&#8211; Frisksportverksamhet \u00e4r helt fri fr\u00e5n tobak, alkohol och andra droger.<br \/>&#8211; Frisksportverksamhet \u00e4r fri fr\u00e5n all form av mobbning och rasism.<\/span><\/p>\n<p><span><strong>Som medlem\u00a0f\u00e5r du:<\/strong><br \/>&#8211; Tidningen Frisksport hem i brevl\u00e5dan.<br \/>&#8211; F\u00f6rs\u00e4kring under frisksportverksamhet och resan dit och hem.<br \/><\/span><span>&#8211; Aktuell information om klubben via mejl.<br \/>&#8211; Ha roligt tillsammans med likasinnade.<\/span><\/p>\n<p><span><strong>En drogfri verksamhet\u00a0<\/strong><\/span><\/p>\n<ul>\n<li><strong>Medlemsbekr\u00e4ftelse<\/strong> (g\u00e4ller alla medlemmar)<br \/>Jag st\u00f6djer arbetet med h\u00e4lsosam verksamhet d\u00e4r alla \u00e4r v\u00e4lkomna. Jag avst\u00e5r fr\u00e5n alkohol*, tobak, nikotin, dopingpreparat och narkotika** i alla frisksportsammanhang.<\/li>\n<li><strong>Frisksportl\u00f6ftet <\/strong>(obligatoriskt f\u00f6r medlemmar 12-18 \u00e5r, frivilligt f\u00f6r vuxna)<br \/>Jag v\u00e4ljer att avst\u00e5 fr\u00e5n alkohol*, tobak, nikotin, dopingpreparat och narkotika** i alla sammanhang.<\/li>\n<\/ul>\n<p><em>*avser drycker med mer \u00e4n 2,25 volymprocent (= 1,8 viktprocent) alkohol.<br \/><\/em><em>**avser olaglig anv\u00e4ndning av narkotika, vilket ej innefattar l\u00e4kemedel utskrivet av l\u00e4kare.<\/em><\/p>\n<p>[\/et_pb_text][\/et_pb_column][\/et_pb_row][\/et_pb_section]<\/p>\n","protected":false},"excerpt":{"rendered":"<p>Medlemskap Avgifter Medlemsavgifter 2025 Barn och ungdom (0-18 \u00e5r) 200 kr Ung vuxen (19-25 \u00e5r) 200 kr Vuxen (26 \u00e5r -) 200 kr Familj (boende p\u00e5 samma adress) 500 kr [&hellip;]<\/p>\n","protected":false},"author":2,"featured_media":0,"parent":0,"menu_order":0,"comment_status":"closed","ping_status":"closed","template":"page-tpl-w-sticky-sidebar.php","meta":{"_acf_changed":false,"_et_pb_use_builder":"on","_et_pb_old_content":"","_et_gb_content_width":"","footnotes":""},"class_list":["post-16143","page","type-page","status-publish","hentry"],"acf":[],"_links":{"self":[{"href":"https:\/\/frisksport.se\/bjorken\/wp-json\/wp\/v2\/pages\/16143","targetHints":{"allow":["GET"]}}],"collection":[{"href":"https:\/\/frisksport.se\/bjorken\/wp-json\/wp\/v2\/pages"}],"about":[{"href":"https:\/\/frisksport.se\/bjorken\/wp-json\/wp\/v2\/types\/page"}],"author":[{"embeddable":true,"href":"https:\/\/frisksport.se\/bjorken\/wp-json\/wp\/v2\/users\/2"}],"replies":[{"embeddable":true,"href":"https:\/\/frisksport.se\/bjorken\/wp-json\/wp\/v2\/comments?post=16143"}],"version-history":[{"count":48,"href":"https:\/\/frisksport.se\/bjorken\/wp-json\/wp\/v2\/pages\/16143\/revisions"}],"predecessor-version":[{"id":18162,"href":"https:\/\/frisksport.se\/bjorken\/wp-json\/wp\/v2\/pages\/16143\/revisions\/18162"}],"wp:attachment":[{"href":"https:\/\/frisksport.se\/bjorken\/wp-json\/wp\/v2\/media?parent=16143"}],"curies":[{"name":"wp","href":"https:\/\/api.w.org\/{rel}","templated":true}]}}