{"id":16151,"date":"2020-10-02T09:47:19","date_gmt":"2020-10-02T07:47:19","guid":{"rendered":"https:\/\/frisksport.se\/bjorkentest\/?page_id=16151"},"modified":"2026-04-14T09:39:14","modified_gmt":"2026-04-14T07:39:14","slug":"kontakt","status":"publish","type":"page","link":"https:\/\/frisksport.se\/bjorken\/kontakt\/","title":{"rendered":"Kontakt"},"content":{"rendered":"<p>[et_pb_section fb_built=&#8221;1&#8243; _builder_version=&#8221;4.16&#8243; _module_preset=&#8221;default&#8221; global_colors_info=&#8221;{}&#8221;][et_pb_row admin_label=&#8221;styrelsen&#8221; module_id=&#8221;styrelsen&#8221; _builder_version=&#8221;4.27.4&#8243; _module_preset=&#8221;default&#8221; custom_margin=&#8221;0px||0px||true|false&#8221; locked=&#8221;off&#8221; global_colors_info=&#8221;{}&#8221;][et_pb_column type=&#8221;4_4&#8243; _builder_version=&#8221;4.16&#8243; _module_preset=&#8221;default&#8221; global_colors_info=&#8221;{}&#8221;][et_pb_divider _builder_version=&#8221;4.27.4&#8243; _module_preset=&#8221;default&#8221; global_colors_info=&#8221;{}&#8221;][\/et_pb_divider][et_pb_text module_class=&#8221;tagged tagged-h6&#8243; _builder_version=&#8221;4.27.4&#8243; _module_preset=&#8221;default&#8221; hover_enabled=&#8221;0&#8243; global_colors_info=&#8221;{}&#8221; sticky_enabled=&#8221;0&#8243;]<\/p>\n<h6>Styrelsen<\/h6>\n<h2>V\u00e5ra f\u00f6rtroendevalda<\/h2>\n<p><strong>Styrelse<br \/><\/strong><\/p>\n<p><a href=\"mailto:bjorken@frisksport.se\">Kontakta styrelsen p\u00e5 bjorken@frisksport.se<\/a><\/p>\n<p>Ordf\u00f6rande: Lovisa T\u00f6rnvall<\/p>\n<p>Kass\u00f6r: Pontus Gustafsson<\/p>\n<p>Ledam\u00f6ter: Jimmy Lindstr\u00f6m, Martin Lundkvist, Petra Winberg<\/p>\n<p>Suppleanter: Mattias Hagstr\u00f6m, Nellie Andersson<\/p>\n<p>F\u00f6r e-post till enskilda personer anv\u00e4nd: fornamn.efternamn@frisksport.se<\/p>\n<p>[\/et_pb_text][\/et_pb_column][\/et_pb_row][et_pb_row admin_label=&#8221;kontaktformular&#8221; module_id=&#8221;kontaktformular&#8221; _builder_version=&#8221;4.27.4&#8243; _module_preset=&#8221;default&#8221; custom_margin=&#8221;0px||0px||true|false&#8221; global_colors_info=&#8221;{}&#8221;][et_pb_column type=&#8221;4_4&#8243; _builder_version=&#8221;4.27.4&#8243; _module_preset=&#8221;default&#8221; global_colors_info=&#8221;{}&#8221;][et_pb_divider _builder_version=&#8221;4.27.4&#8243; _module_preset=&#8221;default&#8221; global_colors_info=&#8221;{}&#8221;][\/et_pb_divider][et_pb_text module_class=&#8221;tagged tagged-h6&#8243; _builder_version=&#8221;4.17.4&#8243; _module_preset=&#8221;default&#8221; global_colors_info=&#8221;{}&#8221;]<\/p>\n<h6>Kontaktformul\u00e4r<\/h6>\n<h2>H\u00f6r av dig till oss!<\/h2>\n<p>H\u00e4r kan du skicka ett e-post-meddelande s\u00e5 h\u00f6r vi av oss s\u00e5 snart vi kan.<\/p>\n<p>[\/et_pb_text][et_pb_contact_form captcha=&#8221;off&#8221; email=&#8221;bjorken@frisksport.se&#8221; submit_button_text=&#8221;Skicka&#8221; _builder_version=&#8221;4.17.4&#8243; _module_preset=&#8221;default&#8221; _unique_id=&#8221;1095f0e1-b720-468e-bef9-e9409c39e5ee&#8221; custom_button=&#8221;on&#8221; button_text_size=&#8221;16px&#8221; button_text_color=&#8221;#fff3bc&#8221; button_bg_color=&#8221;#6aaaf3&#8243; button_border_width=&#8221;2px&#8221; button_border_color=&#8221;#6aaaf3&#8243; button_border_radius=&#8221;0px&#8221; button_letter_spacing=&#8221;1px&#8221; button_font=&#8221;||||||||&#8221; button_custom_padding=&#8221;|30px||30px|false|true&#8221; custom_margin=&#8221;||0px||false|false&#8221; custom_padding=&#8221;||0px||false|false&#8221; locked=&#8221;off&#8221; global_colors_info=&#8221;{}&#8221;][et_pb_contact_field field_id=&#8221;Name&#8221; field_title=&#8221;Namn&#8221; _builder_version=&#8221;4.16&#8243; form_field_background_color=&#8221;#eaf6ff&#8221; form_field_text_color=&#8221;rgba(5,20,102,0.5)&#8221; form_field_font=&#8221;Averta Regular||||||||&#8221; global_colors_info=&#8221;{}&#8221; button_text_size__hover_enabled=&#8221;off&#8221; button_one_text_size__hover_enabled=&#8221;off&#8221; button_two_text_size__hover_enabled=&#8221;off&#8221; button_text_color__hover_enabled=&#8221;off&#8221; button_one_text_color__hover_enabled=&#8221;off&#8221; button_two_text_color__hover_enabled=&#8221;off&#8221; button_border_width__hover_enabled=&#8221;off&#8221; button_one_border_width__hover_enabled=&#8221;off&#8221; button_two_border_width__hover_enabled=&#8221;off&#8221; button_border_color__hover_enabled=&#8221;off&#8221; button_one_border_color__hover_enabled=&#8221;off&#8221; button_two_border_color__hover_enabled=&#8221;off&#8221; button_border_radius__hover_enabled=&#8221;off&#8221; button_one_border_radius__hover_enabled=&#8221;off&#8221; button_two_border_radius__hover_enabled=&#8221;off&#8221; button_letter_spacing__hover_enabled=&#8221;off&#8221; button_one_letter_spacing__hover_enabled=&#8221;off&#8221; button_two_letter_spacing__hover_enabled=&#8221;off&#8221; button_bg_color__hover_enabled=&#8221;off&#8221; button_one_bg_color__hover_enabled=&#8221;off&#8221; button_two_bg_color__hover_enabled=&#8221;off&#8221;][\/et_pb_contact_field][et_pb_contact_field field_id=&#8221;Email&#8221; field_title=&#8221;E-postadress&#8221; field_type=&#8221;email&#8221; _builder_version=&#8221;4.16&#8243; form_field_background_color=&#8221;#eaf6ff&#8221; form_field_text_color=&#8221;rgba(5,20,102,0.5)&#8221; form_field_font=&#8221;Averta Regular||||||||&#8221; global_colors_info=&#8221;{}&#8221; button_text_size__hover_enabled=&#8221;off&#8221; button_one_text_size__hover_enabled=&#8221;off&#8221; button_two_text_size__hover_enabled=&#8221;off&#8221; button_text_color__hover_enabled=&#8221;off&#8221; button_one_text_color__hover_enabled=&#8221;off&#8221; button_two_text_color__hover_enabled=&#8221;off&#8221; button_border_width__hover_enabled=&#8221;off&#8221; button_one_border_width__hover_enabled=&#8221;off&#8221; button_two_border_width__hover_enabled=&#8221;off&#8221; button_border_color__hover_enabled=&#8221;off&#8221; button_one_border_color__hover_enabled=&#8221;off&#8221; button_two_border_color__hover_enabled=&#8221;off&#8221; button_border_radius__hover_enabled=&#8221;off&#8221; button_one_border_radius__hover_enabled=&#8221;off&#8221; button_two_border_radius__hover_enabled=&#8221;off&#8221; button_letter_spacing__hover_enabled=&#8221;off&#8221; button_one_letter_spacing__hover_enabled=&#8221;off&#8221; button_two_letter_spacing__hover_enabled=&#8221;off&#8221; button_bg_color__hover_enabled=&#8221;off&#8221; button_one_bg_color__hover_enabled=&#8221;off&#8221; button_two_bg_color__hover_enabled=&#8221;off&#8221;][\/et_pb_contact_field][et_pb_contact_field field_id=&#8221;Field_4&#8243; field_title=&#8221;\u00c4mne&#8221; fullwidth_field=&#8221;on&#8221; _builder_version=&#8221;4.16&#8243; _module_preset=&#8221;default&#8221; form_field_background_color=&#8221;#eaf6ff&#8221; form_field_text_color=&#8221;rgba(5,20,102,0.5)&#8221; form_field_font=&#8221;Averta Regular||||||||&#8221; global_colors_info=&#8221;{}&#8221;][\/et_pb_contact_field][et_pb_contact_field field_id=&#8221;Message&#8221; field_title=&#8221;Meddelande&#8221; field_type=&#8221;text&#8221; fullwidth_field=&#8221;on&#8221; _builder_version=&#8221;4.17.4&#8243; form_field_background_color=&#8221;#eaf6ff&#8221; form_field_text_color=&#8221;rgba(5,20,102,0.49)&#8221; global_colors_info=&#8221;{}&#8221; button_text_size__hover_enabled=&#8221;off&#8221; button_one_text_size__hover_enabled=&#8221;off&#8221; button_two_text_size__hover_enabled=&#8221;off&#8221; button_text_color__hover_enabled=&#8221;off&#8221; button_one_text_color__hover_enabled=&#8221;off&#8221; button_two_text_color__hover_enabled=&#8221;off&#8221; button_border_width__hover_enabled=&#8221;off&#8221; button_one_border_width__hover_enabled=&#8221;off&#8221; button_two_border_width__hover_enabled=&#8221;off&#8221; button_border_color__hover_enabled=&#8221;off&#8221; button_one_border_color__hover_enabled=&#8221;off&#8221; button_two_border_color__hover_enabled=&#8221;off&#8221; button_border_radius__hover_enabled=&#8221;off&#8221; button_one_border_radius__hover_enabled=&#8221;off&#8221; button_two_border_radius__hover_enabled=&#8221;off&#8221; button_letter_spacing__hover_enabled=&#8221;off&#8221; button_one_letter_spacing__hover_enabled=&#8221;off&#8221; button_two_letter_spacing__hover_enabled=&#8221;off&#8221; button_bg_color__hover_enabled=&#8221;off&#8221; button_one_bg_color__hover_enabled=&#8221;off&#8221; button_two_bg_color__hover_enabled=&#8221;off&#8221;][\/et_pb_contact_field][\/et_pb_contact_form][\/et_pb_column][\/et_pb_row][et_pb_row disabled_on=&#8221;off|off|off&#8221; admin_label=&#8221;kontaktadress&#8221; module_id=&#8221;kontaktadress&#8221; _builder_version=&#8221;4.27.4&#8243; background_enable_color=&#8221;off&#8221; custom_margin=&#8221;0px||0px||false|false&#8221; custom_padding=&#8221;||||false|false&#8221; border_width_all=&#8221;0px&#8221; locked=&#8221;off&#8221; global_colors_info=&#8221;{}&#8221; title_font_size_phone=&#8221;20px&#8221; title_font_size_last_edited=&#8221;on|phone&#8221; closed_title_font_size_phone=&#8221;20px&#8221; closed_title_font_size_last_edited=&#8221;on|phone&#8221;][et_pb_column type=&#8221;4_4&#8243; _builder_version=&#8221;4.16&#8243; custom_padding=&#8221;||||false|false&#8221; global_colors_info=&#8221;{}&#8221;][et_pb_divider _builder_version=&#8221;4.27.4&#8243; _module_preset=&#8221;default&#8221; global_colors_info=&#8221;{}&#8221;][\/et_pb_divider][et_pb_text _builder_version=&#8221;4.17.4&#8243; _module_preset=&#8221;default&#8221; global_colors_info=&#8221;{}&#8221;]<\/p>\n<h6>Adress<\/h6>\n<h2>Kontaktadress<\/h2>\n<div><span>Frisksport Bj\u00f6rken<\/span><br \/><span>c\/o Lovisa T\u00f6rnvall<\/span><br \/><span>Eriksberg Cedersberg<\/span><br \/><span>641 93 Katrineholm<\/span><\/div>\n<p>[\/et_pb_text][\/et_pb_column][\/et_pb_row][et_pb_row column_structure=&#8221;2_3,1_3&#8243; _builder_version=&#8221;4.16&#8243; background_enable_color=&#8221;off&#8221; custom_margin=&#8221;0px||0px||false|false&#8221; custom_padding=&#8221;||||false|false&#8221; border_width_all=&#8221;0px&#8221; locked=&#8221;off&#8221; global_colors_info=&#8221;{}&#8221; title_font_size_phone=&#8221;20px&#8221; title_font_size_last_edited=&#8221;on|phone&#8221; closed_title_font_size_phone=&#8221;20px&#8221; closed_title_font_size_last_edited=&#8221;on|phone&#8221;][et_pb_column type=&#8221;2_3&#8243; _builder_version=&#8221;4.16&#8243; custom_padding=&#8221;||||false|false&#8221; global_colors_info=&#8221;{}&#8221;][et_pb_divider color=&#8221;#036EDA&#8221; divider_position=&#8221;bottom&#8221; disabled_on=&#8221;on|on|on&#8221; _builder_version=&#8221;4.17.4&#8243; _module_preset=&#8221;default&#8221; custom_margin=&#8221;0px||0px||false|false&#8221; custom_padding=&#8221;0px||0px||false|false&#8221; disabled=&#8221;on&#8221; global_colors_info=&#8221;{}&#8221;][\/et_pb_divider][et_pb_toggle title=&#8221;Styrelse&#8221; open_toggle_text_color=&#8221;#036EDA&#8221; open_toggle_background_color=&#8221;#FFFFFF&#8221; closed_toggle_text_color=&#8221;#036EDA&#8221; closed_toggle_background_color=&#8221;#FFFFFF&#8221; icon_color=&#8221;#036EDA&#8221; use_icon_font_size=&#8221;on&#8221; icon_font_size=&#8221;30px&#8221; open_icon_color=&#8221;#036EDA&#8221; open_use_icon_font_size=&#8221;on&#8221; open_icon_font_size=&#8221;30px&#8221; disabled_on=&#8221;on|on|on&#8221; _builder_version=&#8221;4.17.4&#8243; title_text_color=&#8221;#036EDA&#8221; title_level=&#8221;h3&#8243; title_font=&#8221;Averta Bold||||||||&#8221; title_font_size=&#8221;18px&#8221; title_letter_spacing=&#8221;1px&#8221; closed_title_font=&#8221;||||||||&#8221; closed_title_font_size=&#8221;18px&#8221; closed_title_letter_spacing=&#8221;1px&#8221; body_font=&#8221;Averta Regular||||||||&#8221; background_enable_color=&#8221;off&#8221; custom_margin=&#8221;0px||0px||false|false&#8221; custom_padding=&#8221;|30px||18px|false|false&#8221; title_font_size_tablet=&#8221;&#8221; title_font_size_phone=&#8221;20px&#8221; title_font_size_last_edited=&#8221;on|phone&#8221; closed_title_font_size_tablet=&#8221;&#8221; closed_title_font_size_phone=&#8221;20px&#8221; closed_title_font_size_last_edited=&#8221;on|phone&#8221; border_width_all=&#8221;0px&#8221; disabled=&#8221;on&#8221; global_colors_info=&#8221;{}&#8221;]<\/p>\n<p><strong>Styrelse<br \/><\/strong><\/p>\n<p><a href=\"mailto:bjorken@frisksport.se\"><span>Kontakta styrelsen h\u00e4r<\/span><\/a><\/p>\n<p><span>Ordf\u00f6rande: Lovisa T\u00f6rnvall<\/span><\/p>\n<p><span>Kass\u00f6r: Julia Agurell Blid<\/span><\/p>\n<p><span>Sekreterare: Maria Brant\u00f6<\/span><\/p>\n<p><span>Ledam\u00f6ter: Bengt Karlsson, Ulla Ros\u00e9n och Jimmy Lindstr\u00f6m<\/span><\/p>\n<p><span>F\u00f6r e-post till enskilda personer anv\u00e4nd: fornamn.efternamn@frisksport.se<\/span><\/p>\n<p>[\/et_pb_toggle][et_pb_divider color=&#8221;#036EDA&#8221; disabled_on=&#8221;on|on|on&#8221; _builder_version=&#8221;4.16&#8243; _module_preset=&#8221;default&#8221; custom_margin=&#8221;0px||-30px||false|false&#8221; custom_padding=&#8221;0px||||false|false&#8221; disabled=&#8221;on&#8221; global_colors_info=&#8221;{}&#8221;][\/et_pb_divider][et_pb_toggle title=&#8221;Valberedningen&#8221; open_toggle_background_color=&#8221;#FFFFFF&#8221; closed_toggle_text_color=&#8221;#036EDA&#8221; closed_toggle_background_color=&#8221;#FFFFFF&#8221; icon_color=&#8221;#036EDA&#8221; use_icon_font_size=&#8221;on&#8221; icon_font_size=&#8221;30px&#8221; open_icon_color=&#8221;#036EDA&#8221; open_use_icon_font_size=&#8221;on&#8221; open_icon_font_size=&#8221;30px&#8221; disabled_on=&#8221;on|on|on&#8221; _builder_version=&#8221;4.17.4&#8243; title_font=&#8221;Averta Bold||||||||&#8221; title_font_size=&#8221;24px&#8221; title_letter_spacing=&#8221;1px&#8221; closed_title_font=&#8221;||||||||&#8221; closed_title_font_size=&#8221;18px&#8221; closed_title_letter_spacing=&#8221;1px&#8221; background_enable_color=&#8221;off&#8221; custom_margin=&#8221;||0px||false|false&#8221; custom_padding=&#8221;|30px||18px|false|false&#8221; title_font_size_tablet=&#8221;&#8221; title_font_size_phone=&#8221;20px&#8221; title_font_size_last_edited=&#8221;on|phone&#8221; closed_title_font_size_tablet=&#8221;&#8221; closed_title_font_size_phone=&#8221;20px&#8221; closed_title_font_size_last_edited=&#8221;on|phone&#8221; border_width_all=&#8221;0px&#8221; disabled=&#8221;on&#8221; global_colors_info=&#8221;{}&#8221;]<\/p>\n<p>G\u00f6ran Bengtsson<br \/>Ebba Gustavsson<\/p>\n<p>[\/et_pb_toggle][et_pb_divider color=&#8221;#036EDA&#8221; disabled_on=&#8221;on|on|on&#8221; _builder_version=&#8221;4.16&#8243; _module_preset=&#8221;default&#8221; custom_margin=&#8221;0px||-30px||false|false&#8221; custom_padding=&#8221;0px||||false|false&#8221; disabled=&#8221;on&#8221; global_colors_info=&#8221;{}&#8221;][\/et_pb_divider][\/et_pb_column][et_pb_column type=&#8221;1_3&#8243; _builder_version=&#8221;4.16&#8243; custom_padding=&#8221;||||false|false&#8221; global_colors_info=&#8221;{}&#8221;][\/et_pb_column][\/et_pb_row][et_pb_row column_structure=&#8221;1_4,1_4,1_4,1_4&#8243; disabled_on=&#8221;on|on|on&#8221; _builder_version=&#8221;4.17.4&#8243; _module_preset=&#8221;default&#8221; disabled=&#8221;on&#8221; global_colors_info=&#8221;{}&#8221;][et_pb_column type=&#8221;1_4&#8243; _builder_version=&#8221;4.17.4&#8243; _module_preset=&#8221;default&#8221; global_colors_info=&#8221;{}&#8221;][et_pb_team_member image_url=&#8221;https:\/\/frisksport.se\/bjorkentest\/wp-content\/uploads\/sites\/14\/2022\/11\/portrattbild-exempel.png&#8221; _builder_version=&#8221;4.17.4&#8243; _module_preset=&#8221;default&#8221; width=&#8221;66%&#8221; module_alignment=&#8221;center&#8221; border_radii_image=&#8221;on|400px|400px|400px|400px&#8221; border_color_all_image=&#8221;RGBA(255,255,255,0)&#8221; global_colors_info=&#8221;{}&#8221;]<\/p>\n<p style=\"text-align: center\"><strong>Jan Jansson<\/strong><br \/>Ordf\u00f6rande<br \/>jan.jansson@frisksport.se<\/p>\n<p>[\/et_pb_team_member][\/et_pb_column][et_pb_column type=&#8221;1_4&#8243; _builder_version=&#8221;4.17.4&#8243; _module_preset=&#8221;default&#8221; global_colors_info=&#8221;{}&#8221;][et_pb_team_member image_url=&#8221;https:\/\/frisksport.se\/bjorkentest\/wp-content\/uploads\/sites\/14\/2022\/11\/portrattbild-exempel.png&#8221; _builder_version=&#8221;4.17.4&#8243; _module_preset=&#8221;default&#8221; width=&#8221;66%&#8221; module_alignment=&#8221;center&#8221; border_radii_image=&#8221;on|400px|400px|400px|400px&#8221; border_color_all_image=&#8221;RGBA(255,255,255,0)&#8221; global_colors_info=&#8221;{}&#8221;]<\/p>\n<p style=\"text-align: center\"><strong>Jan Jansson<\/strong><br \/>Sekreterare<br \/>jan.jansson@frisksport.se<\/p>\n<p>[\/et_pb_team_member][\/et_pb_column][et_pb_column type=&#8221;1_4&#8243; _builder_version=&#8221;4.17.4&#8243; _module_preset=&#8221;default&#8221; global_colors_info=&#8221;{}&#8221;][et_pb_team_member image_url=&#8221;https:\/\/frisksport.se\/bjorkentest\/wp-content\/uploads\/sites\/14\/2022\/11\/portrattbild-exempel.png&#8221; _builder_version=&#8221;4.17.4&#8243; _module_preset=&#8221;default&#8221; width=&#8221;66%&#8221; module_alignment=&#8221;center&#8221; border_radii_image=&#8221;on|400px|400px|400px|400px&#8221; border_color_all_image=&#8221;RGBA(255,255,255,0)&#8221; global_colors_info=&#8221;{}&#8221;]<\/p>\n<p style=\"text-align: center\"><strong>Jan Jansson<\/strong><br \/>Kass\u00f6r<br \/>jan.jansson@frisksport.se<\/p>\n<p>[\/et_pb_team_member][\/et_pb_column][et_pb_column type=&#8221;1_4&#8243; _builder_version=&#8221;4.17.4&#8243; _module_preset=&#8221;default&#8221; global_colors_info=&#8221;{}&#8221;][\/et_pb_column][\/et_pb_row][\/et_pb_section]<\/p>\n","protected":false},"excerpt":{"rendered":"<p>Styrelsen V\u00e5ra f\u00f6rtroendevalda Styrelse Kontakta styrelsen p\u00e5 bjorken@frisksport.se Ordf\u00f6rande: Lovisa T\u00f6rnvall Kass\u00f6r: Pontus Gustafsson Ledam\u00f6ter: Jimmy Lindstr\u00f6m, Martin Lundkvist, Petra Winberg Suppleanter: Mattias Hagstr\u00f6m, Nellie Andersson F\u00f6r e-post till enskilda [&hellip;]<\/p>\n","protected":false},"author":2,"featured_media":0,"parent":0,"menu_order":0,"comment_status":"closed","ping_status":"closed","template":"page-tpl-w-sticky-sidebar.php","meta":{"_acf_changed":false,"_et_pb_use_builder":"on","_et_pb_old_content":"","_et_gb_content_width":"","footnotes":""},"class_list":["post-16151","page","type-page","status-publish","hentry"],"acf":[],"_links":{"self":[{"href":"https:\/\/frisksport.se\/bjorken\/wp-json\/wp\/v2\/pages\/16151","targetHints":{"allow":["GET"]}}],"collection":[{"href":"https:\/\/frisksport.se\/bjorken\/wp-json\/wp\/v2\/pages"}],"about":[{"href":"https:\/\/frisksport.se\/bjorken\/wp-json\/wp\/v2\/types\/page"}],"author":[{"embeddable":true,"href":"https:\/\/frisksport.se\/bjorken\/wp-json\/wp\/v2\/users\/2"}],"replies":[{"embeddable":true,"href":"https:\/\/frisksport.se\/bjorken\/wp-json\/wp\/v2\/comments?post=16151"}],"version-history":[{"count":37,"href":"https:\/\/frisksport.se\/bjorken\/wp-json\/wp\/v2\/pages\/16151\/revisions"}],"predecessor-version":[{"id":18181,"href":"https:\/\/frisksport.se\/bjorken\/wp-json\/wp\/v2\/pages\/16151\/revisions\/18181"}],"wp:attachment":[{"href":"https:\/\/frisksport.se\/bjorken\/wp-json\/wp\/v2\/media?parent=16151"}],"curies":[{"name":"wp","href":"https:\/\/api.w.org\/{rel}","templated":true}]}}