{"id":16160,"date":"2020-10-02T09:56:54","date_gmt":"2020-10-02T07:56:54","guid":{"rendered":"https:\/\/frisksport.se\/bjorkentest\/?page_id=16160"},"modified":"2025-12-17T10:19:11","modified_gmt":"2025-12-17T09:19:11","slug":"om","status":"publish","type":"page","link":"https:\/\/frisksport.se\/bjorken\/om\/","title":{"rendered":"Om klubben"},"content":{"rendered":"<p>[et_pb_section fb_built=&#8221;1&#8243; _builder_version=&#8221;4.16&#8243; _module_preset=&#8221;default&#8221; global_colors_info=&#8221;{}&#8221;][et_pb_row admin_label=&#8221;dokument&#8221; module_id=&#8221;dokument&#8221; _builder_version=&#8221;4.27.4&#8243; _module_preset=&#8221;default&#8221; custom_margin=&#8221;0px||0px||true|false&#8221; locked=&#8221;off&#8221; global_colors_info=&#8221;{}&#8221;][et_pb_column type=&#8221;4_4&#8243; _builder_version=&#8221;4.16&#8243; _module_preset=&#8221;default&#8221; global_colors_info=&#8221;{}&#8221;][et_pb_divider _builder_version=&#8221;4.27.4&#8243; _module_preset=&#8221;default&#8221; hover_enabled=&#8221;0&#8243; sticky_enabled=&#8221;0&#8243;][\/et_pb_divider][et_pb_text module_class=&#8221;tagged tagged-h6&#8243; _builder_version=&#8221;4.17.4&#8243; _module_preset=&#8221;default&#8221; text_font=&#8221;||||||||&#8221; header_2_font=&#8221;Averta Bold||||||||&#8221; custom_margin=&#8221;||0px||false|false&#8221; custom_css_main_element=&#8221;clear: both;&#8221; global_colors_info=&#8221;{}&#8221;]<\/p>\n<h6>Dokument<\/h6>\n<h2>Information och dokument<\/h2>\n<h5>Klicka p\u00e5 l\u00e4nken f\u00f6r att komma till v\u00e5r sida med nyhetsbrev och v\u00e4lkomstbrev till v\u00e5ra aktiviteter.<br \/>Du kan ocks\u00e5 h\u00e4mta en reser\u00e4kning om du gjort resa eller utl\u00e4gg \u00e5 klubbens v\u00e4gnar.<\/h5>\n<p>[\/et_pb_text][et_pb_text disabled_on=&#8221;off|off|off&#8221; _builder_version=&#8221;4.17.4&#8243; _module_preset=&#8221;default&#8221; text_font=&#8221;Averta Extra Bold|||on|||||&#8221; text_text_color=&#8221;#FFFCDD&#8221; text_letter_spacing=&#8221;1.51px&#8221; header_6_text_color=&#8221;#fff3bc&#8221; background_color=&#8221;#6aaaf3&#8243; text_orientation=&#8221;center&#8221; custom_margin=&#8221;|15px||0px|false|false&#8221; custom_padding=&#8221;20px|30px|10px|30px|false|true&#8221; link_option_url=&#8221;https:\/\/www.frisksport.se\/bjorken\/nyhetsbrev\/&#8221; custom_css_main_element=&#8221;display: inline-block;&#8221; border_color_all=&#8221;#0681ef&#8221; box_shadow_style=&#8221;preset3&#8243; locked=&#8221;off&#8221; global_colors_info=&#8221;{}&#8221;]<\/p>\n<h6>L\u00e4s v\u00e5rt nyhetsbrev<\/h6>\n<p>[\/et_pb_text][et_pb_text disabled_on=&#8221;off|off|off&#8221; _builder_version=&#8221;4.17.4&#8243; _module_preset=&#8221;default&#8221; text_font=&#8221;Averta Extra Bold|||on|||||&#8221; text_text_color=&#8221;#FFFCDD&#8221; text_letter_spacing=&#8221;1.51px&#8221; header_6_text_color=&#8221;#fff3bc&#8221; background_color=&#8221;#6aaaf3&#8243; text_orientation=&#8221;center&#8221; custom_margin=&#8221;|15px||0px|false|false&#8221; custom_padding=&#8221;20px|30px|10px|30px|false|true&#8221; link_option_url=&#8221;https:\/\/frisksport.se\/bjorken\/wp-content\/uploads\/sites\/14\/2022\/11\/Reseraekning-2021.pdf&#8221; link_option_url_new_window=&#8221;on&#8221; custom_css_main_element=&#8221;display: inline-block;&#8221; border_color_all=&#8221;#0681ef&#8221; box_shadow_style=&#8221;preset3&#8243; locked=&#8221;off&#8221; global_colors_info=&#8221;{}&#8221;]<\/p>\n<h6>H\u00e4mta reser\u00e4kning<\/h6>\n<p>[\/et_pb_text][\/et_pb_column][\/et_pb_row][et_pb_row admin_label=&#8221;klubbklader&#8221; module_id=&#8221;klubbklader&#8221; _builder_version=&#8221;4.27.4&#8243; _module_preset=&#8221;default&#8221; custom_margin=&#8221;0px||0px||true|false&#8221; global_colors_info=&#8221;{}&#8221;][et_pb_column type=&#8221;4_4&#8243; _builder_version=&#8221;4.27.4&#8243; _module_preset=&#8221;default&#8221; global_colors_info=&#8221;{}&#8221;][et_pb_divider _builder_version=&#8221;4.27.4&#8243; _module_preset=&#8221;default&#8221; hover_enabled=&#8221;0&#8243; sticky_enabled=&#8221;0&#8243;][\/et_pb_divider][et_pb_text module_class=&#8221;tagged tagged-h6&#8243; _builder_version=&#8221;4.17.4&#8243; _module_preset=&#8221;default&#8221; text_font=&#8221;||||||||&#8221; header_2_font=&#8221;Averta Bold||||||||&#8221; custom_margin=&#8221;||0px||false|false&#8221; custom_css_main_element=&#8221;clear: both;&#8221; global_colors_info=&#8221;{}&#8221;]<\/p>\n<h6>Klubbkl\u00e4der<\/h6>\n<h2>Best\u00e4ll kl\u00e4der<\/h2>\n<div>\n<p dir=\"ltr\"><span>Du kan best\u00e4lla Frisksport Bj\u00f6rkens F\u00f6reningskl\u00e4der via Stadium.<\/span><\/p>\n<p dir=\"ltr\"><span>Vi har uppr\u00e4ttat ett f\u00e4rgsystem p\u00e5 dessa kl\u00e4der. <\/span><span>Svart<\/span><span> \u00e4r f\u00f6r cheerleadingen, <\/span><span>m\u00f6rkbl\u00e5tt<\/span><span> \u00e4r f\u00f6r cirkus\/trampolin\/tabl\u00e5 och <\/span><span>gr\u00e5tt och r\u00f6tt<\/span><span> \u00e4r f\u00f6r ledarna.\u00a0<\/span><\/p>\n<p dir=\"ltr\"><span>Viktigt att t\u00e4nka p\u00e5: <\/span><span>N\u00e5gra har redan f\u00e5tt hem sina kl\u00e4der och ber\u00e4ttat f\u00f6r oss att vuxen tightsen samt kvinnliga hoodien \u00e4r n\u00e5got sm\u00e5 i storleken, vi rekommenderar d\u00e4rf\u00f6r att ta en storlek st\u00f6rre \u00e4n vanligt. Kl\u00e4derna g\u00e5r inte att returnera eftersom att dem har tryck men om n\u00e5got inte passar kan det eventuellt g\u00e5 att s\u00e4lja vidare inom f\u00f6reningen.\u00a0<\/span><\/p>\n<p dir=\"ltr\"><span>Saknar ni n\u00e5got ni skulle vilja k\u00f6pa ur v\u00e5rt sortiment? <a href=\"https:\/\/frisksport.se\/bjorken\/kontakt\">Kontakta oss<\/a>\u00a0s\u00e5 tittar vi p\u00e5 detta.<\/span><\/p>\n<\/div>\n<div>\n<div><span id=\"m_1186384406305084204gmail-docs-internal-guid-8cfe0931-7fff-b478-7de4-07c08ada007d\"><span>Best\u00e4ll kl\u00e4der\u00a0<\/span><a href=\"https:\/\/www.stadium.se\/foreningar\/2301161\" target=\"_blank\" data-saferedirecturl=\"https:\/\/www.google.com\/url?q=https:\/\/www.stadium.se\/foreningar\/2301161&amp;source=gmail&amp;ust=1674649057459000&amp;usg=AOvVaw2l3uT5RUW0lY-Hp0eFGUAp\" rel=\"noopener\">via den h\u00e4r l\u00e4nken<\/a>\u00a0 och f\u00e5 hem det direkt i brevl\u00e5dan!\u00a0<\/span><\/div>\n<\/div>\n<p>[\/et_pb_text][\/et_pb_column][\/et_pb_row][et_pb_row admin_label=&#8221;det-har-ar-frisksport&#8221; module_id=&#8221;det-har-ar-frisksport&#8221; _builder_version=&#8221;4.27.4&#8243; _module_preset=&#8221;default&#8221; width_tablet=&#8221;80%&#8221; width_phone=&#8221;85%&#8221; width_last_edited=&#8221;off|desktop&#8221; custom_margin=&#8221;0px||0px||true|false&#8221; locked=&#8221;off&#8221; global_colors_info=&#8221;{}&#8221;][et_pb_column type=&#8221;4_4&#8243; _builder_version=&#8221;4.16&#8243; _module_preset=&#8221;default&#8221; global_colors_info=&#8221;{}&#8221;][et_pb_divider _builder_version=&#8221;4.27.4&#8243; _module_preset=&#8221;default&#8221; hover_enabled=&#8221;0&#8243; sticky_enabled=&#8221;0&#8243;][\/et_pb_divider][et_pb_text module_class=&#8221;tagged tagged-h6&#8243; _builder_version=&#8221;4.17.4&#8243; _module_preset=&#8221;default&#8221; header_font=&#8221;||||||||&#8221; header_2_font=&#8221;Averta Bold||||||||&#8221; header_6_font=&#8221;|700||on|||||&#8221; custom_margin=&#8221;15px||||false|false&#8221; header_font_phone=&#8221;Default||||||||&#8221; global_colors_info=&#8221;{}&#8221;]<\/p>\n<h6>Det h\u00e4r \u00e4r frisksport<\/h6>\n<h2>Allt h\u00e4nger ihop!<\/h2>\n<h4>Frisksport handlar om att m\u00e5 bra och\u00a0ha kul tillsammans, samtidigt som vi v\u00e4rnar om varandra och v\u00e5r omv\u00e4rld.\u00a0Hos oss kan du vara med p\u00e5 roliga aktiviteter, kan hitta en tr\u00e4ningsform som passar dig och du kan \u00e4ven engagera dig tillsammans med andra.<\/h4>\n<p>[\/et_pb_text][et_pb_image src=&#8221;https:\/\/frisksport.se\/bjorken\/wp-content\/uploads\/sites\/14\/2023\/04\/salladskal.png&#8221; title_text=&#8221;salladsk\u00e5l&#8221; _builder_version=&#8221;4.17.4&#8243; _module_preset=&#8221;default&#8221; width=&#8221;13%&#8221; custom_margin=&#8221;||||false|false&#8221; custom_css_main_element=&#8221;float:left;||clear: left;&#8221; global_colors_info=&#8221;{}&#8221;][\/et_pb_image][et_pb_text _builder_version=&#8221;4.16&#8243; _module_preset=&#8221;default&#8221; header_2_font=&#8221;Averta Bold||||||||&#8221; min_height=&#8221;14vh&#8221; custom_margin=&#8221;|||13%|false|false&#8221; custom_padding=&#8221;|||30px|false|false&#8221; global_colors_info=&#8221;{}&#8221;]<\/p>\n<h4>Ta hand om kroppen<\/h4>\n<h5>Att ta hand om sig sj\u00e4lv \u00e4r viktigt f\u00f6r att m\u00e5 bra och f\u00e5 kroppen att h\u00e5lla l\u00e4nge. Att \u00e4ta nyttigt, r\u00f6ra p\u00e5 sig, sova och inte stressa a\u0308r en fo\u0308rutsa\u0308ttning fo\u0308r att orka med vardagen och h\u00e5lla sig frisk.\u00a0<\/h5>\n<p>[\/et_pb_text][et_pb_image src=&#8221;https:\/\/frisksport.se\/bjorken\/wp-content\/uploads\/sites\/14\/2023\/04\/vattenflaska.png&#8221; title_text=&#8221;vattenflaska&#8221; _builder_version=&#8221;4.17.4&#8243; _module_preset=&#8221;default&#8221; width=&#8221;13%&#8221; custom_css_main_element=&#8221;float:left;||clear:left;&#8221; global_colors_info=&#8221;{}&#8221;][\/et_pb_image][et_pb_text _builder_version=&#8221;4.16&#8243; _module_preset=&#8221;default&#8221; header_2_font=&#8221;Averta Bold||||||||&#8221; min_height=&#8221;14vh&#8221; custom_margin=&#8221;|||13%|false|false&#8221; custom_padding=&#8221;|||30px|false|false&#8221; global_colors_info=&#8221;{}&#8221;]<\/p>\n<h4>Aktiv vardag<\/h4>\n<h5>V\u00e5ra kroppar a\u0308r skapade fo\u0308r att ro\u0308ra p\u00e5 sig och genom att tr\u00e4na och ut\u00f6va friluftsliv m\u00e5r vi ba\u0308ttre. Som frisksportare tr\u00e4nar du fo\u0308r din egen skull, p\u00e5 det sa\u0308tt och p\u00e5 den niv\u00e5 du sja\u0308lv va\u0308ljer.<\/h5>\n<p>[\/et_pb_text][et_pb_image src=&#8221;https:\/\/frisksport.se\/bjorken\/wp-content\/uploads\/sites\/14\/2023\/04\/lotusblomma.png&#8221; title_text=&#8221;lotusblomma&#8221; _builder_version=&#8221;4.17.4&#8243; _module_preset=&#8221;default&#8221; width=&#8221;13%&#8221; custom_css_main_element=&#8221;float:left;||clear: left;&#8221; global_colors_info=&#8221;{}&#8221;][\/et_pb_image][et_pb_text _builder_version=&#8221;4.21.0&#8243; _module_preset=&#8221;default&#8221; header_2_font=&#8221;Averta Bold||||||||&#8221; min_height=&#8221;14vh&#8221; custom_margin=&#8221;|||13%|false|false&#8221; custom_padding=&#8221;|||30px|false|false&#8221; global_colors_info=&#8221;{}&#8221;]<\/p>\n<h4>Fritt fr\u00e5n droger<\/h4>\n<h5>Att tr\u00e4na och \u00e4ta nyttigt bygger upp kroppen men tobak, alkohol och andra droger bryter ner den. Alla v\u00e5ra aktiviteter \u00e4r alltid fria fr\u00e5n tobak, alkohol och andra droger och m\u00e5nga medlemmar v\u00e4ljer ett helnyktert och tobaksfritt liv.<\/h5>\n<p>[\/et_pb_text][et_pb_image src=&#8221;https:\/\/frisksport.se\/bjorken\/wp-content\/uploads\/sites\/14\/2023\/04\/blad.png&#8221; title_text=&#8221;blad&#8221; _builder_version=&#8221;4.17.4&#8243; _module_preset=&#8221;default&#8221; width=&#8221;13%&#8221; custom_css_main_element=&#8221;float:left;||clear: left;&#8221; global_colors_info=&#8221;{}&#8221;][\/et_pb_image][et_pb_text _builder_version=&#8221;4.16&#8243; _module_preset=&#8221;default&#8221; header_2_font=&#8221;Averta Bold||||||||&#8221; min_height=&#8221;14vh&#8221; custom_margin=&#8221;|||13%|false|false&#8221; custom_padding=&#8221;|||30px|false|false&#8221; global_colors_info=&#8221;{}&#8221;]<\/p>\n<h4>H\u00e5llbar utveckling<\/h4>\n<h5>H\u00e5llbar utveckling inneb\u00e4r att leva p\u00e5 ett s\u00e4tt som \u00e4r h\u00e5llbart \u00e4ven f\u00f6r framtiden. Vi beh\u00f6ver alla hj\u00e4lpas \u00e5t att ta hand om v\u00e5r milj\u00f6 och varandra.<\/h5>\n<p>[\/et_pb_text][et_pb_image src=&#8221;https:\/\/frisksport.se\/bjorken\/wp-content\/uploads\/sites\/14\/2023\/04\/medlem.png&#8221; title_text=&#8221;medlem&#8221; _builder_version=&#8221;4.17.4&#8243; _module_preset=&#8221;default&#8221; width=&#8221;13%&#8221; custom_css_main_element=&#8221;float:left;||clear: left;&#8221; global_colors_info=&#8221;{}&#8221;][\/et_pb_image][et_pb_text _builder_version=&#8221;4.16&#8243; _module_preset=&#8221;default&#8221; header_2_font=&#8221;Averta Bold||||||||&#8221; min_height=&#8221;14vh&#8221; custom_margin=&#8221;|||13%|false|false&#8221; custom_padding=&#8221;|||30px|false|false&#8221; global_colors_info=&#8221;{}&#8221;]<\/p>\n<h4>Gemenskap<\/h4>\n<h5>Inom Frisksport vill vi umg\u00e5s och dela upplevelser tillsammans med andra. Hos oss \u00e4r alla v\u00e4lkomna och det finns chans att tr\u00e4ffa m\u00e4nniskor med olika bakgrund och fr\u00e5n olika delar av landet.<\/h5>\n<p>[\/et_pb_text][\/et_pb_column][\/et_pb_row][et_pb_row admin_label=&#8221;klubb-distrikt-och-forbund&#8221; module_id=&#8221;klubb-distrikt-och-forbund&#8221; _builder_version=&#8221;4.27.4&#8243; _module_preset=&#8221;default&#8221; custom_margin=&#8221;0px||0px||true|false&#8221; global_colors_info=&#8221;{}&#8221;][et_pb_column type=&#8221;4_4&#8243; _builder_version=&#8221;4.27.4&#8243; _module_preset=&#8221;default&#8221; global_colors_info=&#8221;{}&#8221;][et_pb_divider _builder_version=&#8221;4.27.4&#8243; _module_preset=&#8221;default&#8221; global_colors_info=&#8221;{}&#8221;][\/et_pb_divider][et_pb_text module_class=&#8221;tagged tagged-h6&#8243; _builder_version=&#8221;4.17.4&#8243; _module_preset=&#8221;default&#8221; text_font=&#8221;||||||||&#8221; header_2_font=&#8221;Averta Bold||||||||&#8221; custom_margin=&#8221;||0px||false|false&#8221; custom_css_main_element=&#8221;clear: both;&#8221; global_colors_info=&#8221;{}&#8221;]<\/p>\n<h6>En Frisksportr\u00f6relse<\/h6>\n<h2>Klubb, distrikt och f\u00f6rbund<\/h2>\n<h5>Frisksport Bj\u00f6rken har ofta samarbete med andra klubbar i S\u00f6rmlandsregionen eller p\u00e5 andra platser i landet. V\u00e5r klubb \u00e4r ansluten till S\u00f6rmlands frisksportdistrikt och riksorganisationen Svenska Frisksportf\u00f6rbundet. Frisksport Bj\u00f6rken \u00e4r \u00e4ven ansluten till Svenska Cheerleadingf\u00f6rbundet och Riksidrottsf\u00f6rbundet.<\/h5>\n<h5>Frisksport har funnits i Sverige sedan 20-talet och har under \u00e5ren verkat f\u00f6r b\u00e4ttre folkh\u00e4lsa genom att engagera m\u00e4nniskor i tr\u00e4ning, friluftsliv och h\u00e4lsa. Vi idrottar f\u00f6r att det \u00e4r roligt och f\u00f6r att m\u00e5 bra!<\/h5>\n<h5>Aktiviteterna skiljer sig \u00e5t i frisksportklubbarna i landet men grundtanken om att erbjuda roliga aktiviteter i en drogfri gemenskap \u00e4r densamma. Tack vare samarbeten med andra klubbar, distrikt och f\u00f6rbund kan vi erbjuda ett brett utbud av aktiviteter till v\u00e5ra medlemmar!<\/h5>\n<p>[\/et_pb_text][et_pb_text _builder_version=&#8221;4.17.4&#8243; _module_preset=&#8221;default&#8221; text_text_color=&#8221;#036EDA&#8221; header_text_color=&#8221;#036EDA&#8221; header_2_font=&#8221;Averta Bold||||||||&#8221; header_4_text_align=&#8221;right&#8221; header_4_text_color=&#8221;#036EDA&#8221; background_image=&#8221;http:\/\/media2.frisksport.se\/2022\/02\/pil.png&#8221; background_size=&#8221;contain&#8221; background_position=&#8221;top_right&#8221; custom_padding=&#8221;5px|60px|||false|false&#8221; link_option_url=&#8221;https:\/\/frisksport.se&#8221; link_option_url_new_window=&#8221;on&#8221; locked=&#8221;off&#8221; global_colors_info=&#8221;{}&#8221;]<\/p>\n<h4>L\u00e4s mer p\u00e5 frisksport.se<\/h4>\n<p>[\/et_pb_text][\/et_pb_column][\/et_pb_row][\/et_pb_section]<\/p>\n","protected":false},"excerpt":{"rendered":"<p>Dokument Information och dokument Klicka p\u00e5 l\u00e4nken f\u00f6r att komma till v\u00e5r sida med nyhetsbrev och v\u00e4lkomstbrev till v\u00e5ra aktiviteter.Du kan ocks\u00e5 h\u00e4mta en reser\u00e4kning om du gjort resa eller [&hellip;]<\/p>\n","protected":false},"author":2,"featured_media":0,"parent":0,"menu_order":0,"comment_status":"closed","ping_status":"closed","template":"page-tpl-w-sticky-sidebar.php","meta":{"_acf_changed":false,"_et_pb_use_builder":"on","_et_pb_old_content":"","_et_gb_content_width":"","footnotes":""},"class_list":["post-16160","page","type-page","status-publish","hentry"],"acf":[],"_links":{"self":[{"href":"https:\/\/frisksport.se\/bjorken\/wp-json\/wp\/v2\/pages\/16160","targetHints":{"allow":["GET"]}}],"collection":[{"href":"https:\/\/frisksport.se\/bjorken\/wp-json\/wp\/v2\/pages"}],"about":[{"href":"https:\/\/frisksport.se\/bjorken\/wp-json\/wp\/v2\/types\/page"}],"author":[{"embeddable":true,"href":"https:\/\/frisksport.se\/bjorken\/wp-json\/wp\/v2\/users\/2"}],"replies":[{"embeddable":true,"href":"https:\/\/frisksport.se\/bjorken\/wp-json\/wp\/v2\/comments?post=16160"}],"version-history":[{"count":47,"href":"https:\/\/frisksport.se\/bjorken\/wp-json\/wp\/v2\/pages\/16160\/revisions"}],"predecessor-version":[{"id":18175,"href":"https:\/\/frisksport.se\/bjorken\/wp-json\/wp\/v2\/pages\/16160\/revisions\/18175"}],"wp:attachment":[{"href":"https:\/\/frisksport.se\/bjorken\/wp-json\/wp\/v2\/media?parent=16160"}],"curies":[{"name":"wp","href":"https:\/\/api.w.org\/{rel}","templated":true}]}}