{"id":16143,"date":"2020-10-02T09:40:46","date_gmt":"2020-10-02T07:40:46","guid":{"rendered":"https:\/\/frisksport.se\/falu\/?page_id=16143"},"modified":"2025-12-10T14:25:53","modified_gmt":"2025-12-10T13:25:53","slug":"bli-medlem","status":"publish","type":"page","link":"https:\/\/frisksport.se\/falun\/bli-medlem\/","title":{"rendered":"Bli medlem"},"content":{"rendered":"<p>[et_pb_section fb_built=&#8221;1&#8243; _builder_version=&#8221;4.16&#8243; _module_preset=&#8221;default&#8221; global_colors_info=&#8221;{}&#8221;][et_pb_row _builder_version=&#8221;4.27.4&#8243; _module_preset=&#8221;default&#8221; hover_enabled=&#8221;0&#8243; locked=&#8221;off&#8221; global_colors_info=&#8221;{}&#8221; admin_label=&#8221;medlemsavgifter&#8221; custom_margin=&#8221;0px||0px||true|false&#8221; module_id=&#8221;medlemsavgifter&#8221; sticky_enabled=&#8221;0&#8243;][et_pb_column type=&#8221;4_4&#8243; _builder_version=&#8221;4.16&#8243; _module_preset=&#8221;default&#8221; global_colors_info=&#8221;{}&#8221;][et_pb_divider color=&#8221;#051466&#8243; divider_weight=&#8221;2px&#8221; _builder_version=&#8221;4.17.4&#8243; _module_preset=&#8221;default&#8221; global_colors_info=&#8221;{}&#8221;][\/et_pb_divider][et_pb_text module_class=&#8221;tagged tagged-h6&#8243; _builder_version=&#8221;4.17.4&#8243; _module_preset=&#8221;default&#8221; hover_enabled=&#8221;0&#8243; global_colors_info=&#8221;{}&#8221; sticky_enabled=&#8221;0&#8243;]<\/p>\n<h6>S\u00e5 blir du medlem<\/h6>\n<h2>Medlemsavgifter<\/h2>\n<p>Enskild medlem t o m 20 \u00e5r &#8211; 100 kr\/\u00e5r<\/p>\n<p>Enskild medlem fr o m 21 \u00e5r &#8211; 150 kr\/\u00e5r<\/p>\n<p>Familj (inkl barn t o m 20 \u00e5r) &#8211; 300 kr\/\u00e5r<\/p>\n<p>Vi \u00e4r stolta \u00f6ver v\u00e5ra l\u00e5ga medlemsavgifter som vi kan h\u00e5lla tack vare engagemang fr\u00e5n v\u00e5ra fantastiska ideella ledare!<\/p>\n<p>F\u00f6r att fylla i din medlemsans\u00f6kan <a href=\"https:\/\/member.myclub.se\/pub\/forms\/6908\/gPaPFzdmwN\/\" target=\"_blank\" rel=\"noopener\">klicka h\u00e4r<\/a>.<\/p>\n<p><span>I klubbens lokala aktiviteter har vi begr\u00e4nsat antal deltagare f\u00f6r att ha tid f\u00f6r alla barn. Dessa popul\u00e4ra aktiviteter \u00e4r nu fulla men du kan st\u00e4lla dig i k\u00f6 genom at<\/span>t\u00a0<a href=\".\/kontakt\">klicka h\u00e4r<\/a>.<\/p>\n<p>[\/et_pb_text][\/et_pb_column][\/et_pb_row][et_pb_row _builder_version=&#8221;4.27.4&#8243; _module_preset=&#8221;default&#8221; admin_label=&#8221;medlemsforsakring&#8221; custom_margin=&#8221;0px||0px||true|false&#8221; module_id=&#8221;medlemsforsakring&#8221; hover_enabled=&#8221;0&#8243; sticky_enabled=&#8221;0&#8243;][et_pb_column _builder_version=&#8221;4.27.4&#8243; _module_preset=&#8221;default&#8221; type=&#8221;4_4&#8243;][et_pb_divider color=&#8221;#051466&#8243; divider_weight=&#8221;2px&#8221; _builder_version=&#8221;4.17.4&#8243; _module_preset=&#8221;default&#8221; global_colors_info=&#8221;{}&#8221;][\/et_pb_divider][et_pb_text module_class=&#8221;tagged tagged-h6&#8243; _builder_version=&#8221;4.17.4&#8243; _module_preset=&#8221;default&#8221; header_2_font=&#8221;Averta Bold||||||||&#8221; custom_margin=&#8221;||0px||false|false&#8221; hover_enabled=&#8221;0&#8243; locked=&#8221;off&#8221; global_colors_info=&#8221;{}&#8221; sticky_enabled=&#8221;0&#8243;]<\/p>\n<h6>Tryggt medlemskap<\/h6>\n<h2>Medlemsf\u00f6rs\u00e4kring<\/h2>\n<h5>Som medlem i Falu Frisksportklubb har du en olycksfallsf\u00f6rs\u00e4kring via Folksam som g\u00e4ller p\u00e5 alla frisksportaktiviteter du deltar i och \u00e4ven p\u00e5 resan dit och hem.<\/h5>\n<p>&nbsp;<\/p>\n<p>&nbsp;<\/p>\n<p>[\/et_pb_text][\/et_pb_column][\/et_pb_row][et_pb_row _builder_version=&#8221;4.27.4&#8243; _module_preset=&#8221;default&#8221; admin_label=&#8221;ditt-medlemsskap&#8221; custom_margin=&#8221;0px||0px||true|false&#8221; module_id=&#8221;ditt-medlemsskap&#8221;][et_pb_column _builder_version=&#8221;4.27.4&#8243; _module_preset=&#8221;default&#8221; type=&#8221;4_4&#8243;][et_pb_divider color=&#8221;#051466&#8243; divider_weight=&#8221;2px&#8221; _builder_version=&#8221;4.17.4&#8243; _module_preset=&#8221;default&#8221; global_colors_info=&#8221;{}&#8221;][\/et_pb_divider][et_pb_text module_class=&#8221;tagged tagged-h2&#8243; _builder_version=&#8221;4.27.3&#8243; _module_preset=&#8221;default&#8221; hover_enabled=&#8221;0&#8243; locked=&#8221;off&#8221; global_colors_info=&#8221;{}&#8221; sticky_enabled=&#8221;0&#8243;]<\/p>\n<h6>Ditt medlemsskap<\/h6>\n<h2>Det h\u00e4r g\u00e4ller<\/h2>\n<p><span><strong>Som medlem lovar du:<\/strong><br \/>att f\u00f6lja klubbens regler:<br \/>&#8211; Frisksportverksamhet \u00e4r helt fri fr\u00e5n tobak, alkohol och andra droger.<br \/>&#8211; Frisksportverksamhet \u00e4r fri fr\u00e5n all form av mobbning och rasism.<\/span><\/p>\n<p><span><strong>Som medlem\u00a0f\u00e5r du:<\/strong><br \/>&#8211; Tidningen Frisksport hem i brevl\u00e5dan.<br \/>&#8211; F\u00f6rs\u00e4kring under frisksportverksamhet och resan dit och hem.<br \/><\/span><span>&#8211; Aktuell information om klubben via mejl.<br \/>&#8211; Ha roligt tillsammans med likasinnade.<\/span><\/p>\n<p><strong>Medlemsbekr\u00e4ftelse<\/strong> (g\u00e4ller alla medlemmar)<br \/>Jag st\u00f6djer arbetet med h\u00e4lsosam verksamhet d\u00e4r alla \u00e4r v\u00e4lkomna. Jag avst\u00e5r fr\u00e5n alkohol*, tobak, nikotin, dopingpreparat och narkotika** i alla frisksportsammanhang.<\/p>\n<p><strong>Frisksportl\u00f6ftet <\/strong>(obligatoriskt f\u00f6r medlemmar 12-18 \u00e5r, frivilligt f\u00f6r vuxna)<br \/>Jag v\u00e4ljer att avst\u00e5 fr\u00e5n alkohol*, tobak, nikotin, dopingpreparat och narkotika** i alla sammanhang.<\/p>\n<p><em>*avser drycker med mer \u00e4n 2,25 volymprocent (= 1,8 viktprocent) alkohol.<br \/><\/em><em>**avser olaglig anv\u00e4ndning av narkotika, vilket ej innefattar l\u00e4kemedel utskrivet av l\u00e4kare.<\/em><\/p>\n<p>[\/et_pb_text][\/et_pb_column][\/et_pb_row][et_pb_row _builder_version=&#8221;4.27.4&#8243; _module_preset=&#8221;default&#8221; admin_label=&#8221;personuppgifter&#8221; custom_margin=&#8221;0px||0px||true|false&#8221; module_id=&#8221;personuppgifter&#8221; hover_enabled=&#8221;0&#8243; sticky_enabled=&#8221;0&#8243;][et_pb_column _builder_version=&#8221;4.27.4&#8243; _module_preset=&#8221;default&#8221; type=&#8221;4_4&#8243;][et_pb_divider color=&#8221;#051466&#8243; divider_weight=&#8221;2px&#8221; _builder_version=&#8221;4.17.4&#8243; _module_preset=&#8221;default&#8221; global_colors_info=&#8221;{}&#8221; admin_label=&#8221;Avdelare&#8221;][\/et_pb_divider][et_pb_text module_class=&#8221;tagged tagged-h6&#8243; _builder_version=&#8221;4.17.4&#8243; _module_preset=&#8221;default&#8221; hover_enabled=&#8221;0&#8243; locked=&#8221;off&#8221; global_colors_info=&#8221;{}&#8221; sticky_enabled=&#8221;0&#8243;]<\/p>\n<h6>S\u00e5 hanterar vi uppgifter<\/h6>\n<h2>Personuppgifter<\/h2>\n<p>Du som medlem har r\u00e4tt att veta vilken information vi samlar om dig, och vad den anv\u00e4nds till.<br \/>Ganska enkelt kan man s\u00e4ga att vi samlar dina personuppgifter i v\u00e5r medlemsregister, MyClub, samt i fakturajournaler. De enda som kommer \u00e5t dina personuppgifter \u00e4r f\u00f6retr\u00e4dare f\u00f6r klubben och f\u00f6rbundet. Vi delar aldrig dina uppgifter med n\u00e5gon och de anv\u00e4nds inte till marknadsf\u00f6ring i n\u00e5gon form.<\/p>\n<ul>\n<li>Klubben: S\u00e5 att vi kan skicka ut nyhetsbrev, kontakta anh\u00f6rig om n\u00e5got h\u00e4nder p\u00e5 en aktivitet samt s\u00f6ka bidrag till klubben.<\/li>\n<li>F\u00f6rbundet: F\u00f6r att skicka ut medlemstidningen samt f\u00f6r att medlemsf\u00f6rs\u00e4kringen ska g\u00e4lla under aktivitet.<\/li>\n<\/ul>\n<p>Du har r\u00e4tt att s\u00e4ga ifr\u00e5n att vi sparar dina uppgifter men m\u00e5ste d\u00e5 tas bort som medlem. Dina uppgifter sparas det \u00e5r du \u00e4r medlem samt n\u00e4stkommande \u00e5r, ifall du vill bli medlem igen. Sedan raderas alla uppgifter om dig i medlemsregistren.<\/p>\n<p>Vi kommer i samband med ut\u00e5triktade aktiviteter marknadsf\u00f6ra klubben med bilder fr\u00e5n klubbens aktiviteter. \u00c4r detta n\u00e5got du inte vill vara med p\u00e5 s\u00e5 s\u00e4g till i f\u00f6rv\u00e4g, s\u00e5 vi kan ordna bilderna s\u00e5 att du inte \u00e4r med. Samma sak g\u00e4ller klubbens interna och externa kommunikation, s\u00e5 som nyhetsbrev, flyers och hemsida.<\/p>\n<p>[\/et_pb_text][\/et_pb_column][\/et_pb_row][\/et_pb_section]<\/p>\n","protected":false},"excerpt":{"rendered":"<p>S\u00e5 blir du medlem Medlemsavgifter Enskild medlem t o m 20 \u00e5r &#8211; 100 kr\/\u00e5r Enskild medlem fr o m 21 \u00e5r &#8211; 150 kr\/\u00e5r Familj (inkl barn t o [&hellip;]<\/p>\n","protected":false},"author":2,"featured_media":0,"parent":0,"menu_order":0,"comment_status":"closed","ping_status":"closed","template":"page-tpl-w-sticky-sidebar.php","meta":{"_acf_changed":false,"_et_pb_use_builder":"on","_et_pb_old_content":"","_et_gb_content_width":"","footnotes":""},"class_list":["post-16143","page","type-page","status-publish","hentry"],"acf":[],"_links":{"self":[{"href":"https:\/\/frisksport.se\/falun\/wp-json\/wp\/v2\/pages\/16143","targetHints":{"allow":["GET"]}}],"collection":[{"href":"https:\/\/frisksport.se\/falun\/wp-json\/wp\/v2\/pages"}],"about":[{"href":"https:\/\/frisksport.se\/falun\/wp-json\/wp\/v2\/types\/page"}],"author":[{"embeddable":true,"href":"https:\/\/frisksport.se\/falun\/wp-json\/wp\/v2\/users\/2"}],"replies":[{"embeddable":true,"href":"https:\/\/frisksport.se\/falun\/wp-json\/wp\/v2\/comments?post=16143"}],"version-history":[{"count":42,"href":"https:\/\/frisksport.se\/falun\/wp-json\/wp\/v2\/pages\/16143\/revisions"}],"predecessor-version":[{"id":18772,"href":"https:\/\/frisksport.se\/falun\/wp-json\/wp\/v2\/pages\/16143\/revisions\/18772"}],"wp:attachment":[{"href":"https:\/\/frisksport.se\/falun\/wp-json\/wp\/v2\/media?parent=16143"}],"curies":[{"name":"wp","href":"https:\/\/api.w.org\/{rel}","templated":true}]}}