{"id":16813,"date":"2022-11-02T12:30:36","date_gmt":"2022-11-02T11:30:36","guid":{"rendered":"https:\/\/frisksport.se\/falutest\/?page_id=16813"},"modified":"2025-12-10T14:26:04","modified_gmt":"2025-12-10T13:26:04","slug":"cirkus","status":"publish","type":"page","link":"https:\/\/frisksport.se\/falun\/cirkus\/","title":{"rendered":"Cirkus"},"content":{"rendered":"<p>[et_pb_section fb_built=&#8221;1&#8243; _builder_version=&#8221;4.16&#8243; _module_preset=&#8221;default&#8221; global_colors_info=&#8221;{}&#8221;][et_pb_row admin_label=&#8221;sa-har-funkar-det&#8221; module_id=&#8221;sa-har-funkar-det&#8221; _builder_version=&#8221;4.27.4&#8243; _module_preset=&#8221;default&#8221; custom_margin=&#8221;0px||0px||true|false&#8221; global_colors_info=&#8221;{}&#8221;][et_pb_column type=&#8221;4_4&#8243; _builder_version=&#8221;4.16&#8243; _module_preset=&#8221;default&#8221; global_colors_info=&#8221;{}&#8221;][et_pb_divider color=&#8221;#051466&#8243; divider_weight=&#8221;2px&#8221; _builder_version=&#8221;4.17.4&#8243; _module_preset=&#8221;default&#8221; locked=&#8221;off&#8221; global_colors_info=&#8221;{}&#8221;][\/et_pb_divider][et_pb_text module_class=&#8221;tagged tagged-h6&#8243; _builder_version=&#8221;4.27.4&#8243; _module_preset=&#8221;default&#8221; global_colors_info=&#8221;{}&#8221;]<\/p>\n<h6>S\u00e5h\u00e4r funkar det<\/h6>\n<h2>Om cirkusskolan<\/h2>\n<h3>Var<\/h3>\n<p>Gamla H\u00e4lsingg\u00e5rdsskolans gymnastiksal, Korsningen Bj\u00f6rnb\u00e4rsv\u00e4gen\/Hasselv\u00e4gen (Om du skriver in\u00a0Hasselv\u00e4gen 22 p\u00e5 din GPS s\u00e5 kommer du i n\u00e4rheten), Falun<\/p>\n<h3>N\u00e4r<\/h3>\n<p>Tisdagar mellan klockan 18.00 till 19.45<\/p>\n<p>F\u00f6rsta timmen mellan 18.00-19.00 tr\u00e4nar vi med ledarledda \u00f6vningar.<\/p>\n<p>Mellan 19.00-19.45 s\u00e5 har vi fritr\u00e4ning d\u00e4r barnen tr\u00e4nar fritt p\u00e5 valfri aktivitet.<\/p>\n<p>H\u00f6stterminen 2025: P\u00e5g\u00e5r 2025-09-16 tom 2024-12-02. (Ingen tr\u00e4ning 28 oktober h\u00f6stlov)<\/p>\n<p>V\u00e5rterminen 2026: P\u00e5g\u00e5r 2026-01-20 tom 2026-04-28. (Ingen tr\u00e4ning 24 februari sportlov och 7 april p\u00e5sklov)<\/p>\n<h3>\u00c5lder<\/h3>\n<p>Cirkus kan alla h\u00e5lla p\u00e5 med s\u00e5v\u00e4l gammal som ung.<br \/>Vi rekommenderar att man minst ska ha fyllt 7 \u00e5r och d\u00e5 delta med m\u00e5lsmans s\u00e4llskap.<\/p>\n<p>I fritr\u00e4ningsdelen ska barn upp till \u00e5rskurs tre alltid ha en f\u00f6r\u00e4lder med sig som ansvarar f\u00f6r tr\u00e4ningen. Barn fr\u00e5n \u00e5rskurs fyra kan tr\u00e4na sj\u00e4lva under f\u00f6ruts\u00e4ttning att de sj\u00e4lva kan ta ansvar f\u00f6r sin tr\u00e4ning.<br \/>Om man \u00e4r yngre \u00e4n 7 \u00e5r finns v\u00e5r barngymnastikgrupp p\u00e5 m\u00e5ndagar.<\/p>\n<h3>Deltagaravgift<\/h3>\n<p>475 kr per termin. Deltagaravgiften faktureras via e-post till m\u00e5lsman.<br \/>I deltagaravgiften ing\u00e5r \u00e4ven f\u00f6rs\u00e4kring i Folksam samt medlemskap i Falu Frisksportklubb.<\/p>\n<h3>Anm\u00e4lan och mer information<\/h3>\n<p>V\u00e5r cirkusskola \u00e4r popul\u00e4r och vi har valt att begr\u00e4nsa antalet deltagare f\u00f6r att kunna ha tid med alla barn.\u00a0Normalt blir det lite oms\u00e4ttningar p\u00e5 deltagare mellan varje termin.\u00a0<span>Om du vill st\u00e4lla dig i k\u00f6 till cirkusskolan &#8211;\u00a0<\/span><span><a href=\"https:\/\/member.myclub.se\/public\/forms\/6500\/hGOmof4V8M\/\" target=\"_blank\" rel=\"noopener\">klicka h\u00e4r.<\/a>\u00a0<\/span>S\u00e5 fort en ledig plats dyker upp kontakter vi er i tur och ordning utifr\u00e5n n\u00e4r ni f\u00f6rst anm\u00e4lde intresse f\u00f6r ert barn.<\/p>\n<p>F\u00f6r mer information\u00a0<a href=\".\/kontakt\">kontakta oss<\/a><\/p>\n<p>[\/et_pb_text][\/et_pb_column][\/et_pb_row][\/et_pb_section]<\/p>\n","protected":false},"excerpt":{"rendered":"<p>S\u00e5h\u00e4r funkar det Om cirkusskolan Var Gamla H\u00e4lsingg\u00e5rdsskolans gymnastiksal, Korsningen Bj\u00f6rnb\u00e4rsv\u00e4gen\/Hasselv\u00e4gen (Om du skriver in\u00a0Hasselv\u00e4gen 22 p\u00e5 din GPS s\u00e5 kommer du i n\u00e4rheten), Falun N\u00e4r Tisdagar mellan klockan 18.00 [&hellip;]<\/p>\n","protected":false},"author":4,"featured_media":0,"parent":0,"menu_order":0,"comment_status":"closed","ping_status":"closed","template":"page-tpl-w-sticky-sidebar.php","meta":{"_acf_changed":false,"_et_pb_use_builder":"on","_et_pb_old_content":"","_et_gb_content_width":"","footnotes":""},"class_list":["post-16813","page","type-page","status-publish","hentry"],"acf":[],"_links":{"self":[{"href":"https:\/\/frisksport.se\/falun\/wp-json\/wp\/v2\/pages\/16813","targetHints":{"allow":["GET"]}}],"collection":[{"href":"https:\/\/frisksport.se\/falun\/wp-json\/wp\/v2\/pages"}],"about":[{"href":"https:\/\/frisksport.se\/falun\/wp-json\/wp\/v2\/types\/page"}],"author":[{"embeddable":true,"href":"https:\/\/frisksport.se\/falun\/wp-json\/wp\/v2\/users\/4"}],"replies":[{"embeddable":true,"href":"https:\/\/frisksport.se\/falun\/wp-json\/wp\/v2\/comments?post=16813"}],"version-history":[{"count":32,"href":"https:\/\/frisksport.se\/falun\/wp-json\/wp\/v2\/pages\/16813\/revisions"}],"predecessor-version":[{"id":18813,"href":"https:\/\/frisksport.se\/falun\/wp-json\/wp\/v2\/pages\/16813\/revisions\/18813"}],"wp:attachment":[{"href":"https:\/\/frisksport.se\/falun\/wp-json\/wp\/v2\/media?parent=16813"}],"curies":[{"name":"wp","href":"https:\/\/api.w.org\/{rel}","templated":true}]}}