{"id":16822,"date":"2022-11-02T12:37:35","date_gmt":"2022-11-02T11:37:35","guid":{"rendered":"https:\/\/frisksport.se\/falutest\/?page_id=16822"},"modified":"2026-01-16T11:43:24","modified_gmt":"2026-01-16T10:43:24","slug":"barngymnastik","status":"publish","type":"page","link":"https:\/\/frisksport.se\/falun\/barngymnastik\/","title":{"rendered":"Barngymnastik"},"content":{"rendered":"<p>[et_pb_section fb_built=&#8221;1&#8243; _builder_version=&#8221;4.16&#8243; _module_preset=&#8221;default&#8221; global_colors_info=&#8221;{}&#8221;][et_pb_row admin_label=&#8221;sa-har-funkar-det&#8221; module_id=&#8221;sa-har-funkar-det&#8221; _builder_version=&#8221;4.27.4&#8243; _module_preset=&#8221;default&#8221; custom_margin=&#8221;0px||0px||true|false&#8221; global_colors_info=&#8221;{}&#8221;][et_pb_column type=&#8221;4_4&#8243; _builder_version=&#8221;4.16&#8243; _module_preset=&#8221;default&#8221; global_colors_info=&#8221;{}&#8221;][et_pb_divider color=&#8221;#051466&#8243; divider_weight=&#8221;2px&#8221; _builder_version=&#8221;4.17.4&#8243; _module_preset=&#8221;default&#8221; locked=&#8221;off&#8221; global_colors_info=&#8221;{}&#8221;][\/et_pb_divider][et_pb_text module_class=&#8221;tagged tagged-h6&#8243; _builder_version=&#8221;4.17.4&#8243; _module_preset=&#8221;default&#8221; global_colors_info=&#8221;{}&#8221;]<\/p>\n<h6>S\u00e5h\u00e4r funkar det<\/h6>\n<h2>Om barngymnastiken<\/h2>\n<p><b>Var<\/b><\/p>\n<p><span style=\"font-size: 14px\">Gamla H\u00e4lsingg\u00e5rdsskolans gymnastiksal, Hasselv\u00e4gen 22, Falun<\/span><\/p>\n<p><b>N\u00e4r<\/b><\/p>\n<p>M\u00e5ndagar mellan klockan 17.00\u201318.30. Vi f\u00e5r tillg\u00e5ng till gymnastiksalen 17.10 och tr\u00e4ningen b\u00f6rjar 17.30<\/p>\n<p>H\u00f6stterminen 2025: P\u00e5g\u00e5r 2025-09-08 tom 2024-12-08 (Ingen tr\u00e4ning 27 oktober h\u00f6stlov).<\/p>\n<p>V\u00e5rterminen 2026: P\u00e5g\u00e5r 2026-01-19 tom 2026-04-27 (Ingen tr\u00e4ning 23 februari sportlov och 6 april p\u00e5sklov).<\/p>\n<p><b>\u00c5lder<\/b><\/p>\n<p>Barngympan v\u00e4nder sig till barn i \u00e5ldern 3-6 \u00e5r med tv\u00e5 grupper: familjegymnastik och barngymnastik.\u00a0Vi jobbar efter iden med &#8220;vuxenaktiv verksamhet&#8221; s\u00e5 vi ser g\u00e4rna att f\u00f6r\u00e4lder\/vuxen deltar i aktiviteten.<\/p>\n<p>I familjegymnastiken g\u00e5r de vuxna tillsammans med barnen.\u00a0I barngymnastiken \u00e4r n\u00e5gra vuxna aktiva med hela gruppen medan andra hj\u00e4lper till p\u00e5 annat h\u00e5ll.\u00a0Varje barn ska ha en f\u00f6r\u00e4lder\/vuxen p\u00e5 plats som kan hj\u00e4lpa till om barnet skulle bli ledsen eller beh\u00f6va st\u00f6d..<\/p>\n<p><b>Ledare<\/b><\/p>\n<p>Gordon, Anki, Eskil och Marina.<\/p>\n<p><b>Deltagaravgift<\/b><\/p>\n<p>200 kr per termin. Deltagaravgiften faktureras via e-post till m\u00e5lsman.<\/p>\n<p>I deltagaravgiften ing\u00e5r \u00e4ven f\u00f6rs\u00e4kring i Folksam samt medlemskap i Falu Frisksportklubb.<\/p>\n<p><b>Anm\u00e4lan och mer information<\/b><\/p>\n<p>V\u00e5r barngymnastik \u00e4r popul\u00e4r och vi har valt att begr\u00e4nsa antalet deltagare till 22 f\u00f6r att kunna ha tid med alla barn.\u00a0F\u00f6r att st\u00e4lla dig i k\u00f6 v\u00e4nligen fyll i formul\u00e4ret som du kommer till om du <a href=\"https:\/\/member.myclub.se\/pub\/forms\/6909\/TWQuvwKnl1\/\" target=\"_blank\" rel=\"noopener\"><span>klickar h\u00e4r<\/span><\/a>.\u00a0S\u00e5 fort en ledig plats dyker upp under terminen kontakter vi er i tur och ordning utifr\u00e5n n\u00e4r ni f\u00f6rst anm\u00e4lde intresse f\u00f6r ert barn.<\/p>\n<p>Om du som f\u00f6r\u00e4lder st\u00e4ller upp som ledare kan ditt barn f\u00e5 f\u00f6rtur.<\/p>\n<p>OBS! Ni m\u00e5ste f\u00f6rnya er k\u00f6plats varje termin.<\/p>\n<p>F\u00f6r mer information <a href=\".\/kontakt\"><span>kontakta oss<\/span><\/a><\/p>\n<p>[\/et_pb_text][\/et_pb_column][\/et_pb_row][\/et_pb_section]<\/p>\n","protected":false},"excerpt":{"rendered":"<p>S\u00e5h\u00e4r funkar det Om barngymnastiken Var Gamla H\u00e4lsingg\u00e5rdsskolans gymnastiksal, Hasselv\u00e4gen 22, Falun N\u00e4r M\u00e5ndagar mellan klockan 17.00\u201318.30. Vi f\u00e5r tillg\u00e5ng till gymnastiksalen 17.10 och tr\u00e4ningen b\u00f6rjar 17.30 H\u00f6stterminen 2025: P\u00e5g\u00e5r [&hellip;]<\/p>\n","protected":false},"author":4,"featured_media":0,"parent":0,"menu_order":0,"comment_status":"closed","ping_status":"closed","template":"page-tpl-w-sticky-sidebar.php","meta":{"_acf_changed":false,"_et_pb_use_builder":"on","_et_pb_old_content":"","_et_gb_content_width":"","footnotes":""},"class_list":["post-16822","page","type-page","status-publish","hentry"],"acf":[],"_links":{"self":[{"href":"https:\/\/frisksport.se\/falun\/wp-json\/wp\/v2\/pages\/16822","targetHints":{"allow":["GET"]}}],"collection":[{"href":"https:\/\/frisksport.se\/falun\/wp-json\/wp\/v2\/pages"}],"about":[{"href":"https:\/\/frisksport.se\/falun\/wp-json\/wp\/v2\/types\/page"}],"author":[{"embeddable":true,"href":"https:\/\/frisksport.se\/falun\/wp-json\/wp\/v2\/users\/4"}],"replies":[{"embeddable":true,"href":"https:\/\/frisksport.se\/falun\/wp-json\/wp\/v2\/comments?post=16822"}],"version-history":[{"count":25,"href":"https:\/\/frisksport.se\/falun\/wp-json\/wp\/v2\/pages\/16822\/revisions"}],"predecessor-version":[{"id":18839,"href":"https:\/\/frisksport.se\/falun\/wp-json\/wp\/v2\/pages\/16822\/revisions\/18839"}],"wp:attachment":[{"href":"https:\/\/frisksport.se\/falun\/wp-json\/wp\/v2\/media?parent=16822"}],"curies":[{"name":"wp","href":"https:\/\/api.w.org\/{rel}","templated":true}]}}