{"id":16836,"date":"2022-11-02T12:58:40","date_gmt":"2022-11-02T11:58:40","guid":{"rendered":"https:\/\/frisksport.se\/falutest\/?page_id=16836"},"modified":"2025-12-10T14:26:31","modified_gmt":"2025-12-10T13:26:31","slug":"skogsninja","status":"publish","type":"page","link":"https:\/\/frisksport.se\/falun\/skogsninja\/","title":{"rendered":"Skogsninja"},"content":{"rendered":"<p>[et_pb_section fb_built=&#8221;1&#8243; _builder_version=&#8221;4.16&#8243; _module_preset=&#8221;default&#8221; global_colors_info=&#8221;{}&#8221;][et_pb_row _builder_version=&#8221;4.27.4&#8243; _module_preset=&#8221;default&#8221; hover_enabled=&#8221;0&#8243; global_colors_info=&#8221;{}&#8221; admin_label=&#8221;sa-har-funkar-det&#8221; custom_margin=&#8221;0px||0px||true|false&#8221; module_id=&#8221;sa-har-funkar-det&#8221; sticky_enabled=&#8221;0&#8243;][et_pb_column type=&#8221;4_4&#8243; _builder_version=&#8221;4.16&#8243; _module_preset=&#8221;default&#8221; global_colors_info=&#8221;{}&#8221;][et_pb_divider color=&#8221;#051466&#8243; divider_weight=&#8221;2px&#8221; _builder_version=&#8221;4.17.4&#8243; _module_preset=&#8221;default&#8221; locked=&#8221;off&#8221; global_colors_info=&#8221;{}&#8221;][\/et_pb_divider][et_pb_text module_class=&#8221;tagged tagged-h6&#8243; _builder_version=&#8221;4.27.4&#8243; _module_preset=&#8221;default&#8221; hover_enabled=&#8221;0&#8243; global_colors_info=&#8221;{}&#8221; sticky_enabled=&#8221;0&#8243;]<\/p>\n<h6>S\u00e5h\u00e4r funkar det<\/h6>\n<h2>Om skogsninja<\/h2>\n<p><b>Var<\/b><\/p>\n<p>Utomhus och p\u00e5 olika st\u00e4llen. Plats presenteras minst en vecka i f\u00f6rv\u00e4g p\u00e5 Skogsninjas Facebooksida och presenteras \u00e4ven f\u00f6r Skogsninjor och vuxna vid varje tr\u00e4ningstillf\u00e4lle.<\/p>\n<p><b>N\u00e4r<\/b><\/p>\n<p>Onsdagar (Udda veckor) mellan klockan 18.15 till 19.30<\/p>\n<p>OBS! Se kalender f\u00f6r vilka onsdag som aktiviteten \u00e4r.\u00a0<\/p>\n<p><a href=\"https:\/\/frisksport.se\/falun\/kalender\/\">Kalender | Falu FK (frisksport.se)<\/a><\/p>\n<p><b>\u00c5lder<\/b><\/p>\n<p>F\u00f6r barn f\u00f6dda 2013-2015<\/p>\n<p><b>Ledare<\/b><\/p>\n<p>Marina Drivhav och Elin Gustafsson<\/p>\n<p><b>Deltagaravgift<\/b><\/p>\n<p>200 kr per termin och deltagare. Deltagaravgiften faktureras via e-post till m\u00e5lsman.<br \/>I deltagaravgiften ing\u00e5r \u00e4ven f\u00f6rs\u00e4kring i Folksam samt medlemskap i Falu Frisksportklubb.<\/p>\n<p><b>Anm\u00e4lan till k\u00f6lista<\/b><\/p>\n<p>V\u00e5r skogsninja \u00e4r popul\u00e4r och vi har valt att begr\u00e4nsa antalet deltagare f\u00f6r att kunna ha tid med alla barn.\u00a0F\u00f6r att st\u00e4lla dig i k\u00f6 v\u00e4nligen fyll i formul\u00e4ret som du kommer till om du\u00a0<a href=\"https:\/\/member.myclub.se\/public\/forms\/10633\/gkfOr8PSvg\/\" target=\"_blank\" rel=\"noopener\"><span>klickar h\u00e4r. <\/span><\/a>S\u00e5 fort en ledig plats dyker upp under terminen kontakter vi er i tur och ordning utifr\u00e5n n\u00e4r ni f\u00f6rst anm\u00e4lde intresse f\u00f6r ert barn.<\/p>\n<p>Om du som f\u00f6r\u00e4lder st\u00e4ller upp som ledare kan ditt barn f\u00e5 f\u00f6rtur.<\/p>\n<p><b>Information<\/b><\/p>\n<p>F\u00f6r mer information <a href=\".\/kontakt\"><span>kontakta oss<\/span><\/a><\/p>\n<p>[\/et_pb_text][et_pb_image src=&#8221;https:\/\/frisksport.se\/falun\/wp-content\/uploads\/sites\/11\/2023\/05\/skogsninja3.jpg&#8221; title_text=&#8221;skogsninja3&#8243; _builder_version=&#8221;4.17.4&#8243; _module_preset=&#8221;default&#8221; global_colors_info=&#8221;{}&#8221;][\/et_pb_image][et_pb_text _builder_version=&#8221;4.17.4&#8243; _module_preset=&#8221;default&#8221; global_colors_info=&#8221;{}&#8221;]<\/p>\n<p><em>Fotograf f\u00f6r de fina bilderna p\u00e5 skogsninjorna \u00e4r <a href=\"https:\/\/www.instagram.com\/ullesogonblick\/\" target=\"_blank\" rel=\"noopener\">Ulrika Lundholm Eriksson.<\/a><\/em><\/p>\n<p>[\/et_pb_text][\/et_pb_column][\/et_pb_row][\/et_pb_section]<\/p>\n","protected":false},"excerpt":{"rendered":"<p>S\u00e5h\u00e4r funkar det Om skogsninja Var Utomhus och p\u00e5 olika st\u00e4llen. Plats presenteras minst en vecka i f\u00f6rv\u00e4g p\u00e5 Skogsninjas Facebooksida och presenteras \u00e4ven f\u00f6r Skogsninjor och vuxna vid varje [&hellip;]<\/p>\n","protected":false},"author":4,"featured_media":0,"parent":0,"menu_order":0,"comment_status":"closed","ping_status":"closed","template":"page-tpl-w-sticky-sidebar.php","meta":{"_acf_changed":false,"_et_pb_use_builder":"on","_et_pb_old_content":"","_et_gb_content_width":"","footnotes":""},"class_list":["post-16836","page","type-page","status-publish","hentry"],"acf":[],"_links":{"self":[{"href":"https:\/\/frisksport.se\/falun\/wp-json\/wp\/v2\/pages\/16836","targetHints":{"allow":["GET"]}}],"collection":[{"href":"https:\/\/frisksport.se\/falun\/wp-json\/wp\/v2\/pages"}],"about":[{"href":"https:\/\/frisksport.se\/falun\/wp-json\/wp\/v2\/types\/page"}],"author":[{"embeddable":true,"href":"https:\/\/frisksport.se\/falun\/wp-json\/wp\/v2\/users\/4"}],"replies":[{"embeddable":true,"href":"https:\/\/frisksport.se\/falun\/wp-json\/wp\/v2\/comments?post=16836"}],"version-history":[{"count":28,"href":"https:\/\/frisksport.se\/falun\/wp-json\/wp\/v2\/pages\/16836\/revisions"}],"predecessor-version":[{"id":18805,"href":"https:\/\/frisksport.se\/falun\/wp-json\/wp\/v2\/pages\/16836\/revisions\/18805"}],"wp:attachment":[{"href":"https:\/\/frisksport.se\/falun\/wp-json\/wp\/v2\/media?parent=16836"}],"curies":[{"name":"wp","href":"https:\/\/api.w.org\/{rel}","templated":true}]}}