{"id":17434,"date":"2022-12-15T11:06:44","date_gmt":"2022-12-15T10:06:44","guid":{"rendered":"https:\/\/frisksport.se\/falun\/?page_id=17434"},"modified":"2026-01-22T18:08:54","modified_gmt":"2026-01-22T17:08:54","slug":"bollek-5-6-ar","status":"publish","type":"page","link":"https:\/\/frisksport.se\/falun\/bollek-5-6-ar\/","title":{"rendered":"Bollek 5\u20136 \u00e5r"},"content":{"rendered":"<p>[et_pb_section fb_built=&#8221;1&#8243; _builder_version=&#8221;4.16&#8243; _module_preset=&#8221;default&#8221; global_colors_info=&#8221;{}&#8221;][et_pb_row admin_label=&#8221;sa-har-funkar-det&#8221; module_id=&#8221;sa-har-funkar-det&#8221; _builder_version=&#8221;4.27.4&#8243; _module_preset=&#8221;default&#8221; custom_margin=&#8221;0px||0px||true|false&#8221; global_colors_info=&#8221;{}&#8221;][et_pb_column type=&#8221;4_4&#8243; _builder_version=&#8221;4.27.4&#8243; _module_preset=&#8221;default&#8221; global_colors_info=&#8221;{}&#8221;][et_pb_divider color=&#8221;#051466&#8243; divider_weight=&#8221;2px&#8221; _builder_version=&#8221;4.17.4&#8243; _module_preset=&#8221;default&#8221; locked=&#8221;off&#8221; global_colors_info=&#8221;{}&#8221;][\/et_pb_divider][et_pb_text module_class=&#8221;tagged tagged-h6&#8243; _builder_version=&#8221;4.27.4&#8243; _module_preset=&#8221;default&#8221; hover_enabled=&#8221;0&#8243; global_colors_info=&#8221;{}&#8221; sticky_enabled=&#8221;0&#8243;]<\/p>\n<h6>S\u00e5h\u00e4r funkar det<\/h6>\n<h2>Om bolleken<\/h2>\n<p><b>Var<\/b><\/p>\n<p>Fr\u00e4mbyskolans gymnastiksal, Torkils v\u00e4g 2, Falun<\/p>\n<p><b>N\u00e4r<\/b><\/p>\n<p>Onsdagar mellan klockan 18:30 till 19:30<br \/>From vecka 37 t o m vecka 47 (uppeh\u00e5ll v. 44 h\u00f6stlov).<br \/>V\u00e5rterminen 2026: P\u00e5g\u00e5r 2026-02-04 tom 2026-04-22 (Ingen tr\u00e4ning 25 februari sportlov och 8 april p\u00e5sklov).<\/p>\n<p><b>\u00c5lder<\/b><\/p>\n<p>5 till 6 \u00e5r (\u00e5lder vid terminsstart)<\/p>\n<p><b>Ledare<\/b><\/p>\n<p>Cecila St\u00e5lberg<br \/>Oskar Ostwald<br \/>Jenny Haritz<br \/>Fredrika Karlsson<\/p>\n<p><b>Deltagaravgift<\/b><\/p>\n<p>200 kr per termin.\u00a0Deltagaravgiften faktureras via e-post till m\u00e5lsman.<br \/>I deltagaravgiften ing\u00e5r \u00e4ven f\u00f6rs\u00e4kring i Folksam samt medlemskap i Falu Frisksportklubb.<\/p>\n<p><b>Anm\u00e4lan till k\u00f6lista<\/b><\/p>\n<p>V\u00e5r bollek \u00e4r popul\u00e4r och vi har valt att begr\u00e4nsa antalet deltagare f\u00f6r att kunna ha tid med alla barn.\u00a0F\u00f6r att st\u00e4lla dig i k\u00f6 v\u00e4nligen fyll i formul\u00e4ret som du kommer till om du<a href=\"https:\/\/member.myclub.se\/public\/forms\/11343\/6trlW1SAnE\/\" target=\"_blank\" rel=\"noopener\"> klickar h\u00e4r. <\/a>S\u00e5 fort en ledig plats dyker upp under terminen kontakter vi er i tur och ordning utifr\u00e5n n\u00e4r ni f\u00f6rst anm\u00e4lde intresse f\u00f6r ert barn.<\/p>\n<p>Om du som f\u00f6r\u00e4lder st\u00e4ller upp som ledare kan ditt barn f\u00e5 f\u00f6rtur.<\/p>\n<p><b>Information<\/b><\/p>\n<p>F\u00f6r mer information\u00a0<a href=\".\/kontakt\">kontakta oss<\/a><\/p>\n<p>[\/et_pb_text][\/et_pb_column][\/et_pb_row][\/et_pb_section]<\/p>\n","protected":false},"excerpt":{"rendered":"<p>S\u00e5h\u00e4r funkar det Om bolleken Var Fr\u00e4mbyskolans gymnastiksal, Torkils v\u00e4g 2, Falun N\u00e4r Onsdagar mellan klockan 18:30 till 19:30From vecka 37 t o m vecka 47 (uppeh\u00e5ll v. 44 h\u00f6stlov).V\u00e5rterminen [&hellip;]<\/p>\n","protected":false},"author":4,"featured_media":0,"parent":0,"menu_order":0,"comment_status":"closed","ping_status":"closed","template":"page-tpl-w-sticky-sidebar.php","meta":{"_acf_changed":false,"_et_pb_use_builder":"on","_et_pb_old_content":"","_et_gb_content_width":"","footnotes":""},"class_list":["post-17434","page","type-page","status-publish","hentry"],"acf":[],"_links":{"self":[{"href":"https:\/\/frisksport.se\/falun\/wp-json\/wp\/v2\/pages\/17434","targetHints":{"allow":["GET"]}}],"collection":[{"href":"https:\/\/frisksport.se\/falun\/wp-json\/wp\/v2\/pages"}],"about":[{"href":"https:\/\/frisksport.se\/falun\/wp-json\/wp\/v2\/types\/page"}],"author":[{"embeddable":true,"href":"https:\/\/frisksport.se\/falun\/wp-json\/wp\/v2\/users\/4"}],"replies":[{"embeddable":true,"href":"https:\/\/frisksport.se\/falun\/wp-json\/wp\/v2\/comments?post=17434"}],"version-history":[{"count":26,"href":"https:\/\/frisksport.se\/falun\/wp-json\/wp\/v2\/pages\/17434\/revisions"}],"predecessor-version":[{"id":18864,"href":"https:\/\/frisksport.se\/falun\/wp-json\/wp\/v2\/pages\/17434\/revisions\/18864"}],"wp:attachment":[{"href":"https:\/\/frisksport.se\/falun\/wp-json\/wp\/v2\/media?parent=17434"}],"curies":[{"name":"wp","href":"https:\/\/api.w.org\/{rel}","templated":true}]}}