{"id":18128,"date":"2023-05-11T10:58:32","date_gmt":"2023-05-11T08:58:32","guid":{"rendered":"https:\/\/frisksport.se\/falun\/?page_id=18128"},"modified":"2025-12-10T14:25:35","modified_gmt":"2025-12-10T13:25:35","slug":"ansokan-ersattning","status":"publish","type":"page","link":"https:\/\/frisksport.se\/falun\/ansokan-ersattning\/","title":{"rendered":"Ans\u00f6kan ers\u00e4ttning"},"content":{"rendered":"<p>[et_pb_section fb_built=&#8221;1&#8243; _builder_version=&#8221;4.16&#8243; _module_preset=&#8221;default&#8221; global_colors_info=&#8221;{}&#8221;][et_pb_row _builder_version=&#8221;4.27.4&#8243; _module_preset=&#8221;default&#8221; hover_enabled=&#8221;0&#8243; locked=&#8221;off&#8221; global_colors_info=&#8221;{}&#8221; sticky_enabled=&#8221;0&#8243;][et_pb_column type=&#8221;4_4&#8243; _builder_version=&#8221;4.16&#8243; _module_preset=&#8221;default&#8221; global_colors_info=&#8221;{}&#8221;][et_pb_text module_class=&#8221;breadcrumbs&#8221; _builder_version=&#8221;4.17.4&#8243; _dynamic_attributes=&#8221;content&#8221; _module_preset=&#8221;default&#8221; text_font=&#8221;Averta-Bold||||||||&#8221; locked=&#8221;off&#8221; global_colors_info=&#8221;{}&#8221;]@ET-DC@eyJkeW5hbWljIjp0cnVlLCJjb250ZW50IjoicG9zdF90aXRsZSIsInNldHRpbmdzIjp7ImJlZm9yZSI6IiIsImFmdGVyIjoiIn19@[\/et_pb_text][et_pb_text module_id=&#8221;om-frisksport&#8221; _builder_version=&#8221;4.17.4&#8243; _module_preset=&#8221;default&#8221; custom_margin=&#8221;||0px||false|false&#8221; global_colors_info=&#8221;{}&#8221;]<\/p>\n<h1>Resor och utl\u00e4gg<\/h1>\n<p>[\/et_pb_text][et_pb_text _builder_version=&#8221;4.17.4&#8243; _module_preset=&#8221;default&#8221; global_colors_info=&#8221;{}&#8221;]<\/p>\n<h4>H\u00e4r ans\u00f6ker du om ers\u00e4ttning f\u00f6r utl\u00e4gg eller resor som du gjort i egenskap av f\u00f6rtroendeuppdrag, ledaruppdrag eller liknande i Frisksport Falun. Ans\u00f6kan behandlas av ordf\u00f6rande och\/eller kass\u00f6r.<\/h4>\n<p>[\/et_pb_text][et_pb_image src=&#8221;https:\/\/frisksport.se\/motalatest\/wp-content\/uploads\/sites\/10\/2022\/10\/medlem.png&#8221; title_text=&#8221;medlem&#8221; disabled_on=&#8221;on|on|on&#8221; _builder_version=&#8221;4.17.4&#8243; _module_preset=&#8221;default&#8221; height=&#8221;100px&#8221; height_tablet=&#8221;100px&#8221; height_phone=&#8221;75px&#8221; height_last_edited=&#8221;on|phone&#8221; custom_css_main_element=&#8221;float:left;&#8221; border_radii=&#8221;on|90px|90px|90px|90px&#8221; disabled=&#8221;on&#8221; locked=&#8221;off&#8221; global_colors_info=&#8221;{}&#8221;][\/et_pb_image][et_pb_text disabled_on=&#8221;on|on|on&#8221; _builder_version=&#8221;4.17.4&#8243; _module_preset=&#8221;default&#8221; custom_margin=&#8221;60px|120px|60px|120px|false|true&#8221; custom_margin_tablet=&#8221;&#8221; custom_margin_phone=&#8221;30px|0px|50px|90px|false|false&#8221; custom_margin_last_edited=&#8221;on|phone&#8221; custom_padding=&#8221;||||false|false&#8221; disabled=&#8221;on&#8221; locked=&#8221;off&#8221; global_colors_info=&#8221;{}&#8221;]<\/p>\n<h5><span style=\"font-size: 16px;\"><strong>Namn Efternamn<\/strong><br \/><\/span>Uppdrag<\/h5>\n<p>[\/et_pb_text][et_pb_divider color=&#8221;#051466&#8243; divider_weight=&#8221;2px&#8221; _builder_version=&#8221;4.17.4&#8243; _module_preset=&#8221;default&#8221; global_colors_info=&#8221;{}&#8221;][\/et_pb_divider][et_pb_text module_class=&#8221;tagged tagged-h6&#8243; _builder_version=&#8221;4.17.4&#8243; _module_preset=&#8221;default&#8221; global_colors_info=&#8221;{}&#8221;]<\/p>\n<h6>Formul\u00e4r<\/h6>\n<h2>Fyll i uppgifter<\/h2>\n<div class=\"wpforms-container wpforms-container-full\" id=\"wpforms-18123\"><form id=\"wpforms-form-18123\" class=\"wpforms-validate wpforms-form wpforms-ajax-form\" data-formid=\"18123\" method=\"post\" enctype=\"multipart\/form-data\" action=\"\/falun\/wp-json\/wp\/v2\/pages\/18128?wpforms_form_id=18123\" data-token=\"4fd11c290aebb07f9c7bb86f4b70dcd2\" data-token-time=\"1776602528\"><noscript class=\"wpforms-error-noscript\">Aktivera JavaScript i din webbl\u00e4sare f\u00f6r att fylla i formul\u00e4ret.<\/noscript><div class=\"wpforms-field-container\"><div id=\"wpforms-18123-field_3-container\" class=\"wpforms-field wpforms-field-name\" data-field-id=\"3\"><label class=\"wpforms-field-label\" for=\"wpforms-18123-field_3\">Namn <span class=\"wpforms-required-label\">*<\/span><\/label><input type=\"text\" id=\"wpforms-18123-field_3\" class=\"wpforms-field-medium wpforms-field-required\" name=\"wpforms[fields][3]\" placeholder=\"Namn Efternamn\" required><\/div><div id=\"wpforms-18123-field_2-container\" class=\"wpforms-field wpforms-field-email\" data-field-id=\"2\"><label class=\"wpforms-field-label\" for=\"wpforms-18123-field_2\">E-post <span class=\"wpforms-required-label\">*<\/span><\/label><input type=\"email\" id=\"wpforms-18123-field_2\" class=\"wpforms-field-medium wpforms-field-required\" name=\"wpforms[fields][2]\" spellcheck=\"false\" required><\/div><div id=\"wpforms-18123-field_4-container\" class=\"wpforms-field wpforms-field-phone\" data-field-id=\"4\"><label class=\"wpforms-field-label\" for=\"wpforms-18123-field_4\">Telefonnummer <span class=\"wpforms-required-label\">*<\/span><\/label><input type=\"tel\" id=\"wpforms-18123-field_4\" class=\"wpforms-field-medium wpforms-field-required\" data-rule-int-phone-field=\"true\" name=\"wpforms[fields][4]\" aria-label=\"Telefonnummer\" required><\/div><div id=\"wpforms-18123-field_6-container\" class=\"wpforms-field wpforms-field-text\" data-field-id=\"6\"><label class=\"wpforms-field-label\" for=\"wpforms-18123-field_6\">Clearing- och kontonummer <span class=\"wpforms-required-label\">*<\/span><\/label><input type=\"text\" id=\"wpforms-18123-field_6\" class=\"wpforms-field-medium wpforms-field-required\" name=\"wpforms[fields][6]\" required><\/div><div id=\"wpforms-18123-field_7-container\" class=\"wpforms-field wpforms-field-text\" data-field-id=\"7\"><label class=\"wpforms-field-label\" for=\"wpforms-18123-field_7\">Bankens namn<\/label><input type=\"text\" id=\"wpforms-18123-field_7\" class=\"wpforms-field-medium\" name=\"wpforms[fields][7]\" ><\/div><div id=\"wpforms-18123-field_8-container\" class=\"wpforms-field wpforms-field-checkbox wpforms-conditional-trigger\" data-field-id=\"8\"><label class=\"wpforms-field-label\">Jag s\u00f6ker ers\u00e4ttning f\u00f6r <\/label><ul id=\"wpforms-18123-field_8\"><li class=\"choice-2 depth-1\"><input type=\"checkbox\" id=\"wpforms-18123-field_8_2\" name=\"wpforms[fields][8][]\" value=\"Resa\"  ><label class=\"wpforms-field-label-inline\" for=\"wpforms-18123-field_8_2\">Resa<\/label><\/li><li class=\"choice-1 depth-1\"><input type=\"checkbox\" id=\"wpforms-18123-field_8_1\" name=\"wpforms[fields][8][]\" value=\"Utl\u00e4gg\"  ><label class=\"wpforms-field-label-inline\" for=\"wpforms-18123-field_8_1\">Utl\u00e4gg<\/label><\/li><\/ul><div class=\"wpforms-field-description\">Kryssa b\u00e5da alternativen om du vill s\u00f6ker ers\u00e4ttning f\u00f6r b\u00e5de resa och utl\u00e4gg.<\/div><\/div><div id=\"wpforms-18123-field_9-container\" class=\"wpforms-field wpforms-field-divider wpforms-conditional-field wpforms-conditional-show\" data-field-id=\"9\" style=\"display:none;\"><h3 id=\"wpforms-18123-field_9\">Reseers\u00e4ttning<\/h3><\/div><div id=\"wpforms-18123-field_10-container\" class=\"wpforms-field wpforms-field-text wpforms-conditional-field wpforms-conditional-show\" data-field-id=\"10\" style=\"display:none;\"><label class=\"wpforms-field-label\" for=\"wpforms-18123-field_10\">Anledning till resan <span class=\"wpforms-required-label\">*<\/span><\/label><input type=\"text\" id=\"wpforms-18123-field_10\" class=\"wpforms-field-medium wpforms-field-required\" name=\"wpforms[fields][10]\" required><\/div><div id=\"wpforms-18123-field_11-container\" class=\"wpforms-field wpforms-field-text wpforms-conditional-field wpforms-conditional-show\" data-field-id=\"11\" style=\"display:none;\"><label class=\"wpforms-field-label\" for=\"wpforms-18123-field_11\">Datum f\u00f6r resan <span class=\"wpforms-required-label\">*<\/span><\/label><input type=\"text\" id=\"wpforms-18123-field_11\" class=\"wpforms-field-medium wpforms-field-required\" name=\"wpforms[fields][11]\" required><div class=\"wpforms-field-description\">Du kan ange tv\u00e5 datum om tur- och returresan gick olika datum.<\/div><\/div><div id=\"wpforms-18123-field_14-container\" class=\"wpforms-field wpforms-field-text wpforms-conditional-field wpforms-conditional-show\" data-field-id=\"14\" style=\"display:none;\"><label class=\"wpforms-field-label\" for=\"wpforms-18123-field_14\">Resan gick mellan orterna <span class=\"wpforms-required-label\">*<\/span><\/label><input type=\"text\" id=\"wpforms-18123-field_14\" class=\"wpforms-field-medium wpforms-field-required\" name=\"wpforms[fields][14]\" required><\/div><div id=\"wpforms-18123-field_13-container\" class=\"wpforms-field wpforms-field-text wpforms-conditional-field wpforms-conditional-show\" data-field-id=\"13\" style=\"display:none;\"><label class=\"wpforms-field-label\" for=\"wpforms-18123-field_13\">Antal mil och kostnad (vid resa med bil)<\/label><input type=\"text\" id=\"wpforms-18123-field_13\" class=\"wpforms-field-medium\" name=\"wpforms[fields][13]\" ><div class=\"wpforms-field-description\">Reseers\u00e4ttning utg\u00e5r med 25 kr\/mil. V\u00e4nligen ange b\u00e5de antal mil och r\u00e4kna ut kostnaden.<\/div><\/div><div id=\"wpforms-18123-field_15-container\" class=\"wpforms-field wpforms-field-text wpforms-conditional-field wpforms-conditional-show\" data-field-id=\"15\" style=\"display:none;\"><label class=\"wpforms-field-label\" for=\"wpforms-18123-field_15\">Biljettkostnad summa (vid resa med kollektivtrafik)<\/label><input type=\"text\" id=\"wpforms-18123-field_15\" class=\"wpforms-field-medium\" name=\"wpforms[fields][15]\" ><div class=\"wpforms-field-description\">Observera att du m\u00e5ste bifoga biljett eller kvitto l\u00e4ngst ned. Om du exempelvis k\u00f6pt biljett via mobilapp kan du ta en sk\u00e4rmdump p\u00e5 biljetten. Hela biljetten m\u00e5ste synas. Om du har flera biljetter anger du den totala summan h\u00e4r och bifogar alla biljetter nedan.<\/div><\/div><div id=\"wpforms-18123-field_16-container\" class=\"wpforms-field wpforms-field-divider wpforms-conditional-field wpforms-conditional-show\" data-field-id=\"16\" style=\"display:none;\"><h3 id=\"wpforms-18123-field_16\">Utl\u00e4gg<\/h3><\/div><div id=\"wpforms-18123-field_17-container\" class=\"wpforms-field wpforms-field-textarea wpforms-conditional-field wpforms-conditional-show\" data-field-id=\"17\" style=\"display:none;\"><label class=\"wpforms-field-label\" for=\"wpforms-18123-field_17\">Utl\u00e4ggens anledning och kostnad <span class=\"wpforms-required-label\">*<\/span><\/label><textarea id=\"wpforms-18123-field_17\" class=\"wpforms-field-medium wpforms-field-required\" name=\"wpforms[fields][17]\" required><\/textarea><div class=\"wpforms-field-description\">Skriv in alla dina utl\u00e4gg i samma ruta. Gl\u00f6m ej bifoga kvitton. Exempel: Lunch Pizzeria Arena, styrelsetr\u00e4ff, 430 kr. <\/div><\/div><div id=\"wpforms-18123-field_18-container\" class=\"wpforms-field wpforms-field-file-upload\" data-field-id=\"18\"><label class=\"wpforms-field-label\" for=\"wpforms-18123-field_18\">Ladda upp eventuella kvitton<\/label><div\n\t\tclass=\"wpforms-uploader \"\n\t\tdata-field-id=\"18\"\n\t\tdata-form-id=\"18123\"\n\t\tdata-input-name=\"wpforms_18123_18\"\n\t\tdata-extensions=\"jpg,jpeg,jpe,png,gif,mov,qt,avif,avi,mpeg,mpg,mpe,3gp,3gpp,3g2,3gp2,mid,midi,pdf,doc,docx,docm,pot,pps,ppt,pptx,pptm,odt,ppsx,ppsm,xla,xls,xlt,xlw,xlsx,xlsm,xlsb,key,mp3,m4a,m4b,ogg,oga,flac,wav,mp4,m4v,webm,ogv,7z,bz2,eot,otf,tgz,txz,txt,ttf,woff,woff2,xz,zip\"\n\t\tdata-max-size=\"8192000\"\n\t\tdata-max-file-number=\"10\"\n\t\tdata-post-max-size=\"8192000\"\n\t\tdata-max-parallel-uploads=\"4\"\n\t\tdata-parallel-uploads=\"true\"\n\t\tdata-file-chunk-size=\"2097152\">\n\t<div class=\"dz-message\">\n\t\t<svg  viewBox=\"0 0 640 640\" focusable=\"false\" data-icon=\"inbox\" width=\"50px\" height=\"50px\" fill=\"currentColor\" aria-hidden=\"true\">\n\t\t\t<path d=\"M352 173.3L352 384C352 401.7 337.7 416 320 416C302.3 416 288 401.7 288 384L288 173.3L246.6 214.7C234.1 227.2 213.8 227.2 201.3 214.7C188.8 202.2 188.8 181.9 201.3 169.4L297.3 73.4C309.8 60.9 330.1 60.9 342.6 73.4L438.6 169.4C451.1 181.9 451.1 202.2 438.6 214.7C426.1 227.2 405.8 227.2 393.3 214.7L352 173.3zM320 464C364.2 464 400 428.2 400 384L480 384C515.3 384 544 412.7 544 448L544 480C544 515.3 515.3 544 480 544L160 544C124.7 544 96 515.3 96 480L96 448C96 412.7 124.7 384 160 384L240 384C240 428.2 275.8 464 320 464zM464 488C477.3 488 488 477.3 488 464C488 450.7 477.3 440 464 440C450.7 440 440 450.7 440 464C440 477.3 450.7 488 464 488z\"\/>\n\t\t<\/svg>\n\n\t\t<span class=\"modern-title\">\n\t\t\t\t\t\t\tDrag &amp; Drop Files, \t\t\t\t<span>Choose Files to Upload<\/span>\n\t\t\t\t\t<\/span>\n\n\t\t\t\t\t<span class=\"modern-hint\">Du kan ladda upp upp till 10 filer.<\/span>\n\t\t\t<\/div>\n<\/div>\n\n<input\n\t\ttype=\"text\"\n\t\tautocomplete=\"off\"\n\t\treadonly\n\t\tclass=\"dropzone-input\"\n\t\tstyle=\"position:absolute!important;clip:rect(0,0,0,0)!important;height:1px!important;width:1px!important;border:0!important;overflow:hidden!important;padding:0!important;margin:0!important;\"\n\t\tid=\"wpforms-18123-field_18\"\n\t\tname=\"wpforms_18123_18\" \t\tvalue=\"\">\n<div class=\"wpforms-field-description\">Du kan maximalt ladda upp 10 filer. Det g\u00e5r bra med bilder p\u00e5 kvitton, s\u00e5 l\u00e4nge det g\u00e5r att l\u00e4sa vad som st\u00e5r. <\/div><\/div><div id=\"wpforms-18123-field_21-container\" class=\"wpforms-field wpforms-field-text\" data-field-id=\"21\"><label class=\"wpforms-field-label\" for=\"wpforms-18123-field_21\">Total kostnad du s\u00f6ker ers\u00e4ttning f\u00f6r <span class=\"wpforms-required-label\">*<\/span><\/label><input type=\"text\" id=\"wpforms-18123-field_21\" class=\"wpforms-field-medium wpforms-field-required\" name=\"wpforms[fields][21]\" required><div class=\"wpforms-field-description\">R\u00e4kna ihop alla dina utgifter och skriv den totala summan h\u00e4r.<\/div><\/div><\/div><!-- .wpforms-field-container --><div class=\"wpforms-submit-container\" ><input type=\"hidden\" name=\"wpforms[id]\" value=\"18123\"><input type=\"hidden\" name=\"page_title\" value=\"\"><input type=\"hidden\" name=\"page_url\" value=\"https:\/\/frisksport.se\/falun\/wp-json\/wp\/v2\/pages\/18128\"><input type=\"hidden\" name=\"url_referer\" value=\"\"><button type=\"submit\" name=\"wpforms[submit]\" id=\"wpforms-submit-18123\" class=\"wpforms-submit\" data-alt-text=\"Skickar \u2026\" data-submit-text=\"Skicka\" aria-live=\"assertive\" value=\"wpforms-submit\">Skicka<\/button><img loading=\"lazy\" decoding=\"async\" src=\"https:\/\/frisksport.se\/falun\/wp-content\/plugins\/wpforms\/assets\/images\/submit-spin.svg\" class=\"wpforms-submit-spinner\" style=\"display: none;\" width=\"26\" height=\"26\" alt=\"Laddar\"><\/div><\/form><\/div>  <!-- .wpforms-container -->\n<p>[\/et_pb_text][et_pb_divider color=&#8221;#051466&#8243; divider_weight=&#8221;2px&#8221; _builder_version=&#8221;4.17.4&#8243; _module_preset=&#8221;default&#8221; global_colors_info=&#8221;{}&#8221;][\/et_pb_divider][\/et_pb_column][\/et_pb_row][\/et_pb_section]<\/p>\n","protected":false},"excerpt":{"rendered":"<p>Resor och utl\u00e4ggH\u00e4r ans\u00f6ker du om ers\u00e4ttning f\u00f6r utl\u00e4gg eller resor som du gjort i egenskap av f\u00f6rtroendeuppdrag, ledaruppdrag eller liknande i Frisksport Falun. Ans\u00f6kan behandlas av ordf\u00f6rande och\/eller kass\u00f6r.Namn [&hellip;]<\/p>\n","protected":false},"author":4,"featured_media":0,"parent":0,"menu_order":0,"comment_status":"closed","ping_status":"closed","template":"","meta":{"_acf_changed":false,"_et_pb_use_builder":"on","_et_pb_old_content":"<!-- wp:wpforms\/form-selector {\"formId\":\"18123\"} \/-->","_et_gb_content_width":"","footnotes":""},"class_list":["post-18128","page","type-page","status-publish","hentry"],"acf":[],"_links":{"self":[{"href":"https:\/\/frisksport.se\/falun\/wp-json\/wp\/v2\/pages\/18128","targetHints":{"allow":["GET"]}}],"collection":[{"href":"https:\/\/frisksport.se\/falun\/wp-json\/wp\/v2\/pages"}],"about":[{"href":"https:\/\/frisksport.se\/falun\/wp-json\/wp\/v2\/types\/page"}],"author":[{"embeddable":true,"href":"https:\/\/frisksport.se\/falun\/wp-json\/wp\/v2\/users\/4"}],"replies":[{"embeddable":true,"href":"https:\/\/frisksport.se\/falun\/wp-json\/wp\/v2\/comments?post=18128"}],"version-history":[{"count":7,"href":"https:\/\/frisksport.se\/falun\/wp-json\/wp\/v2\/pages\/18128\/revisions"}],"predecessor-version":[{"id":18761,"href":"https:\/\/frisksport.se\/falun\/wp-json\/wp\/v2\/pages\/18128\/revisions\/18761"}],"wp:attachment":[{"href":"https:\/\/frisksport.se\/falun\/wp-json\/wp\/v2\/media?parent=18128"}],"curies":[{"name":"wp","href":"https:\/\/api.w.org\/{rel}","templated":true}]}}