{"id":16143,"date":"2020-10-02T09:40:46","date_gmt":"2020-10-02T07:40:46","guid":{"rendered":"https:\/\/frisksport.se\/ljungsbro\/?page_id=16143"},"modified":"2025-12-17T09:10:20","modified_gmt":"2025-12-17T08:10:20","slug":"bli-medlem","status":"publish","type":"page","link":"https:\/\/frisksport.se\/ljungsbro\/bli-medlem\/","title":{"rendered":"Bli medlem"},"content":{"rendered":"<p>[et_pb_section fb_built=&#8221;1&#8243; _builder_version=&#8221;4.27.4&#8243; _module_preset=&#8221;default&#8221; global_colors_info=&#8221;{}&#8221;][et_pb_row admin_label=&#8221;sa-blir-du-medlem&#8221; module_id=&#8221;sa-blir-du-medlem&#8221; _builder_version=&#8221;4.27.4&#8243; _module_preset=&#8221;default&#8221; custom_margin=&#8221;0px||0px||true|false&#8221; locked=&#8221;off&#8221; global_colors_info=&#8221;{}&#8221;][et_pb_column type=&#8221;4_4&#8243; _builder_version=&#8221;4.16&#8243; _module_preset=&#8221;default&#8221; global_colors_info=&#8221;{}&#8221;][et_pb_divider _builder_version=&#8221;4.27.4&#8243; _module_preset=&#8221;default&#8221; hover_enabled=&#8221;0&#8243; sticky_enabled=&#8221;0&#8243;][\/et_pb_divider][et_pb_text module_class=&#8221;tagged tagged-h6&#8243; _builder_version=&#8221;4.27.4&#8243; _module_preset=&#8221;default&#8221; global_colors_info=&#8221;{}&#8221;]<\/p>\n<h6>Hur funkar det?<\/h6>\n<h2>S\u00e5 blir du medlem<\/h2>\n<div class=\"ce_text block\">\n<p>V\u00e5rt verksamhets\u00e5r str\u00e4cker sig fr\u00e5n 1\/7 &#8211; 31\/6. Du betalar f\u00f6r hela verksamhets\u00e5ret, oavsett n\u00e4r p\u00e5 h\u00f6stterminen du b\u00f6rjar. Om du b\u00f6rjar efter ny\u00e5r betalar du halverad medlemsavgift och tr\u00e4ningsavgift fram till sommaren.<\/p>\n<p>Du blir medlem i tv\u00e5 steg:<\/p>\n<ol>\n<li>Betala medlemsavgift och ev. tr\u00e4ningsavgift.<\/li>\n<li>Fyll i dina uppgifter<\/li>\n<\/ol>\n<p>H\u00e4r nedan ser du vilka medlemsavgifter som g\u00e4ller, hur du betalar in och var du anger dina uppgifter!<\/p>\n<h3>Medlemsavgift f\u00f6r verksamhets\u00e5ret 2025-2026<\/h3>\n<table border=\"0\" width=\"224\">\n<tbody>\n<tr>\n<td><span>Barn\/ungdom <\/span><\/td>\n<td><span>200 kr\/\u00e5r <\/span><\/td>\n<\/tr>\n<tr>\n<td><span>Vuxen <\/span><\/td>\n<td><span>200 kr\/\u00e5r<\/span><\/td>\n<\/tr>\n<tr>\n<td><span>Familj <\/span><\/td>\n<td><span>500 kr\/\u00e5r<br \/><\/span><\/td>\n<\/tr>\n<\/tbody>\n<\/table>\n<p>Medlemsavgift betalar alla som vill vara medlem i klubben, vuxna som barn.<\/p>\n<h3>Tr\u00e4ningsavgift<\/h3>\n<table border=\"0\" width=\"224\">\n<tbody>\n<tr>\n<td><span>Barn\/ungdom <\/span><\/td>\n<td><span>200 kr\/\u00e5r <\/span><\/td>\n<\/tr>\n<tr>\n<td><span>Vuxen <\/span><\/td>\n<td><span>200 kr\/\u00e5r<\/span><\/td>\n<\/tr>\n<tr>\n<td><span>Familj <\/span><\/td>\n<td><span>400 kr\/\u00e5r <\/span><\/td>\n<\/tr>\n<\/tbody>\n<\/table>\n<p>Tr\u00e4ningsavgift betalar alla som vill delta i n\u00e5gon av v\u00e5ra tr\u00e4ningar i Frisksport Ljungsbro och Frisksport Ljungsbro Ungdom; familjegympa, gympalek, cirkus eller trampolin. Du betalar bara en tr\u00e4ningsavgift \u00e4ven om du eller din familj deltar i flera tr\u00e4ningsgrupper i b\u00e5da klubbarna.<\/p>\n<p>Enskild medlem som deltar i n\u00e5gon tr\u00e4ningsgrupp betalar allts\u00e5 400 kr\/\u00e5r.<\/p>\n<p>Familj som deltar i en eller flera tr\u00e4ningar betalar allts\u00e5 900 kr\/\u00e5r.<\/p>\n<h3><\/h3>\n<h3>Steg 1 \u2013 Betala din avgift<\/h3>\n<p>Vi har tv\u00e5 separata klubbar som samarbetar. Beroende p\u00e5 vilken verksamhet ni \u00e4r med i betalar ni d\u00e4rf\u00f6r till olika bankgironummer.<\/p>\n<p>\u2013 Ni som g\u00e5r p\u00e5 familjegympan betalar avgift p\u00e5 bankgiro 602-5167 (Frisksport Ljungsbro) eller swisha till 123 175 79 62. OBS! Ange alltid namn p\u00e5 alla personer som avgiften avser. Tex. Johan, Johanna, Jan Johansson (skriv EJ: &#8220;familjen Johansson)<\/p>\n<p>\u2013 Ni som tr\u00e4nar cirkus och\/eller trampolin betalar avgiften p\u00e5 bankgiro 579-5968 (Frisksport Ljungsbro Ungdom) eller swisha till 123 175 79 62. OBS! Ange alltid namn p\u00e5 alla personer som avgiften avser. Tex. Johan, Johanna, Jan Johansson (skriv EJ: &#8220;familjen Johansson)<\/p>\n<p>\u2013 Deltar familjen i b\u00e5da klubbarnas verksamhet (tex. familjegympa och cirkus) s\u00e5 betala familjeavgiften till bankgiro 579-5968 (Frisksport Ljungsbro Ungdom) eller swisha till 123 175 79 62.<\/p>\n<p>Vi har en del medlemmar som inte deltar i n\u00e5gon av v\u00e5ra regelbundna tr\u00e4ningar, dessa betalar endast medlemsavgift. Tumregeln \u00e4r d\u00e5 att om du eller n\u00e5gon i din familj (vid familjeavgift) \u00e4r mellan 6-25 \u00e5r betala till bankgiro 579-5968 (Frisksport Ljungsbro Ungdom) eller swisha till 123 175 79 62.. Var \u00e4ven h\u00e4r noga med att ange namnen p\u00e5 alla som avgiften avser.<\/p>\n<h3><\/h3>\n<h3>Steg 2 \u2013 Registrera dig<\/h3>\n<p>F\u00f6r att du ni ska kunna bli registrerade som medlemmar beh\u00f6ver ni komplettera inbetalningen med uppgifter om dig\/er. Det g\u00f6r ni genom att <a href=\"\/\/member.myclub.se\/public\/forms\/8013\/ly45zEaI6d\/\" target=\"_blank\" rel=\"noopener\">fylla i det h\u00e4r formul\u00e4ret<\/a>. Vill du veta mer om varf\u00f6r vi beh\u00f6ver personuppgifter fr\u00e5n dig och vad vi anv\u00e4nder dem till <a href=\"http:\/\/media2.frisksport.se\/2023\/01\/Datapolicy-bada-forbunden-antagen-220123.pdf\" target=\"_blank\" rel=\"noopener\">hittar du information h\u00e4r.<\/a><\/p>\n<p><span>N\u00e4r du b\u00e5de <strong>betalat medlemsavgiften<\/strong> och <strong>registrerat dina uppgifter<\/strong> \u00e4r du medlem. V\u00e4lkommen!<\/span><\/p>\n<h3><\/h3>\n<h3>Varf\u00f6r har vi skiljt p\u00e5 medlemsavgift och tr\u00e4ningsavgift?<\/h3>\n<p>F\u00f6rutom medlemmar som deltar i tr\u00e4ningar varje vecka har vi ocks\u00e5 en del som \u00e4r medlemmar bara f\u00f6r att \u00e5ka p\u00e5 l\u00e4ger tillsammans med oss och t\u00e4vla f\u00f6r klubben. N\u00e5gon kanske bara vill vara med och st\u00f6jda klubben. F\u00f6r dessa medlemmar har vi inte s\u00e5 stora omkostnader i form av hallhyra och material och vi tycker d\u00e4rf\u00f6r att det \u00e4r schyst att dela upp avgiften i en medlemsavgift och en tr\u00e4ningsavgift. Alla som tr\u00e4nar med oss m\u00e5ste dock vara medlemmar i klubben.<\/p>\n<p>Medlemskapet medf\u00f6r ocks\u00e5 medlemskap i Svenska Frisksportf\u00f6rbundet och\/eller Frisksportens Ungdomsf\u00f6rbund, en olycksfallsf\u00f6rs\u00e4kring i Folksam under frisksportaktiviteter samt f\u00f6rbundstidningen &#8220;Frisksport&#8221; till varje medlemshush\u00e5ll. Som medlem f\u00e5r du \u00e5ka p\u00e5 alla f\u00f6rbundsarrangerade aktiviteter och resor.<\/p>\n<p>&nbsp;<\/p>\n<h3>Medlemsf\u00f6rs\u00e4kran och Frisksportl\u00f6fte<\/h3>\n<p>Alla medlemmar avger medlemsbekr\u00e4ftelse. Dessutom finns frisksportl\u00f6ftet som \u00e4r obligatoriskt f\u00f6r medlem som fyllt 12 men inte 18 \u00e5r och frivilligt f\u00f6r \u00f6vriga.<span><strong><\/strong><\/span><\/p>\n<ul>\n<li><strong>Medlemsbekr\u00e4ftelse<\/strong> (g\u00e4ller alla medlemmar)<br \/>Jag st\u00f6djer arbetet med h\u00e4lsosam verksamhet d\u00e4r alla \u00e4r v\u00e4lkomna. Jag avst\u00e5r fr\u00e5n alkohol*, tobak, nikotin, dopingpreparat och narkotika** i alla frisksportsammanhang.<\/li>\n<li><strong>Frisksportl\u00f6ftet <\/strong>(obligatoriskt f\u00f6r medlemmar 12-18 \u00e5r, frivilligt f\u00f6r vuxna)<br \/>Jag v\u00e4ljer att avst\u00e5 fr\u00e5n alkohol*, tobak, nikotin, dopingpreparat och narkotika** i alla sammanhang.<\/li>\n<\/ul>\n<ul><\/ul>\n<div class=\"ql-block\" data-block-id=\"block-a12c6dce-4ce4-41d1-817f-698448d17554\"><em>*avser drycker med mer \u00e4n 2,25 volymprocent (= 1,8 viktprocent) alkohol.<br \/><\/em><em>**avser olaglig anv\u00e4ndning av narkotika, vilket ej innefattar l\u00e4kemedel utskrivet av l\u00e4kare.<\/em><\/div>\n<\/div>\n<p>[\/et_pb_text][\/et_pb_column][\/et_pb_row][\/et_pb_section]<\/p>\n","protected":false},"excerpt":{"rendered":"<p>Hur funkar det? S\u00e5 blir du medlem V\u00e5rt verksamhets\u00e5r str\u00e4cker sig fr\u00e5n 1\/7 &#8211; 31\/6. Du betalar f\u00f6r hela verksamhets\u00e5ret, oavsett n\u00e4r p\u00e5 h\u00f6stterminen du b\u00f6rjar. Om du b\u00f6rjar efter [&hellip;]<\/p>\n","protected":false},"author":2,"featured_media":0,"parent":0,"menu_order":0,"comment_status":"closed","ping_status":"closed","template":"page-tpl-w-sticky-sidebar.php","meta":{"_acf_changed":false,"_et_pb_use_builder":"on","_et_pb_old_content":"","_et_gb_content_width":"","footnotes":""},"class_list":["post-16143","page","type-page","status-publish","hentry"],"acf":[],"_links":{"self":[{"href":"https:\/\/frisksport.se\/ljungsbro\/wp-json\/wp\/v2\/pages\/16143","targetHints":{"allow":["GET"]}}],"collection":[{"href":"https:\/\/frisksport.se\/ljungsbro\/wp-json\/wp\/v2\/pages"}],"about":[{"href":"https:\/\/frisksport.se\/ljungsbro\/wp-json\/wp\/v2\/types\/page"}],"author":[{"embeddable":true,"href":"https:\/\/frisksport.se\/ljungsbro\/wp-json\/wp\/v2\/users\/2"}],"replies":[{"embeddable":true,"href":"https:\/\/frisksport.se\/ljungsbro\/wp-json\/wp\/v2\/comments?post=16143"}],"version-history":[{"count":39,"href":"https:\/\/frisksport.se\/ljungsbro\/wp-json\/wp\/v2\/pages\/16143\/revisions"}],"predecessor-version":[{"id":17952,"href":"https:\/\/frisksport.se\/ljungsbro\/wp-json\/wp\/v2\/pages\/16143\/revisions\/17952"}],"wp:attachment":[{"href":"https:\/\/frisksport.se\/ljungsbro\/wp-json\/wp\/v2\/media?parent=16143"}],"curies":[{"name":"wp","href":"https:\/\/api.w.org\/{rel}","templated":true}]}}