{"id":16160,"date":"2020-10-02T09:56:54","date_gmt":"2020-10-02T07:56:54","guid":{"rendered":"https:\/\/frisksport.se\/ljungsbro\/?page_id=16160"},"modified":"2025-12-17T09:23:47","modified_gmt":"2025-12-17T08:23:47","slug":"om","status":"publish","type":"page","link":"https:\/\/frisksport.se\/ljungsbro\/om\/","title":{"rendered":"Om oss"},"content":{"rendered":"<p>[et_pb_section fb_built=&#8221;1&#8243; _builder_version=&#8221;4.16&#8243; _module_preset=&#8221;default&#8221; global_colors_info=&#8221;{}&#8221;][et_pb_row _builder_version=&#8221;4.27.4&#8243; _module_preset=&#8221;default&#8221; width_tablet=&#8221;80%&#8221; width_phone=&#8221;85%&#8221; width_last_edited=&#8221;off|desktop&#8221; hover_enabled=&#8221;0&#8243; locked=&#8221;off&#8221; global_colors_info=&#8221;{}&#8221; sticky_enabled=&#8221;0&#8243; admin_label=&#8221;klubbklader&#8221; custom_margin=&#8221;0px||0px||true|false&#8221; module_id=&#8221;klubbklader&#8221;][et_pb_column type=&#8221;4_4&#8243; _builder_version=&#8221;4.16&#8243; _module_preset=&#8221;default&#8221; global_colors_info=&#8221;{}&#8221;][et_pb_divider _builder_version=&#8221;4.27.4&#8243; _module_preset=&#8221;default&#8221; hover_enabled=&#8221;0&#8243; sticky_enabled=&#8221;0&#8243;][\/et_pb_divider][et_pb_text module_class=&#8221;tagged tagged-h6&#8243; _builder_version=&#8221;4.17.4&#8243; _module_preset=&#8221;default&#8221; header_2_font=&#8221;Averta Bold||||||||&#8221; custom_margin=&#8221;||0px||false|false&#8221; hover_enabled=&#8221;0&#8243; global_colors_info=&#8221;{}&#8221; sticky_enabled=&#8221;0&#8243;]<\/p>\n<h6><\/h6>\n<h6>Klubbkl\u00e4der<\/h6>\n<h2>Best\u00e4ll frisksportkl\u00e4der<\/h2>\n<p>Klubben har ing\u00e5tt ett samarbete med Intersport och det finns nu chansen f\u00f6r er att best\u00e4lla tr\u00f6jor mm med klubbens egen logga. Ni g\u00f6r sj\u00e4lva best\u00e4llningen via l\u00e4nken lite l\u00e4ngre ner och kan sedan v\u00e4lja p\u00e5 att h\u00e4mta i butik eller f\u00e5 till postombud. De ledartryck ni ser p\u00e5 bild 2 n\u00e4r ni klickar er in \u00e4r tillval och v\u00e4ljs till av ledare (se mer info l\u00e4ngre ner). Ni har \u00e4ven m\u00f6jlighet att v\u00e4lja till initialer om ni s\u00e5 \u00f6nskar.<\/p>\n<p>Logga in p\u00e5 ditt befintliga medlemskap hos Intersport eller skapa ett, s\u00e5 blir priset l\u00e4gre (den gula summan).<\/p>\n<p>Ni f\u00e5r g\u00e4rna ange via mina sidor eller s\u00e4ga till i en Intersport butik att ni \u00e4r medlemmar i Frisksport Ljungsbro. D\u00e5 kommer n\u00e4mligen 3% av familjens totalaink\u00f6p p\u00e5 ett \u00e5r p\u00e5 Intersport g\u00e5 tillbaka till klubben.<\/p>\n<p>Alla ledare och styrelsemedlemmar f\u00e5r en ledartr\u00f6ja var betald av klubben. D\u00e5 kan ni v\u00e4lja p\u00e5 de t-shirts som har ett valbart alternativ att l\u00e4gga till emblem och ledare p\u00e5 ryggen. D\u00e5 v\u00e4ljer ni tr\u00f6ja och sen klickar i \u201df\u00f6reningsnamn\u201d under valbara tryck, d\u00e5 landar priset p\u00e5 369\/319 kr f\u00f6r en t-shirt i funktionsmaterial och 239\/189 kr f\u00f6r en t-shirt i bomull. N\u00e4r ni sedan best\u00e4llt och betalat s\u00e5 skickar ni en kopia via mail p\u00e5 er best\u00e4llning till <a href=\"mailto:lenabirgittaberg@gmail.com\">lenabirgittaberg@gmail.com<\/a>, s\u00e5 betalar klubbens kass\u00f6r ut kostanden f\u00f6r ledartr\u00f6jan till er. Klubben st\u00e5r allts\u00e5 f\u00f6r en t-shirt till alla ledare och styrelsemedlemmar. Det finns \u00e4ven hoddie med valbart ledartryck om man sj\u00e4lv \u00f6nskar att k\u00f6pa en s\u00e5dan.<\/p>\n<p>Har ni fr\u00e5gor om best\u00e4llning mm kan ni kontakta oss eller h\u00f6ra av er till Colin som \u00e4r v\u00e5r kontakt p\u00e5 Intersport. Hans mail \u00e4r <a href=\"mailto:colin.frenesson@intersport.se\">colin.frenesson@intersport.se<\/a> . Det g\u00e5r ocks\u00e5 fint att bes\u00f6ka Intersport p\u00e5 Tornby Link\u00f6ping f\u00f6r att prova en del av kl\u00e4derna om ni \u00e4r os\u00e4kra p\u00e5 storlek.<\/p>\n<p><span><\/span><\/p>\n<p><span><\/span><\/p>\n<p>[\/et_pb_text][et_pb_text disabled_on=&#8221;off|off|off&#8221; _builder_version=&#8221;4.17.4&#8243; _module_preset=&#8221;default&#8221; text_font=&#8221;Averta Extra Bold|||on|||||&#8221; text_text_color=&#8221;#FFE995&#8243; text_letter_spacing=&#8221;1.51px&#8221; header_6_text_color=&#8221;#FFE995&#8243; background_color=&#8221;#0550B3&#8243; text_orientation=&#8221;center&#8221; custom_margin=&#8221;|15px||0px|false|false&#8221; custom_padding=&#8221;20px|30px|10px|30px|false|true&#8221; link_option_url=&#8221;https:\/\/team.intersport.se\/frisksport-ljungsbro&#8221; link_option_url_new_window=&#8221;on&#8221; custom_css_main_element=&#8221;display: inline-block;&#8221; border_color_all=&#8221;#0681ef&#8221; box_shadow_style=&#8221;preset3&#8243; locked=&#8221;off&#8221; global_colors_info=&#8221;{}&#8221;]<\/p>\n<h6>Till intersports sida<\/h6>\n<p>[\/et_pb_text][et_pb_image src=&#8221;https:\/\/frisksport.se\/ljungsbro\/wp-content\/uploads\/sites\/12\/2023\/06\/1.jpg&#8221; title_text=&#8221;1&#8243; _builder_version=&#8221;4.17.4&#8243; _module_preset=&#8221;default&#8221; global_colors_info=&#8221;{}&#8221;][\/et_pb_image][\/et_pb_column][\/et_pb_row][et_pb_row _builder_version=&#8221;4.27.4&#8243; _module_preset=&#8221;default&#8221; admin_label=&#8221;det-har-ar-frisksport&#8221; custom_margin=&#8221;0px||0px||true|false&#8221; module_id=&#8221;det-har-ar-frisksport&#8221; hover_enabled=&#8221;0&#8243; sticky_enabled=&#8221;0&#8243;][et_pb_column _builder_version=&#8221;4.27.4&#8243; _module_preset=&#8221;default&#8221; type=&#8221;4_4&#8243;][et_pb_divider _builder_version=&#8221;4.27.4&#8243; _module_preset=&#8221;default&#8221; hover_enabled=&#8221;0&#8243; sticky_enabled=&#8221;0&#8243;][\/et_pb_divider][et_pb_text module_class=&#8221;tagged tagged-h6&#8243; _builder_version=&#8221;4.17.4&#8243; _module_preset=&#8221;default&#8221; header_2_font=&#8221;Averta Bold||||||||&#8221; custom_margin=&#8221;||0px||false|false&#8221; hover_enabled=&#8221;0&#8243; global_colors_info=&#8221;{}&#8221; sticky_enabled=&#8221;0&#8243;]<\/p>\n<h6>Det h\u00e4r \u00e4r Frisksport<\/h6>\n<h2>Allt h\u00e4nger ihop!<\/h2>\n<h5>Frisksport handlar om att m\u00e5 bra och ha kul tillsammans, samtidigt som vi v\u00e4rnar om varandra och v\u00e5r omv\u00e4rld. Hos oss kan du vara med p\u00e5 roliga aktiviteter, hitta en tr\u00e4ningsform som passar dig och engagera dig tillsammans med andra.\u00a0<\/h5>\n<p>&nbsp;<\/p>\n<p>[\/et_pb_text][et_pb_image src=&#8221;https:\/\/frisksport.se\/ljungsbro\/wp-content\/uploads\/sites\/12\/2023\/04\/salladskal.png&#8221; title_text=&#8221;salladsk\u00e5l&#8221; _builder_version=&#8221;4.17.4&#8243; _module_preset=&#8221;default&#8221; width=&#8221;13%&#8221; custom_margin=&#8221;||||false|false&#8221; custom_css_main_element=&#8221;float:left;||clear: left;&#8221; global_colors_info=&#8221;{}&#8221;][\/et_pb_image][et_pb_text _builder_version=&#8221;4.16&#8243; _module_preset=&#8221;default&#8221; header_2_font=&#8221;Averta Bold||||||||&#8221; min_height=&#8221;14vh&#8221; custom_margin=&#8221;|||13%|false|false&#8221; custom_padding=&#8221;|||30px|false|false&#8221; global_colors_info=&#8221;{}&#8221;]<\/p>\n<h4>Ta hand om kroppen<\/h4>\n<h5>Att ta hand om sig sj\u00e4lv \u00e4r viktigt f\u00f6r att m\u00e5 bra! Att \u00e4ta nyttigt, r\u00f6ra p\u00e5 sig, sova och inte stressa a\u0308r en fo\u0308rutsa\u0308ttning fo\u0308r att orka med vardagen och h\u00e5lla sig frisk.<\/h5>\n<p>[\/et_pb_text][et_pb_image src=&#8221;https:\/\/frisksport.se\/ljungsbro\/wp-content\/uploads\/sites\/12\/2023\/04\/vattenflaska.png&#8221; title_text=&#8221;vattenflaska&#8221; _builder_version=&#8221;4.17.4&#8243; _module_preset=&#8221;default&#8221; width=&#8221;13%&#8221; custom_css_main_element=&#8221;float:left;||clear:left;&#8221; global_colors_info=&#8221;{}&#8221;][\/et_pb_image][et_pb_text _builder_version=&#8221;4.16&#8243; _module_preset=&#8221;default&#8221; header_2_font=&#8221;Averta Bold||||||||&#8221; min_height=&#8221;14vh&#8221; custom_margin=&#8221;|||13%|false|false&#8221; custom_padding=&#8221;|||30px|false|false&#8221; global_colors_info=&#8221;{}&#8221;]<\/p>\n<h4>Aktiv vardag<\/h4>\n<h5>V\u00e5ra kroppar a\u0308r skapade fo\u0308r att ro\u0308ra p\u00e5 sig och genom att tr\u00e4na och ut\u00f6va friluftsliv m\u00e5r vi ba\u0308ttre. Som frisksportare tr\u00e4nar du fo\u0308r din egen skull, p\u00e5 det sa\u0308tt och p\u00e5 den niv\u00e5 du sja\u0308lv va\u0308ljer.<\/h5>\n<p>[\/et_pb_text][et_pb_image src=&#8221;https:\/\/frisksport.se\/ljungsbro\/wp-content\/uploads\/sites\/12\/2023\/04\/lotusblomma.png&#8221; title_text=&#8221;lotusblomma&#8221; _builder_version=&#8221;4.17.4&#8243; _module_preset=&#8221;default&#8221; width=&#8221;13%&#8221; custom_css_main_element=&#8221;float:left;||clear: left;&#8221; global_colors_info=&#8221;{}&#8221;][\/et_pb_image][et_pb_text _builder_version=&#8221;4.21.0&#8243; _module_preset=&#8221;default&#8221; header_2_font=&#8221;Averta Bold||||||||&#8221; min_height=&#8221;14vh&#8221; custom_margin=&#8221;|||13%|false|false&#8221; custom_padding=&#8221;|||30px|false|false&#8221; global_colors_info=&#8221;{}&#8221;]<\/p>\n<h4>Fritt fr\u00e5n droger<\/h4>\n<h5>Att tr\u00e4na och \u00e4ta nyttigt bygger upp kroppen men tobak, alkohol och andra droger bryter ner den. Oavsett om vi hoppar trampolin, \u00e5ker p\u00e5 l\u00e4ger eller har en filmkv\u00e4ll tillsammans \u00e4r alla v\u00e5ra aktiviteter alltid nyktra och tobaksfria.<\/h5>\n<p>[\/et_pb_text][et_pb_image src=&#8221;https:\/\/frisksport.se\/ljungsbro\/wp-content\/uploads\/sites\/12\/2023\/04\/blad.png&#8221; title_text=&#8221;blad&#8221; _builder_version=&#8221;4.17.4&#8243; _module_preset=&#8221;default&#8221; width=&#8221;13%&#8221; custom_css_main_element=&#8221;float:left;||clear: left;&#8221; global_colors_info=&#8221;{}&#8221;][\/et_pb_image][et_pb_text _builder_version=&#8221;4.16&#8243; _module_preset=&#8221;default&#8221; header_2_font=&#8221;Averta Bold||||||||&#8221; min_height=&#8221;14vh&#8221; custom_margin=&#8221;|||13%|false|false&#8221; custom_padding=&#8221;|||30px|false|false&#8221; global_colors_info=&#8221;{}&#8221;]<\/p>\n<h4>H\u00e5llbar utveckling<\/h4>\n<h5>H\u00e5llbar utveckling inneb\u00e4r att leva p\u00e5 ett s\u00e4tt som \u00e4r h\u00e5llbart \u00e4ven f\u00f6r framtiden. Vi beh\u00f6ver alla hj\u00e4lpas \u00e5t att ta hand om v\u00e5r milj\u00f6 och varandra.<\/h5>\n<p>[\/et_pb_text][et_pb_image src=&#8221;https:\/\/frisksport.se\/ljungsbro\/wp-content\/uploads\/sites\/12\/2023\/04\/medlem.png&#8221; title_text=&#8221;medlem&#8221; _builder_version=&#8221;4.17.4&#8243; _module_preset=&#8221;default&#8221; width=&#8221;13%&#8221; custom_css_main_element=&#8221;float:left;||clear: left;&#8221; global_colors_info=&#8221;{}&#8221;][\/et_pb_image][et_pb_text _builder_version=&#8221;4.16&#8243; _module_preset=&#8221;default&#8221; header_2_font=&#8221;Averta Bold||||||||&#8221; min_height=&#8221;14vh&#8221; custom_margin=&#8221;|||13%|false|false&#8221; custom_padding=&#8221;|||30px|false|false&#8221; hover_enabled=&#8221;0&#8243; global_colors_info=&#8221;{}&#8221; sticky_enabled=&#8221;0&#8243;]<\/p>\n<h4>Gemenskap<\/h4>\n<h5>Inom Frisksport vill vi umg\u00e5s och dela upplevelser tillsammans med andra. Hos oss \u00e4r alla v\u00e4lkomna och det finns chans att tr\u00e4ffa m\u00e4nniskor med olika bakgrund och fr\u00e5n olika delar av landet.<\/h5>\n<p>[\/et_pb_text][et_pb_text _builder_version=&#8221;4.27.4&#8243; _module_preset=&#8221;default&#8221; text_text_color=&#8221;#036EDA&#8221; header_text_color=&#8221;#036EDA&#8221; header_2_font=&#8221;Averta Bold||||||||&#8221; header_4_text_align=&#8221;right&#8221; header_4_text_color=&#8221;#036EDA&#8221; background_image=&#8221;http:\/\/media2.frisksport.se\/2022\/02\/pil.png&#8221; background_size=&#8221;contain&#8221; background_position=&#8221;top_right&#8221; custom_padding=&#8221;5px|60px|||false|false&#8221; link_option_url=&#8221;https:\/\/frisksport.se\/styrdokument&#8221; link_option_url_new_window=&#8221;on&#8221; locked=&#8221;off&#8221; global_colors_info=&#8221;{}&#8221;]<\/p>\n<h4>L\u00e4s v\u00e5ra f\u00f6rbundsprogram<\/h4>\n<p>[\/et_pb_text][\/et_pb_column][\/et_pb_row][et_pb_row _builder_version=&#8221;4.27.4&#8243; _module_preset=&#8221;default&#8221; admin_label=&#8221;klubbar-distrikt-och-forbund&#8221; custom_margin=&#8221;0px||0px||true|false&#8221; module_id=&#8221;klubbar-distrikt-och-forbund&#8221; hover_enabled=&#8221;0&#8243; sticky_enabled=&#8221;0&#8243;][et_pb_column _builder_version=&#8221;4.27.4&#8243; _module_preset=&#8221;default&#8221; type=&#8221;4_4&#8243;][et_pb_divider _builder_version=&#8221;4.27.4&#8243; _module_preset=&#8221;default&#8221; hover_enabled=&#8221;0&#8243; sticky_enabled=&#8221;0&#8243;][\/et_pb_divider][et_pb_text module_class=&#8221;tagged tagged-h6&#8243; _builder_version=&#8221;4.17.4&#8243; _module_preset=&#8221;default&#8221; header_2_font=&#8221;Averta Bold||||||||&#8221; custom_margin=&#8221;||0px||false|false&#8221; hover_enabled=&#8221;0&#8243; global_colors_info=&#8221;{}&#8221; sticky_enabled=&#8221;0&#8243;]<\/p>\n<h6>En Frisksportr\u00f6relse<\/h6>\n<h2>Klubbar, distrikt och f\u00f6rbund<\/h2>\n<h5>Frisksport Ljungsbro och Frisksport Ljungsbro Ungdom \u00e4r anslutna till \u00d6sterg\u00f6tlands Frisksportdistrikt och \u00d6sterg\u00f6tlands Frisksportungdom och till riksorganisationerna Svenska Frisksportf\u00f6rbundet och Frisksportens Ungdomsf\u00f6rbund. Tillsammans kallas vi Frisksportr\u00f6relsen.<\/h5>\n<h5>Frisksport har funnits i Sverige sedan 20-talet och har under \u00e5ren verkat f\u00f6r b\u00e4ttre folkh\u00e4lsa genom att engagera m\u00e4nniskor i tr\u00e4ning, friluftsliv och h\u00e4lsa. Vi idrottar f\u00f6r att det \u00e4r roligt och f\u00f6r att m\u00e5 bra, utan krav p\u00e5 prestation!<\/h5>\n<h5>Runt om i landet finns 54 frisksportklubbar och aktiviteterna skiljer sig \u00e5t men grundtanken om att erbjuda roliga aktiviteter i en drogfri gemenskap \u00e4r densamma. Tack vare samarbeten med andra klubbar, distrikt och f\u00f6rbund kan vi erbjuda ett brett utbud av aktiviteter till v\u00e5ra medlemmar. <strong><\/strong><\/h5>\n<p>[\/et_pb_text][et_pb_text _builder_version=&#8221;4.17.4&#8243; _module_preset=&#8221;default&#8221; text_text_color=&#8221;#036EDA&#8221; header_text_color=&#8221;#036EDA&#8221; header_2_font=&#8221;Averta Bold||||||||&#8221; header_4_text_align=&#8221;right&#8221; header_4_text_color=&#8221;#036EDA&#8221; background_image=&#8221;http:\/\/media2.frisksport.se\/2022\/02\/pil.png&#8221; background_size=&#8221;contain&#8221; background_position=&#8221;top_right&#8221; custom_padding=&#8221;5px|60px|||false|false&#8221; link_option_url=&#8221;https:\/\/frisksport.se&#8221; link_option_url_new_window=&#8221;on&#8221; hover_enabled=&#8221;0&#8243; locked=&#8221;off&#8221; global_colors_info=&#8221;{}&#8221; sticky_enabled=&#8221;0&#8243;]<\/p>\n<h4>L\u00e4s mer p\u00e5 frisksport.se<\/h4>\n<p>[\/et_pb_text][\/et_pb_column][\/et_pb_row][\/et_pb_section]<\/p>\n","protected":false},"excerpt":{"rendered":"<p>Klubbkl\u00e4der Best\u00e4ll frisksportkl\u00e4der Klubben har ing\u00e5tt ett samarbete med Intersport och det finns nu chansen f\u00f6r er att best\u00e4lla tr\u00f6jor mm med klubbens egen logga. Ni g\u00f6r sj\u00e4lva best\u00e4llningen via [&hellip;]<\/p>\n","protected":false},"author":2,"featured_media":0,"parent":0,"menu_order":0,"comment_status":"closed","ping_status":"closed","template":"page-tpl-w-sticky-sidebar.php","meta":{"_acf_changed":false,"_et_pb_use_builder":"on","_et_pb_old_content":"","_et_gb_content_width":"","footnotes":""},"class_list":["post-16160","page","type-page","status-publish","hentry"],"acf":[],"_links":{"self":[{"href":"https:\/\/frisksport.se\/ljungsbro\/wp-json\/wp\/v2\/pages\/16160","targetHints":{"allow":["GET"]}}],"collection":[{"href":"https:\/\/frisksport.se\/ljungsbro\/wp-json\/wp\/v2\/pages"}],"about":[{"href":"https:\/\/frisksport.se\/ljungsbro\/wp-json\/wp\/v2\/types\/page"}],"author":[{"embeddable":true,"href":"https:\/\/frisksport.se\/ljungsbro\/wp-json\/wp\/v2\/users\/2"}],"replies":[{"embeddable":true,"href":"https:\/\/frisksport.se\/ljungsbro\/wp-json\/wp\/v2\/comments?post=16160"}],"version-history":[{"count":54,"href":"https:\/\/frisksport.se\/ljungsbro\/wp-json\/wp\/v2\/pages\/16160\/revisions"}],"predecessor-version":[{"id":17964,"href":"https:\/\/frisksport.se\/ljungsbro\/wp-json\/wp\/v2\/pages\/16160\/revisions\/17964"}],"wp:attachment":[{"href":"https:\/\/frisksport.se\/ljungsbro\/wp-json\/wp\/v2\/media?parent=16160"}],"curies":[{"name":"wp","href":"https:\/\/api.w.org\/{rel}","templated":true}]}}