{"id":16147,"date":"2020-10-02T09:42:37","date_gmt":"2020-10-02T07:42:37","guid":{"rendered":"https:\/\/frisksport.se\/malmo\/?page_id=16147"},"modified":"2026-03-18T13:14:46","modified_gmt":"2026-03-18T12:14:46","slug":"kalender","status":"publish","type":"page","link":"https:\/\/frisksport.se\/malmo\/kalender\/","title":{"rendered":"Kalender"},"content":{"rendered":"<p>[et_pb_section fb_built=&#8221;1&#8243; custom_padding_last_edited=&#8221;on|phone&#8221; admin_label=&#8221;Toppbild&#8221; _builder_version=&#8221;4.17.4&#8243; custom_margin=&#8221;0px|0px|0px|0px|true|true&#8221; custom_padding=&#8221;0px|30px|0px|30px|true|true&#8221; custom_padding_tablet=&#8221;0px|30px|0px|30px|true|true&#8221; custom_padding_phone=&#8221;|0px||0px|true|true&#8221; global_colors_info=&#8221;{}&#8221;][et_pb_row _builder_version=&#8221;4.17.4&#8243; background_color=&#8221;#c9e7ff&#8221; background_image=&#8221;https:\/\/frisksport.se\/malmotest\/wp-content\/uploads\/sites\/21\/2023\/02\/Klubbsida-bild-23.jpg&#8221; width=&#8221;100%&#8221; max_width=&#8221;100%&#8221; height=&#8221;25vw&#8221; height_tablet=&#8221;35vw&#8221; height_phone=&#8221;50vw&#8221; height_last_edited=&#8221;on|phone&#8221; custom_margin=&#8221;0px||0px||true|false&#8221; background_last_edited=&#8221;on|phone&#8221; background_image_phone=&#8221;https:\/\/frisksport.se\/malmotest\/wp-content\/uploads\/sites\/21\/2023\/02\/MOBIL-bild-16.jpg&#8221; background_enable_image_phone=&#8221;on&#8221; custom_css_main_element=&#8221;display: flex;||flex-direction: column;||justify-content: center;&#8221; global_colors_info=&#8221;{}&#8221;][et_pb_column type=&#8221;4_4&#8243; _builder_version=&#8221;4.16&#8243; global_colors_info=&#8221;{}&#8221;][et_pb_text disabled_on=&#8221;on|off|off&#8221; _builder_version=&#8221;4.17.4&#8243; _dynamic_attributes=&#8221;content&#8221; text_font=&#8221;Averta-Bold||||||||&#8221; text_text_color=&#8221;#0550B3&#8243; text_font_size=&#8221;30px&#8221; text_letter_spacing=&#8221;1px&#8221; header_line_height=&#8221;55px&#8221; header_2_font=&#8221;Averta Bold||||||||&#8221; header_2_text_align=&#8221;center&#8221; header_2_text_color=&#8221;#061466&#8243; header_2_line_height=&#8221;40px&#8221; header_3_font=&#8221;Averta Semibold||||||||&#8221; header_3_text_color=&#8221;#ffffff&#8221; header_3_font_size=&#8221;18px&#8221; header_3_line_height=&#8221;24px&#8221; header_4_text_color=&#8221;#061466&#8243; header_5_text_color=&#8221;#061466&#8243; header_6_font=&#8221;Averta Bold||||||||&#8221; header_6_text_color=&#8221;#061466&#8243; background_color=&#8221;#FFCF52&#8243; custom_margin=&#8221;|||-40px|false|false&#8221; custom_padding=&#8221;25px|40px|19px|70px|false|false&#8221; header_font_size_tablet=&#8221;&#8221; header_font_size_phone=&#8221;45px&#8221; header_font_size_last_edited=&#8221;on|phone&#8221; custom_css_main_element=&#8221;float:left;\t&#8221; global_module=&#8221;13154&#8243; saved_tabs=&#8221;all&#8221; global_colors_info=&#8221;{}&#8221;]@ET-DC@eyJkeW5hbWljIjp0cnVlLCJjb250ZW50IjoicG9zdF90aXRsZSIsInNldHRpbmdzIjp7ImJlZm9yZSI6IiIsImFmdGVyIjoiIiwiZW5hYmxlX2h0bWwiOiJvZmYifX0=@[\/et_pb_text][\/et_pb_column][\/et_pb_row][\/et_pb_section][et_pb_section fb_built=&#8221;1&#8243; _builder_version=&#8221;4.16&#8243; _module_preset=&#8221;default&#8221; global_colors_info=&#8221;{}&#8221;][et_pb_row column_structure=&#8221;2_3,1_3&#8243; _builder_version=&#8221;4.17.4&#8243; _module_preset=&#8221;default&#8221; custom_margin=&#8221;30px||0px||false|false&#8221; custom_margin_tablet=&#8221;20px||0px||false|false&#8221; custom_margin_phone=&#8221;15px||0px||false|false&#8221; custom_padding=&#8221;0px||0px||false|false&#8221; locked=&#8221;off&#8221; global_colors_info=&#8221;{}&#8221;][et_pb_column type=&#8221;2_3&#8243; _builder_version=&#8221;4.16&#8243; _module_preset=&#8221;default&#8221; global_colors_info=&#8221;{}&#8221;][et_pb_text module_class=&#8221;breadcrumbs&#8221; _builder_version=&#8221;4.17.4&#8243; _dynamic_attributes=&#8221;content&#8221; _module_preset=&#8221;default&#8221; text_font=&#8221;Averta-Bold|||on|||||&#8221; custom_margin=&#8221;||15px||false|false&#8221; locked=&#8221;off&#8221; global_colors_info=&#8221;{}&#8221;]@ET-DC@eyJkeW5hbWljIjp0cnVlLCJjb250ZW50IjoicG9zdF90aXRsZSIsInNldHRpbmdzIjp7ImJlZm9yZSI6IiIsImFmdGVyIjoiIiwiZW5hYmxlX2h0bWwiOiJvZmYifX0=@[\/et_pb_text][et_pb_text disabled_on=&#8221;on|on|on&#8221; module_class=&#8221;tagged tagged-h6&#8243; _builder_version=&#8221;4.17.4&#8243; _module_preset=&#8221;default&#8221; header_2_font=&#8221;Averta Bold||||||||&#8221; custom_margin=&#8221;0px||0px||false|false&#8221; custom_padding=&#8221;0px||||false|false&#8221; disabled=&#8221;on&#8221; global_colors_info=&#8221;{}&#8221;]<\/p>\n<h6>Kommande evenemang<\/h6>\n<p>[\/et_pb_text][et_pb_text disabled_on=&#8221;on|on|on&#8221; _builder_version=&#8221;4.17.4&#8243; _module_preset=&#8221;default&#8221; custom_padding_tablet=&#8221;&#8221; custom_padding_phone=&#8221;||0px||false|false&#8221; custom_padding_last_edited=&#8221;on|phone&#8221; disabled=&#8221;on&#8221; global_colors_info=&#8221;{}&#8221;]<\/p>\n<h2>Klubbens kalender<\/h2>\n<p>[\/et_pb_text][\/et_pb_column][et_pb_column type=&#8221;1_3&#8243; _builder_version=&#8221;4.16&#8243; _module_preset=&#8221;default&#8221; global_colors_info=&#8221;{}&#8221;][\/et_pb_column][\/et_pb_row][et_pb_row column_structure=&#8221;2_5,3_5&#8243; _builder_version=&#8221;4.17.4&#8243; _module_preset=&#8221;default&#8221; custom_margin=&#8221;60px||60px||true|false&#8221; custom_margin_tablet=&#8221;30px||30px||true|false&#8221; custom_margin_phone=&#8221;30px||30px||true|false&#8221; custom_margin_last_edited=&#8221;on|tablet&#8221; locked=&#8221;off&#8221; global_colors_info=&#8221;{}&#8221;][et_pb_column type=&#8221;2_5&#8243; _builder_version=&#8221;4.17.4&#8243; _module_preset=&#8221;default&#8221; global_colors_info=&#8221;{}&#8221;][et_pb_text module_class=&#8221;tagged tagged-h6&#8243; _builder_version=&#8221;4.27.4&#8243; _module_preset=&#8221;default&#8221; header_5_font=&#8221;Averta||||||||&#8221; global_colors_info=&#8221;{}&#8221;]<\/p>\n<h6>\u00c5terkommande<\/h6>\n<h2>Varje vecka<\/h2>\n<p>Varje tisdag kl 10:00 tr\u00e4ffas vi p\u00e5 Bulltofta Motionscenter f\u00f6r att promenera tillsammans, med eller utan stavar.<\/p>\n<p>V\u00e4lkommen att f\u00f6lja med! Vi tr\u00e4ffas \u00e4ven f\u00f6r utflykter och vandringar flera g\u00e5nger om \u00e5ret!\u00a0<\/p>\n<p>Kontaktperson: Lena, tel. 0708-49 95 75<\/p>\n<p>[\/et_pb_text][et_pb_button button_url=&#8221;@ET-DC@eyJkeW5hbWljIjp0cnVlLCJjb250ZW50IjoicG9zdF9saW5rX3VybF9wYWdlIiwic2V0dGluZ3MiOnsicG9zdF9pZCI6IjE2NjQxIiwiZW5hYmxlX2h0bWwiOiJvZmYifX0=@&#8221; button_text=&#8221;Mer om v\u00e5ra aktiviteter&#8221; _builder_version=&#8221;4.17.4&#8243; _dynamic_attributes=&#8221;button_url&#8221; _module_preset=&#8221;default&#8221; custom_button=&#8221;on&#8221; button_text_size=&#8221;14px&#8221; button_text_color=&#8221;#0550B3&#8243; button_bg_color=&#8221;#ffcf52&#8243; button_border_color=&#8221;#ffcf52&#8243; button_border_radius=&#8221;0px&#8221; button_letter_spacing=&#8221;1.2px&#8221; button_font=&#8221;Averta Extra Bold|||on|||||&#8221; custom_padding=&#8221;10px|30px|10px|30px|false|false&#8221; box_shadow_style=&#8221;preset3&#8243; locked=&#8221;off&#8221; global_colors_info=&#8221;{}&#8221;][\/et_pb_button][\/et_pb_column][et_pb_column type=&#8221;3_5&#8243; _builder_version=&#8221;4.17.4&#8243; _module_preset=&#8221;default&#8221; global_colors_info=&#8221;{}&#8221;][et_pb_image src=&#8221;https:\/\/frisksport.se\/malmo\/wp-content\/uploads\/sites\/21\/2023\/05\/promenadmalmo.jpg&#8221; title_text=&#8221;promenadmalmo&#8221; _builder_version=&#8221;4.17.4&#8243; _module_preset=&#8221;default&#8221; custom_margin_phone=&#8221;||||false|false&#8221; custom_margin_last_edited=&#8221;off|phone&#8221; global_colors_info=&#8221;{}&#8221;][\/et_pb_image][\/et_pb_column][\/et_pb_row][et_pb_row _builder_version=&#8221;4.17.4&#8243; _module_preset=&#8221;default&#8221; custom_margin=&#8221;0px||0px||true|false&#8221; custom_margin_tablet=&#8221;0px||0px||false|false&#8221; custom_margin_phone=&#8221;0px||0px||false|false&#8221; global_colors_info=&#8221;{}&#8221;][et_pb_column type=&#8221;4_4&#8243; _builder_version=&#8221;4.17.4&#8243; _module_preset=&#8221;default&#8221; global_colors_info=&#8221;{}&#8221;][et_pb_divider _builder_version=&#8221;4.17.4&#8243; _module_preset=&#8221;default&#8221; locked=&#8221;off&#8221; global_colors_info=&#8221;{}&#8221;][\/et_pb_divider][et_pb_text _builder_version=&#8221;4.27.4&#8243; _module_preset=&#8221;default&#8221; global_colors_info=&#8221;{}&#8221;]<\/p>\n<h6>P\u00e5 g\u00e5ng<\/h6>\n<h2>Kommande h\u00e4ndelser<\/h2>\n<p>Kontakta oss f\u00f6r mer information om v\u00e5ra planerade aktiviteter malmo@frisksport.se<\/p>\n<p>[\/et_pb_text][\/et_pb_column][\/et_pb_row][\/et_pb_section]<\/p>\n","protected":false},"excerpt":{"rendered":"<p>Kommande evenemangKlubbens kalender\u00c5terkommande Varje vecka Varje tisdag kl 10:00 tr\u00e4ffas vi p\u00e5 Bulltofta Motionscenter f\u00f6r att promenera tillsammans, med eller utan stavar. V\u00e4lkommen att f\u00f6lja med! Vi tr\u00e4ffas \u00e4ven f\u00f6r [&hellip;]<\/p>\n","protected":false},"author":2,"featured_media":0,"parent":0,"menu_order":0,"comment_status":"closed","ping_status":"closed","template":"","meta":{"_acf_changed":false,"_et_pb_use_builder":"on","_et_pb_old_content":"","_et_gb_content_width":"","footnotes":""},"class_list":["post-16147","page","type-page","status-publish","hentry"],"acf":[],"_links":{"self":[{"href":"https:\/\/frisksport.se\/malmo\/wp-json\/wp\/v2\/pages\/16147","targetHints":{"allow":["GET"]}}],"collection":[{"href":"https:\/\/frisksport.se\/malmo\/wp-json\/wp\/v2\/pages"}],"about":[{"href":"https:\/\/frisksport.se\/malmo\/wp-json\/wp\/v2\/types\/page"}],"author":[{"embeddable":true,"href":"https:\/\/frisksport.se\/malmo\/wp-json\/wp\/v2\/users\/2"}],"replies":[{"embeddable":true,"href":"https:\/\/frisksport.se\/malmo\/wp-json\/wp\/v2\/comments?post=16147"}],"version-history":[{"count":39,"href":"https:\/\/frisksport.se\/malmo\/wp-json\/wp\/v2\/pages\/16147\/revisions"}],"predecessor-version":[{"id":18926,"href":"https:\/\/frisksport.se\/malmo\/wp-json\/wp\/v2\/pages\/16147\/revisions\/18926"}],"wp:attachment":[{"href":"https:\/\/frisksport.se\/malmo\/wp-json\/wp\/v2\/media?parent=16147"}],"curies":[{"name":"wp","href":"https:\/\/api.w.org\/{rel}","templated":true}]}}