{"id":16641,"date":"2022-11-01T11:33:59","date_gmt":"2022-11-01T10:33:59","guid":{"rendered":"https:\/\/frisksport.se\/malmo\/?page_id=16641"},"modified":"2026-04-28T10:26:28","modified_gmt":"2026-04-28T08:26:28","slug":"aktiviteter","status":"publish","type":"page","link":"https:\/\/frisksport.se\/malmo\/aktiviteter\/","title":{"rendered":"Aktiviteter"},"content":{"rendered":"<p>[et_pb_section fb_built=&#8221;1&#8243; module_class=&#8221;fs25-aktiviteter-grid&#8221; _builder_version=&#8221;4.27.4&#8243; collapsed=&#8221;off&#8221; global_colors_info=&#8221;{}&#8221;][et_pb_row _builder_version=&#8221;4.27.4&#8243; _module_preset=&#8221;default&#8221; hover_enabled=&#8221;0&#8243; global_colors_info=&#8221;{}&#8221; sticky_enabled=&#8221;0&#8243;][et_pb_column type=&#8221;4_4&#8243; _builder_version=&#8221;4.27.4&#8243; _module_preset=&#8221;default&#8221; global_colors_info=&#8221;{}&#8221;][et_pb_divider _builder_version=&#8221;4.27.4&#8243; _module_preset=&#8221;default&#8221; hover_enabled=&#8221;0&#8243; sticky_enabled=&#8221;0&#8243;][\/et_pb_divider][et_pb_text _builder_version=&#8221;4.27.4&#8243; _module_preset=&#8221;default&#8221; hover_enabled=&#8221;0&#8243; global_colors_info=&#8221;{}&#8221; sticky_enabled=&#8221;0&#8243;]<\/p>\n<h6 style=\"text-align: center\">Idrott, h\u00e4lsa och kultur<\/h6>\n<h2 style=\"text-align: center\">Klubbens aktiviteter<\/h2>\n<p>[\/et_pb_text][\/et_pb_column][\/et_pb_row][et_pb_row column_structure=&#8221;1_3,1_3,1_3&#8243; _builder_version=&#8221;4.16&#8243; background_size=&#8221;initial&#8221; background_position=&#8221;top_left&#8221; background_repeat=&#8221;repeat&#8221; global_colors_info=&#8221;{}&#8221;][et_pb_column type=&#8221;1_3&#8243; _builder_version=&#8221;4.27.4&#8243; _module_preset=&#8221;default&#8221; global_colors_info=&#8221;{}&#8221;][et_pb_image src=&#8221;https:\/\/frisksport.se\/malmo\/wp-content\/uploads\/sites\/21\/2023\/02\/friluftsliv.jpg&#8221; title_text=&#8221;friluftsliv&#8221; _builder_version=&#8221;4.27.4&#8243; _module_preset=&#8221;default&#8221; global_colors_info=&#8221;{}&#8221;][\/et_pb_image][et_pb_toggle title=&#8221;Datum f\u00f6r aktiviteter&#8221; open_toggle_text_color=&#8221;#222222&#8243; icon_color=&#8221;#222222&#8243; toggle_icon=&#8221;&#x33;||divi||400&#8243; open_icon_color=&#8221;#222222&#8243; open_toggle_icon=&#8221;&#x32;||divi||400&#8243; _builder_version=&#8221;4.27.4&#8243; _module_preset=&#8221;default&#8221; title_text_color=&#8221;#222222&#8243; title_level=&#8221;h3&#8243; background_color=&#8221;RGBA(255,255,255,0)&#8221; hover_transition_duration=&#8221;100ms&#8221; hover_transition_speed_curve=&#8221;ease-out&#8221; border_width_all=&#8221;0px&#8221; border_color_all=&#8221;RGBA(255,255,255,0)&#8221; global_colors_info=&#8221;{}&#8221;]<\/p>\n<div class=\"et_pb_toggle_content clearfix\">\n<p>Kontakta oss f\u00f6r mer information om v\u00e5ra planerade aktiviteter.\u00a0<br \/>malmo@frisksport.se<\/p>\n<\/div>\n<p>[\/et_pb_toggle][\/et_pb_column][et_pb_column type=&#8221;1_3&#8243; _builder_version=&#8221;4.27.4&#8243; _module_preset=&#8221;default&#8221; global_colors_info=&#8221;{}&#8221;][et_pb_image src=&#8221;https:\/\/frisksport.se\/malmo\/wp-content\/uploads\/sites\/21\/2023\/02\/Skidor-1.jpg&#8221; title_text=&#8221;Skidor&#8221; _builder_version=&#8221;4.27.4&#8243; _module_preset=&#8221;default&#8221; global_colors_info=&#8221;{}&#8221;][\/et_pb_image][et_pb_toggle title=&#8221;Skid\u00e5kning&#8221; open_toggle_text_color=&#8221;#222222&#8243; icon_color=&#8221;#222222&#8243; toggle_icon=&#8221;&#x33;||divi||400&#8243; open_icon_color=&#8221;#222222&#8243; open_toggle_icon=&#8221;&#x32;||divi||400&#8243; _builder_version=&#8221;4.27.4&#8243; _module_preset=&#8221;default&#8221; title_text_color=&#8221;#222222&#8243; title_level=&#8221;h3&#8243; background_color=&#8221;RGBA(255,255,255,0)&#8221; hover_transition_duration=&#8221;100ms&#8221; hover_transition_speed_curve=&#8221;ease-out&#8221; border_width_all=&#8221;0px&#8221; border_color_all=&#8221;RGBA(255,255,255,0)&#8221; locked=&#8221;off&#8221; global_colors_info=&#8221;{}&#8221;]<\/p>\n<div class=\"et_pb_toggle_content clearfix\">\n<p>Vi tr\u00e4ffas och \u00e5ker l\u00e4ngdskidor eller rullskidor!<\/p>\n<p>Kontaktperson: Anders Eriksson,\u00a0040-611 79 05<\/p>\n<\/div>\n<p>[\/et_pb_toggle][\/et_pb_column][et_pb_column type=&#8221;1_3&#8243; _builder_version=&#8221;4.27.4&#8243; _module_preset=&#8221;default&#8221; global_colors_info=&#8221;{}&#8221;][et_pb_image src=&#8221;https:\/\/frisksport.se\/malmo\/wp-content\/uploads\/sites\/21\/2023\/02\/Cykling.jpg&#8221; title_text=&#8221;Cykling&#8221; _builder_version=&#8221;4.27.4&#8243; _module_preset=&#8221;default&#8221; global_colors_info=&#8221;{}&#8221;][\/et_pb_image][et_pb_toggle title=&#8221;Landsv\u00e4gscykling&#8221; open_toggle_text_color=&#8221;#222222&#8243; icon_color=&#8221;#222222&#8243; toggle_icon=&#8221;&#x33;||divi||400&#8243; open_icon_color=&#8221;#222222&#8243; open_toggle_icon=&#8221;&#x32;||divi||400&#8243; _builder_version=&#8221;4.27.4&#8243; _module_preset=&#8221;default&#8221; title_text_color=&#8221;#222222&#8243; title_level=&#8221;h3&#8243; background_color=&#8221;RGBA(255,255,255,0)&#8221; hover_transition_duration=&#8221;100ms&#8221; hover_transition_speed_curve=&#8221;ease-out&#8221; border_width_all=&#8221;0px&#8221; border_color_all=&#8221;RGBA(255,255,255,0)&#8221; locked=&#8221;off&#8221; global_colors_info=&#8221;{}&#8221;]<\/p>\n<div class=\"et_pb_toggle_content clearfix\">\n<p>H\u00e4ng med p\u00e5 h\u00e4rliga turer med landsv\u00e4gscykling!<\/p>\n<p>Kontaktperson: Leif Andersson,\u00a0040-46 59 21<\/p>\n<\/div>\n<p>[\/et_pb_toggle][\/et_pb_column][\/et_pb_row][et_pb_row column_structure=&#8221;1_3,1_3,1_3&#8243; _builder_version=&#8221;4.16&#8243; background_size=&#8221;initial&#8221; background_position=&#8221;top_left&#8221; background_repeat=&#8221;repeat&#8221; locked=&#8221;off&#8221; global_colors_info=&#8221;{}&#8221;][et_pb_column type=&#8221;1_3&#8243; _builder_version=&#8221;4.27.4&#8243; _module_preset=&#8221;default&#8221; global_colors_info=&#8221;{}&#8221;][et_pb_image src=&#8221;https:\/\/frisksport.se\/malmo\/wp-content\/uploads\/sites\/21\/2023\/05\/promenadmalmo.jpg&#8221; title_text=&#8221;promenadmalmo&#8221; _builder_version=&#8221;4.27.4&#8243; _module_preset=&#8221;default&#8221; global_colors_info=&#8221;{}&#8221;][\/et_pb_image][et_pb_toggle title=&#8221;Promenad, friluftsliv och vandring&#8221; open_toggle_text_color=&#8221;#222222&#8243; icon_color=&#8221;#222222&#8243; toggle_icon=&#8221;&#x33;||divi||400&#8243; open_icon_color=&#8221;#222222&#8243; open_toggle_icon=&#8221;&#x32;||divi||400&#8243; _builder_version=&#8221;4.27.4&#8243; _module_preset=&#8221;default&#8221; title_text_color=&#8221;#222222&#8243; title_level=&#8221;h3&#8243; background_color=&#8221;RGBA(255,255,255,0)&#8221; hover_transition_duration=&#8221;100ms&#8221; hover_transition_speed_curve=&#8221;ease-out&#8221; border_width_all=&#8221;0px&#8221; border_color_all=&#8221;RGBA(255,255,255,0)&#8221; locked=&#8221;off&#8221; global_colors_info=&#8221;{}&#8221;]<\/p>\n<p>Varje tisdag kl 10:00 tr\u00e4ffas vi p\u00e5 Bulltofta Motionscenter f\u00f6r att promenera tillsammans, med eller utan stavar.<\/p>\n<p>V\u00e4lkommen att f\u00f6lja med! Vi tr\u00e4ffas \u00e4ven f\u00f6r utflykter och vandringar flera g\u00e5nger om \u00e5ret!\u00a0<\/p>\n<p>Kontaktperson: Lena, tel. 0708-49 95 75<\/p>\n<p>[\/et_pb_toggle][\/et_pb_column][et_pb_column type=&#8221;1_3&#8243; _builder_version=&#8221;4.27.4&#8243; _module_preset=&#8221;default&#8221; global_colors_info=&#8221;{}&#8221;][et_pb_image src=&#8221;https:\/\/frisksport.se\/malmo\/wp-content\/uploads\/sites\/21\/2023\/02\/kultur.jpg&#8221; title_text=&#8221;kultur&#8221; _builder_version=&#8221;4.27.4&#8243; _module_preset=&#8221;default&#8221; global_colors_info=&#8221;{}&#8221;][\/et_pb_image][et_pb_toggle title=&#8221;Kulturaktiviteter&#8221; open_toggle_text_color=&#8221;#222222&#8243; icon_color=&#8221;#222222&#8243; toggle_icon=&#8221;&#x33;||divi||400&#8243; open_icon_color=&#8221;#222222&#8243; open_toggle_icon=&#8221;&#x32;||divi||400&#8243; _builder_version=&#8221;4.27.4&#8243; _module_preset=&#8221;default&#8221; title_text_color=&#8221;#222222&#8243; title_level=&#8221;h3&#8243; background_color=&#8221;RGBA(255,255,255,0)&#8221; hover_transition_duration=&#8221;100ms&#8221; hover_transition_speed_curve=&#8221;ease-out&#8221; border_width_all=&#8221;0px&#8221; border_color_all=&#8221;RGBA(255,255,255,0)&#8221; locked=&#8221;off&#8221; global_colors_info=&#8221;{}&#8221;]<\/p>\n<div class=\"et_pb_toggle_content clearfix\">\n<p>Vi ordnar studiecirklar, kulturutflykter och annat skoj emellan\u00e5t! <a href=\"https:\/\/frisksport.se\/malmo\/kalender\">\u00a0<\/a><\/p>\n<p>Kontaktperson: Lena, tel. 0708-49 95 75<\/p>\n<\/div>\n<p>[\/et_pb_toggle][\/et_pb_column][et_pb_column type=&#8221;1_3&#8243; _builder_version=&#8221;4.27.4&#8243; _module_preset=&#8221;default&#8221; global_colors_info=&#8221;{}&#8221;][et_pb_image src=&#8221;https:\/\/frisksport.se\/malmo\/wp-content\/uploads\/sites\/21\/2023\/02\/Skogen.jpg&#8221; title_text=&#8221;Skogen&#8221; _builder_version=&#8221;4.27.4&#8243; _module_preset=&#8221;default&#8221; global_colors_info=&#8221;{}&#8221;][\/et_pb_image][et_pb_toggle title=&#8221;L\u00f6pning och motion&#8221; open_toggle_text_color=&#8221;#222222&#8243; icon_color=&#8221;#222222&#8243; toggle_icon=&#8221;&#x33;||divi||400&#8243; open_icon_color=&#8221;#222222&#8243; open_toggle_icon=&#8221;&#x32;||divi||400&#8243; _builder_version=&#8221;4.27.4&#8243; _module_preset=&#8221;default&#8221; title_text_color=&#8221;#222222&#8243; title_level=&#8221;h3&#8243; background_color=&#8221;RGBA(255,255,255,0)&#8221; hover_transition_duration=&#8221;100ms&#8221; hover_transition_speed_curve=&#8221;ease-out&#8221; border_width_all=&#8221;0px&#8221; border_color_all=&#8221;RGBA(255,255,255,0)&#8221; locked=&#8221;off&#8221; global_colors_info=&#8221;{}&#8221;]<\/p>\n<div class=\"et_pb_toggle_content clearfix\">\n<p>Kontaktperson: Martin Landahl, 040-91 65 12<\/p>\n<\/div>\n<p>[\/et_pb_toggle][\/et_pb_column][\/et_pb_row][\/et_pb_section][et_pb_section fb_built=&#8221;1&#8243; _builder_version=&#8221;4.27.4&#8243; _module_preset=&#8221;default&#8221; global_colors_info=&#8221;{}&#8221;][et_pb_row _builder_version=&#8221;4.27.4&#8243; _module_preset=&#8221;default&#8221; global_colors_info=&#8221;{}&#8221;][et_pb_column type=&#8221;4_4&#8243; _builder_version=&#8221;4.27.4&#8243; _module_preset=&#8221;default&#8221; global_colors_info=&#8221;{}&#8221;][et_pb_divider _builder_version=&#8221;4.27.4&#8243; _module_preset=&#8221;default&#8221; global_colors_info=&#8221;{}&#8221;][\/et_pb_divider][\/et_pb_column][\/et_pb_row][\/et_pb_section][et_pb_section fb_built=&#8221;1&#8243; module_class=&#8221;fs25-aktiviteter-grid&#8221; _builder_version=&#8221;4.27.4&#8243; global_colors_info=&#8221;{}&#8221;][et_pb_row _builder_version=&#8221;4.27.4&#8243; _module_preset=&#8221;default&#8221; global_colors_info=&#8221;{}&#8221;][et_pb_column type=&#8221;4_4&#8243; _builder_version=&#8221;4.27.4&#8243; _module_preset=&#8221;default&#8221; global_colors_info=&#8221;{}&#8221;][et_pb_text _builder_version=&#8221;4.27.4&#8243; _module_preset=&#8221;default&#8221; global_colors_info=&#8221;{}&#8221;]<\/p>\n<h6 style=\"text-align: center\">Fler m\u00f6jligheter<\/h6>\n<h2 style=\"text-align: center\">F\u00f6rbundsarrangemang och kurser<\/h2>\n<p>[\/et_pb_text][\/et_pb_column][\/et_pb_row][et_pb_row column_structure=&#8221;1_3,1_3,1_3&#8243; _builder_version=&#8221;4.16&#8243; background_size=&#8221;initial&#8221; background_position=&#8221;top_left&#8221; background_repeat=&#8221;repeat&#8221; global_colors_info=&#8221;{}&#8221;][et_pb_column type=&#8221;1_3&#8243; _builder_version=&#8221;4.27.4&#8243; _module_preset=&#8221;default&#8221; global_colors_info=&#8221;{}&#8221;][et_pb_image src=&#8221;https:\/\/frisksport.se\/motalatest\/wp-content\/uploads\/sites\/10\/2022\/10\/Bild-ovrigt-9-article.jpg&#8221; _builder_version=&#8221;4.27.4&#8243; _module_preset=&#8221;default&#8221; global_colors_info=&#8221;{}&#8221;][\/et_pb_image][et_pb_toggle title=&#8221;Samarbetsarrangemang&#8221; open_toggle_text_color=&#8221;#222222&#8243; icon_color=&#8221;#222222&#8243; toggle_icon=&#8221;&#x33;||divi||400&#8243; open_icon_color=&#8221;#222222&#8243; open_toggle_icon=&#8221;&#x32;||divi||400&#8243; _builder_version=&#8221;4.27.4&#8243; _module_preset=&#8221;default&#8221; title_text_color=&#8221;#222222&#8243; title_level=&#8221;h3&#8243; background_color=&#8221;RGBA(255,255,255,0)&#8221; hover_transition_duration=&#8221;100ms&#8221; hover_transition_speed_curve=&#8221;ease-out&#8221; border_width_all=&#8221;0px&#8221; border_color_all=&#8221;RGBA(255,255,255,0)&#8221; global_colors_info=&#8221;{}&#8221;]<\/p>\n<p>Du som \u00e4r medlem i Malm\u00f6 FK kan ocks\u00e5 \u00e5ka p\u00e5 alla l\u00e4ger, utbildningar och resor som ordnas av Frisksportr\u00f6relsens f\u00f6rbund Svenska Frisksportf\u00f6rbundet och Frisksportens Ungdomsf\u00f6rbund. Det \u00e4r bland annat det stora frisksportl\u00e4gret varje sommar, midsommarfiranden, forspaddlingsresa och ledarutbildningar. Spana in vilka arrangemang som \u00e4r p\u00e5 g\u00e5ng <a href=\"https:\/\/frisksport.se\/kalender\/\">p\u00e5 f\u00f6rbundens hemsida.<\/a><\/p>\n<p>[\/et_pb_toggle][\/et_pb_column][et_pb_column type=&#8221;1_3&#8243; _builder_version=&#8221;4.27.4&#8243; _module_preset=&#8221;default&#8221; global_colors_info=&#8221;{}&#8221;][et_pb_image src=&#8221;https:\/\/frisksport.se\/jonkoping\/wp-content\/uploads\/sites\/15\/2022\/11\/MOBIL-bild-15.jpg&#8221; _builder_version=&#8221;4.27.4&#8243; _module_preset=&#8221;default&#8221; global_colors_info=&#8221;{}&#8221;][\/et_pb_image][et_pb_toggle title=&#8221;Frisksportl\u00e4ger&#8221; open_toggle_text_color=&#8221;#222222&#8243; icon_color=&#8221;#222222&#8243; toggle_icon=&#8221;&#x33;||divi||400&#8243; open_icon_color=&#8221;#222222&#8243; open_toggle_icon=&#8221;&#x32;||divi||400&#8243; _builder_version=&#8221;4.27.4&#8243; _module_preset=&#8221;default&#8221; title_text_color=&#8221;#222222&#8243; title_level=&#8221;h3&#8243; background_color=&#8221;RGBA(255,255,255,0)&#8221; hover_transition_duration=&#8221;100ms&#8221; hover_transition_speed_curve=&#8221;ease-out&#8221; border_width_all=&#8221;0px&#8221; border_color_all=&#8221;RGBA(255,255,255,0)&#8221; locked=&#8221;off&#8221; global_colors_info=&#8221;{}&#8221;]<\/p>\n<p>Vecka 28 varje \u00e5r ordnas ett stort Frisksportl\u00e4ger n\u00e5gonstans i Sverige. Det \u00e4r en vecka fylld av aktiviteter, tr\u00e4ningspass, t\u00e4vlingar och underh\u00e5llning f\u00f6r alla \u00e5ldrar. H\u00e4ng g\u00e4rna med p\u00e5 en h\u00e4rlig vecka! Kanske kan vi \u00e5ka ett helt g\u00e4ng fr\u00e5n Malm\u00f6?\u00a0<a href=\"http:\/\/www.frisksportlager.se\">L\u00e4s mer om l\u00e4gret h\u00e4r.<\/a><\/p>\n<p>[\/et_pb_toggle][\/et_pb_column][et_pb_column type=&#8221;1_3&#8243; _builder_version=&#8221;4.27.4&#8243; _module_preset=&#8221;default&#8221; global_colors_info=&#8221;{}&#8221;][\/et_pb_column][\/et_pb_row][\/et_pb_section]<\/p>\n","protected":false},"excerpt":{"rendered":"<p>Idrott, h\u00e4lsa och kultur Klubbens aktiviteter Kontakta oss f\u00f6r mer information om v\u00e5ra planerade aktiviteter.\u00a0malmo@frisksport.se Vi tr\u00e4ffas och \u00e5ker l\u00e4ngdskidor eller rullskidor! Kontaktperson: Anders Eriksson,\u00a0040-611 79 05 H\u00e4ng med p\u00e5 [&hellip;]<\/p>\n","protected":false},"author":4,"featured_media":0,"parent":0,"menu_order":0,"comment_status":"closed","ping_status":"closed","template":"page-tpl-klubbsida-aktiviteter.php","meta":{"_acf_changed":false,"_et_pb_use_builder":"on","_et_pb_old_content":"","_et_gb_content_width":"","footnotes":""},"class_list":["post-16641","page","type-page","status-publish","hentry"],"acf":[],"_links":{"self":[{"href":"https:\/\/frisksport.se\/malmo\/wp-json\/wp\/v2\/pages\/16641","targetHints":{"allow":["GET"]}}],"collection":[{"href":"https:\/\/frisksport.se\/malmo\/wp-json\/wp\/v2\/pages"}],"about":[{"href":"https:\/\/frisksport.se\/malmo\/wp-json\/wp\/v2\/types\/page"}],"author":[{"embeddable":true,"href":"https:\/\/frisksport.se\/malmo\/wp-json\/wp\/v2\/users\/4"}],"replies":[{"embeddable":true,"href":"https:\/\/frisksport.se\/malmo\/wp-json\/wp\/v2\/comments?post=16641"}],"version-history":[{"count":80,"href":"https:\/\/frisksport.se\/malmo\/wp-json\/wp\/v2\/pages\/16641\/revisions"}],"predecessor-version":[{"id":18970,"href":"https:\/\/frisksport.se\/malmo\/wp-json\/wp\/v2\/pages\/16641\/revisions\/18970"}],"wp:attachment":[{"href":"https:\/\/frisksport.se\/malmo\/wp-json\/wp\/v2\/media?parent=16641"}],"curies":[{"name":"wp","href":"https:\/\/api.w.org\/{rel}","templated":true}]}}