{"id":16143,"date":"2020-10-02T09:40:46","date_gmt":"2020-10-02T07:40:46","guid":{"rendered":"https:\/\/frisksport.se\/motalatest\/?page_id=16143"},"modified":"2026-03-26T18:41:04","modified_gmt":"2026-03-26T17:41:04","slug":"bli-medlem","status":"publish","type":"page","link":"https:\/\/frisksport.se\/motala\/bli-medlem\/","title":{"rendered":"Bli medlem"},"content":{"rendered":"<p>[et_pb_section fb_built=&#8221;1&#8243; _builder_version=&#8221;4.16&#8243; _module_preset=&#8221;default&#8221; global_colors_info=&#8221;{}&#8221;][et_pb_row admin_label=&#8221;registrera-dig&#8221; module_id=&#8221;registrera-dig&#8221; _builder_version=&#8221;4.27.4&#8243; _module_preset=&#8221;default&#8221; custom_margin=&#8221;0px||0px||true|false&#8221; global_colors_info=&#8221;{}&#8221;][et_pb_column type=&#8221;4_4&#8243; _builder_version=&#8221;4.16&#8243; _module_preset=&#8221;default&#8221; global_colors_info=&#8221;{}&#8221;][et_pb_divider _builder_version=&#8221;4.27.4&#8243; _module_preset=&#8221;default&#8221; global_colors_info=&#8221;{}&#8221;][\/et_pb_divider][et_pb_text module_class=&#8221;tagged tagged-h6&#8243; _builder_version=&#8221;4.27.4&#8243; _module_preset=&#8221;default&#8221; hover_enabled=&#8221;0&#8243; global_colors_info=&#8221;{}&#8221; sticky_enabled=&#8221;0&#8243;]<\/p>\n<h6>Registrering<\/h6>\n<h2>Registrera dig<\/h2>\n<div class=\"ce_text block\">\n<p>Du som \u00e4r ny medlem registrerar dig (och ev familj) i v\u00e5rt medlemsregister\u00a0<a href=\"https:\/\/member.myclub.se\/pub\/forms\/6320\/bl4A8jghQX\/\">via denna l\u00e4nk<\/a>. Vid lyckad registrering kommer betalningsalternativ (swish, bankgiro samt fritidskortet) presenteras.<\/p>\n<\/div>\n<div class=\"ce_text block\">\n<h3><\/h3>\n<h3>Hur man betalar<\/h3>\n<p>N\u00e4r du har <a href=\"https:\/\/member.myclub.se\/pub\/forms\/6320\/bl4A8jghQX\/\">registrerat dig<\/a>\u00a0i v\u00e5rt formul\u00e4r f\u00e5r du detaljerad betalningsinfo. Vill du bara f\u00f6rnya ditt medlemskap utan att fylla i formul\u00e4ret betalar du medlemsavgiften p\u00e5 BG 5636-5802, eller swish <span>123\u00a0120 96 34<\/span>. Ange namn och typ av avgift (ex familj + 1 gym) p\u00e5 inbetalningen. Vid fr\u00e5gor eller kompletteringar, mejla till <span>motala.registrator@frisksport.se<\/span>. Du kan \u00e4ven betala avgiften via fritidskortet.<\/p>\n<div>\n<div>Om du vill utnyttja fritidskortet som hel- eller delbetalning, logga in p\u00e5\u00a0<a href=\"https:\/\/fritidskortet.se\/\">fritidskortet.se<\/a> som v\u00e5rdnadshavare och betala till Motala Frisksportungdom. OBS: Ange barnets personnummer som OCR\/meddelande! Komplettera med ev \u00f6verskjutande belopp p\u00e5 bankgirot 584-3974. Du kan anv\u00e4nda mer \u00e4n ett barns fritidskortspengar till familjeavgift.\u00a0\u00a0<\/div>\n<\/div>\n<h3>Medlemsavgifter<\/h3>\n<p>V\u00e5rt verksamhets\u00e5r str\u00e4cker sig fr\u00e5n 1\/7 &#8211; 30\/6.<br \/>Avgifterna nedan g\u00e4ller f\u00f6r<strong> verksmhets\u00e5ret 25\/26.<\/strong><\/p>\n<p>0-20 \u00e5r, pension\u00e4r: 250:-<span class=\"Apple-converted-space\"><br \/><\/span><span style=\"font-size: 16px\">\u00d6vriga: 350:-<\/span><br \/><span style=\"font-size: 16px\">Familj: 600:-<br \/><\/span><span style=\"font-size: 16px\">Gymtill\u00e4gg: + 700:-\/person<\/span><\/p>\n<h3>Styrketr\u00e4ningstill\u00e4gg<\/h3>\n<p>Du vet v\u00e4l att vi driver Motalas kanske b\u00e4sta och mest prisv\u00e4rda gym p\u00e5 \u00f6verv\u00e5ningen i Sporthallen? F\u00f6r att f\u00e5 tillg\u00e5ng till det m\u00e5ste du <span>b\u00e5de<\/span> vara medlem i Motala FK <span>och<\/span>\u00a0betala styrketr\u00e4ningstill\u00e4gg. Styrketr\u00e4ningstill\u00e4gget r\u00e4cker i praktiken fram till i slutet p\u00e5 augusti, d\u00e5 vi programmerar om taggarna.<br \/>Om du erlagt styrketr\u00e4ningstill\u00e4gg m\u00e5ste du sj\u00e4lv h\u00e4mta\u00a0ut din inpasseringstagg\u00a0p\u00e5 gymmet n\u00e4r vi tagit emot och registrerat din betalning (det tar n\u00e5gra dagar). <a href=\".\/gymmet\">L\u00e4s mer om hur gymmet funkar h\u00e4r.<\/a><\/p>\n<\/div>\n<div class=\"ce_text block\">\n<p>&nbsp;<\/p>\n<\/div>\n<p>[\/et_pb_text][\/et_pb_column][\/et_pb_row][et_pb_row admin_label=&#8221;ditt-medlemsskap&#8221; module_id=&#8221;ditt-medlemsskap&#8221; _builder_version=&#8221;4.27.4&#8243; _module_preset=&#8221;default&#8221; custom_margin=&#8221;0px||0px||true|false&#8221; global_colors_info=&#8221;{}&#8221;][et_pb_column type=&#8221;4_4&#8243; _builder_version=&#8221;4.27.4&#8243; _module_preset=&#8221;default&#8221; global_colors_info=&#8221;{}&#8221;][et_pb_divider _builder_version=&#8221;4.27.4&#8243; _module_preset=&#8221;default&#8221; global_colors_info=&#8221;{}&#8221;][\/et_pb_divider][et_pb_text module_class=&#8221;tagged tagged-h2&#8243; _builder_version=&#8221;4.27.4&#8243; _module_preset=&#8221;default&#8221; locked=&#8221;off&#8221; global_colors_info=&#8221;{}&#8221;]<\/p>\n<h6>Ditt medlemsskap<\/h6>\n<h2>Det h\u00e4r g\u00e4ller<\/h2>\n<p><span><strong>Som medlem lovar du:<\/strong><br \/>att f\u00f6lja klubbens regler:<br \/>&#8211; Frisksportverksamhet \u00e4r helt fri fr\u00e5n tobak, alkohol och andra droger.<br \/>&#8211; Frisksportverksamhet \u00e4r fri fr\u00e5n all form av mobbning och rasism.<\/span><\/p>\n<p><span><strong>Som medlem\u00a0f\u00e5r du:<\/strong><br \/>&#8211; Tidningen Frisksport hem i brevl\u00e5dan.<br \/>&#8211; F\u00f6rs\u00e4kring under frisksportverksamhet och resan dit och hem.<br \/><\/span><span>&#8211; Aktuell information om klubben via mejl.<br \/>&#8211; Ha roligt tillsammans med likasinnade.<\/span><\/p>\n<p><span><strong>En drogfri verksamhet\u00a0<\/strong><\/span><\/p>\n<ul>\n<li><strong>Medlemsbekr\u00e4ftelse<\/strong> (g\u00e4ller alla medlemmar)<br \/>Jag st\u00f6djer arbetet med h\u00e4lsosam verksamhet d\u00e4r alla \u00e4r v\u00e4lkomna. Jag avst\u00e5r fr\u00e5n alkohol*, tobak, nikotin, dopingpreparat och narkotika** i alla frisksportsammanhang.<\/li>\n<li><strong>Frisksportl\u00f6ftet <\/strong>(obligatoriskt f\u00f6r medlemmar 12-18 \u00e5r, frivilligt f\u00f6r vuxna)<br \/>Jag v\u00e4ljer att avst\u00e5 fr\u00e5n alkohol*, tobak, nikotin, dopingpreparat och narkotika** i alla sammanhang.<\/li>\n<\/ul>\n<p><em>*avser drycker med mer \u00e4n 2,25 volymprocent (= 1,8 viktprocent) alkohol.<br \/><\/em><em>**avser olaglig anv\u00e4ndning av narkotika, vilket ej innefattar l\u00e4kemedel utskrivet av l\u00e4kare.<\/em><\/p>\n<p>[\/et_pb_text][\/et_pb_column][\/et_pb_row][et_pb_row admin_label=&#8221;vanliga-fragor&#8221; module_id=&#8221;vanliga-fragor&#8221; _builder_version=&#8221;4.27.4&#8243; _module_preset=&#8221;default&#8221; custom_margin=&#8221;0px||0px||true|false&#8221; global_colors_info=&#8221;{}&#8221;][et_pb_column type=&#8221;4_4&#8243; _builder_version=&#8221;4.27.4&#8243; _module_preset=&#8221;default&#8221; global_colors_info=&#8221;{}&#8221;][et_pb_divider _builder_version=&#8221;4.27.4&#8243; _module_preset=&#8221;default&#8221; global_colors_info=&#8221;{}&#8221;][\/et_pb_divider][et_pb_text module_class=&#8221;tagged tagged-h6&#8243; _builder_version=&#8221;4.27.4&#8243; _module_preset=&#8221;default&#8221; hover_enabled=&#8221;0&#8243; global_colors_info=&#8221;{}&#8221; sticky_enabled=&#8221;0&#8243;]<\/p>\n<h6>Vanliga fr\u00e5gor<\/h6>\n<h2>Svar p\u00e5 vanliga fr\u00e5gor<\/h2>\n<p><span>F: <\/span>Som medlem, kan jag delta kostnadsfritt i Frisksport Motalas alla aktiviteter?<br \/><span>S:<\/span> I medlemsavgiften ing\u00e5r alla v\u00e5ra aktiviteter, utom styrketr\u00e4ning. Vill du tr\u00e4na i v\u00e5rt gym p\u00e5 \u00f6verv\u00e5ningen i sporthallen ska du betala medlemsavgift och styrketr\u00e4ningstill\u00e4gg.<\/p>\n<p><span>F: <\/span>Min son\/mamma\/bror\/syssling bor inte hos mig. Vi \u00e4r v\u00e4l \u00e4nd\u00e5 en \u201dfamilj\u201d?<br \/><span>S: F<\/span>amiljeavgiften g\u00e4ller f\u00f6r de f\u00f6r\u00e4ldrar som bor ihop och deras barn (0-20\u00e5r), oavsett var barnen bor. Dessutom f\u00e5r \u00e4ldre ungdomar som flyttat till annan ort f\u00f6r att studera h\u00f6ra till sin &#8220;gamla&#8221; familj.<\/p>\n<p><span>F: <\/span>Verksamhets\u00e5ret b\u00f6rjar redan 1\/7 men nu \u00e4r det oktober. Jag f\u00f6rlorar 3 m\u00e5nader om jag betalar nu. Vad t\u00e4nker ni g\u00f6ra \u00e5t det?<br \/><span>S: <\/span>Inget. V\u00e5r ideella f\u00f6rening har ett verksamhets\u00e5r och begr\u00e4nsade resurser. Rullande perioder passar inte in och skulle medf\u00f6ra mycket merarbete. Vi anser att v\u00e5ra avgifter \u00e4r v\u00e4ldigt humana \u00e4nd\u00e5.<br \/>Vi har s\u00e4nkta avgifter f\u00f6r v\u00e5rterminen, de b\u00f6rjar g\u00e4lla 1\/1.<\/p>\n<p><span>F: <\/span>Kom igen nu, det \u00e4r n\u00e4stan sommar och d\u00e5 blir gym-kostnaden v\u00e4ldigt h\u00f6g f\u00f6r den tid som \u00e4r kvar.<br \/><span>S: <\/span>Vi brukar sl\u00e4ppa nya kort i b\u00f6rjan av juni, s\u00e5 d\u00e5 finns det m\u00f6jlighet att teckna sig f\u00f6r hela n\u00e4sta verksamhets\u00e5r. Eller s\u00e5 kan man teckna ett speciellt sommargymkort inklusive medlemskap.<\/p>\n<p><span>F: <\/span>Jag beh\u00f6ver ett kvitto p\u00e5 gymavgiften. Hur ordnar ni det?<br \/><span>S: <\/span>Be om kvitto n\u00e4r du h\u00e4mtar ditt passerkort p\u00e5 gymmet!<\/p>\n<p>F: Kan jag anv\u00e4nda mitt friskv\u00e5rdsbidrag\/peng f\u00f6r att tr\u00e4na hos er?<br \/>S: Friskv\u00e5rdsbidrag brukar kunna anv\u00e4ndas till v\u00e5rt styrketr\u00e4ningstill\u00e4gg. Man kan inte anv\u00e4nda friskv\u00e5rdsbidraget f\u00f6r att betala medlemsavgften.<\/p>\n<p>F: Kan jag anv\u00e4nda mitt friskv\u00e5rdsbidrag som jag f\u00e5r via ActiWay hos er?<br \/>S: Vi som ideell f\u00f6rening har valt att inte ansluta oss till <span class=\"il\">ActiWay,\u00a0<\/span>eftersom vi som f\u00f6rening f\u00e5r betala 10% av avgiften i ers\u00e4ttning till <span class=\"il\">ActiWay<\/span>. Det\u00a0tycker vi\u00a0\u00e4r or\u00e4ttvist mot v\u00e5ra \u00f6vriga medlemmar.<\/p>\n<p>[\/et_pb_text][\/et_pb_column][\/et_pb_row][\/et_pb_section]<\/p>\n","protected":false},"excerpt":{"rendered":"<p>Registrering Registrera dig Du som \u00e4r ny medlem registrerar dig (och ev familj) i v\u00e5rt medlemsregister\u00a0via denna l\u00e4nk. Vid lyckad registrering kommer betalningsalternativ (swish, bankgiro samt fritidskortet) presenteras. Hur man [&hellip;]<\/p>\n","protected":false},"author":2,"featured_media":0,"parent":0,"menu_order":0,"comment_status":"closed","ping_status":"closed","template":"page-tpl-w-sticky-sidebar.php","meta":{"_acf_changed":false,"_et_pb_use_builder":"on","_et_pb_old_content":"","_et_gb_content_width":"","footnotes":""},"class_list":["post-16143","page","type-page","status-publish","hentry"],"acf":[],"_links":{"self":[{"href":"https:\/\/frisksport.se\/motala\/wp-json\/wp\/v2\/pages\/16143","targetHints":{"allow":["GET"]}}],"collection":[{"href":"https:\/\/frisksport.se\/motala\/wp-json\/wp\/v2\/pages"}],"about":[{"href":"https:\/\/frisksport.se\/motala\/wp-json\/wp\/v2\/types\/page"}],"author":[{"embeddable":true,"href":"https:\/\/frisksport.se\/motala\/wp-json\/wp\/v2\/users\/2"}],"replies":[{"embeddable":true,"href":"https:\/\/frisksport.se\/motala\/wp-json\/wp\/v2\/comments?post=16143"}],"version-history":[{"count":46,"href":"https:\/\/frisksport.se\/motala\/wp-json\/wp\/v2\/pages\/16143\/revisions"}],"predecessor-version":[{"id":19063,"href":"https:\/\/frisksport.se\/motala\/wp-json\/wp\/v2\/pages\/16143\/revisions\/19063"}],"wp:attachment":[{"href":"https:\/\/frisksport.se\/motala\/wp-json\/wp\/v2\/media?parent=16143"}],"curies":[{"name":"wp","href":"https:\/\/api.w.org\/{rel}","templated":true}]}}