{"id":16160,"date":"2020-10-02T09:56:54","date_gmt":"2020-10-02T07:56:54","guid":{"rendered":"https:\/\/frisksport.se\/norrkopingtest\/?page_id=16160"},"modified":"2025-06-10T10:10:55","modified_gmt":"2025-06-10T08:10:55","slug":"om","status":"publish","type":"page","link":"https:\/\/frisksport.se\/norrkoping\/om\/","title":{"rendered":"Om oss"},"content":{"rendered":"<p>[et_pb_section fb_built=&#8221;1&#8243; _builder_version=&#8221;4.17.4&#8243; _module_preset=&#8221;default&#8221; custom_margin=&#8221;0px||||false|false&#8221; custom_padding=&#8221;30px||||false|false&#8221; global_colors_info=&#8221;{}&#8221;][et_pb_row column_structure=&#8221;2_3,1_3&#8243; _builder_version=&#8221;4.17.4&#8243; _module_preset=&#8221;default&#8221; custom_margin_tablet=&#8221;0px||0px||true|false&#8221; custom_margin_phone=&#8221;0px||0px||true|false&#8221; custom_margin_last_edited=&#8221;on|tablet&#8221; locked=&#8221;off&#8221; global_colors_info=&#8221;{}&#8221;][et_pb_column type=&#8221;2_3&#8243; _builder_version=&#8221;4.16&#8243; _module_preset=&#8221;default&#8221; global_colors_info=&#8221;{}&#8221;][et_pb_text module_class=&#8221;breadcrumbs&#8221; _builder_version=&#8221;4.17.4&#8243; _dynamic_attributes=&#8221;content&#8221; _module_preset=&#8221;default&#8221; text_font=&#8221;Averta-Bold|||on|||||&#8221; custom_margin=&#8221;||0px||false|false&#8221; locked=&#8221;off&#8221; global_colors_info=&#8221;{}&#8221;]@ET-DC@eyJkeW5hbWljIjp0cnVlLCJjb250ZW50IjoicG9zdF90aXRsZSIsInNldHRpbmdzIjp7ImJlZm9yZSI6IiIsImFmdGVyIjoiIn19@[\/et_pb_text][et_pb_text module_id=&#8221;om-frisksport&#8221; _builder_version=&#8221;4.17.4&#8243; _module_preset=&#8221;default&#8221; custom_margin=&#8221;0px||0px||false|false&#8221; custom_padding=&#8221;||0px||false|false&#8221; global_colors_info=&#8221;{}&#8221;]<\/p>\n<h1>Om oss<\/h1>\n<p>[\/et_pb_text][et_pb_text _builder_version=&#8221;4.21.0&#8243; _module_preset=&#8221;default&#8221; custom_margin=&#8221;0px||||false|false&#8221; custom_padding=&#8221;0px||||false|false&#8221; global_colors_info=&#8221;{}&#8221;]<\/p>\n<h4>Vi \u00e4r tv\u00e5 f\u00f6reningar, Norrk\u00f6pings Frisksportklubb och Norrk\u00f6pings Frisksportungdom, som ordnar m\u00e5nga inom friluftsliv f\u00f6r alla \u00e5ldrar! Mycket av v\u00e5r verksamhet centreras kring \u00f6n Oxmyren.<\/h4>\n<h5>I v\u00e5ra klubbar g\u00f6r vi aktiviteter som \u00e4r roliga och fr\u00e4mjar ett h\u00e4lsosamt liv. Friluftsliv \u00e4r centralt f\u00f6r v\u00e5ra aktiviteter och hos oss kan hela familjen vara med.<\/h5>\n<p>[\/et_pb_text][et_pb_image src=&#8221;https:\/\/frisksport.se\/norrkoping\/wp-content\/uploads\/sites\/17\/2022\/12\/Emma2.jpg&#8221; title_text=&#8221;Emma2&#8243; _builder_version=&#8221;4.17.4&#8243; _module_preset=&#8221;default&#8221; width_last_edited=&#8221;off|phone&#8221; height=&#8221;100px&#8221; height_tablet=&#8221;100px&#8221; height_phone=&#8221;75px&#8221; height_last_edited=&#8221;on|phone&#8221; custom_margin=&#8221;|3%|||false|false&#8221; custom_margin_tablet=&#8221;|30px|||false|false&#8221; custom_margin_phone=&#8221;|20px|||false|false&#8221; custom_margin_last_edited=&#8221;on|tablet&#8221; custom_css_main_element=&#8221;float:left;&#8221; border_radii=&#8221;on|90px|90px|90px|90px&#8221; global_colors_info=&#8221;{}&#8221;][\/et_pb_image][et_pb_text _builder_version=&#8221;4.17.4&#8243; _module_preset=&#8221;default&#8221; custom_margin=&#8221;60px|120px|60px|120px|false|true&#8221; custom_margin_tablet=&#8221;&#8221; custom_margin_phone=&#8221;50px|0px|50px|90px|false|false&#8221; custom_margin_last_edited=&#8221;on|phone&#8221; custom_padding=&#8221;||||false|false&#8221; global_colors_info=&#8221;{}&#8221;]<\/p>\n<h5><span style=\"font-size: 16px;\"><strong>Emma Zetterholm<\/strong><br \/><\/span>Ordf\u00f6rande<\/h5>\n<p>[\/et_pb_text][et_pb_divider color=&#8221;#051466&#8243; divider_weight=&#8221;2px&#8221; _builder_version=&#8221;4.17.4&#8243; _module_preset=&#8221;default&#8221; global_colors_info=&#8221;{}&#8221;][\/et_pb_divider][\/et_pb_column][et_pb_column type=&#8221;1_3&#8243; module_id=&#8221;sticky&#8221; disabled_on=&#8221;on|on|off&#8221; _builder_version=&#8221;4.16&#8243; _module_preset=&#8221;default&#8221; background_color=&#8221;#ffffff&#8221; custom_padding=&#8221;10px|10px|10px|10px|true|true&#8221; sticky_position_tablet=&#8221;none&#8221; sticky_position_phone=&#8221;&#8221; sticky_position_last_edited=&#8221;on|phone&#8221; global_colors_info=&#8221;{}&#8221;][et_pb_text _builder_version=&#8221;4.17.4&#8243; _module_preset=&#8221;default&#8221; custom_margin=&#8221;0px||10px||false|false&#8221; border_width_bottom=&#8221;2px&#8221; border_color_bottom=&#8221;#051466&#8243; locked=&#8221;off&#8221; global_colors_info=&#8221;{}&#8221;]<\/p>\n<h6>Inneh\u00e5ll<\/h6>\n<p>[\/et_pb_text][et_pb_text module_class=&#8221;content&#8221; _builder_version=&#8221;4.17.4&#8243; _module_preset=&#8221;default&#8221; text_text_color=&#8221;#051466&#8243; header_4_text_color=&#8221;#0072DA&#8221; global_colors_info=&#8221;{}&#8221;]<\/p>\n<h4><a>Genererar Inneh\u00e5llsf\u00f6rteckning<\/a><\/h4>\n<p>[\/et_pb_text][et_pb_text _builder_version=&#8221;4.17.4&#8243; _module_preset=&#8221;default&#8221; custom_margin=&#8221;40px||10px||false|false&#8221; border_width_bottom=&#8221;2px&#8221; border_color_bottom=&#8221;#051466&#8243; locked=&#8221;off&#8221; global_colors_info=&#8221;{}&#8221;]<\/p>\n<h6>Relaterat<\/h6>\n<p>[\/et_pb_text][et_pb_text _builder_version=&#8221;4.17.4&#8243; _dynamic_attributes=&#8221;link_option_url&#8221; _module_preset=&#8221;default&#8221; text_font=&#8221;Averta Bold|||on|||||&#8221; text_text_color=&#8221;#036EDA&#8221; text_letter_spacing=&#8221;0.5px&#8221; text_line_height=&#8221;35px&#8221; header_2_font=&#8221;Averta Bold||||||||&#8221; header_6_font=&#8221;Averta-Bold||||||||&#8221; background_image=&#8221;https:\/\/frisksport.se\/norrkopingtest\/wp-content\/uploads\/sites\/17\/2022\/11\/pil-ostergotland.png&#8221; background_size=&#8221;contain&#8221; background_position=&#8221;center_left&#8221; custom_margin=&#8221;||20px||false|false&#8221; custom_padding=&#8221;|||50px|false|false&#8221; link_option_url=&#8221;@ET-DC@eyJkeW5hbWljIjp0cnVlLCJjb250ZW50IjoicG9zdF9saW5rX3VybF9wYWdlIiwic2V0dGluZ3MiOnsicG9zdF9pZCI6IjE2MTUxIn19@&#8221; header_font_last_edited=&#8221;off|tablet&#8221; header_font_size_tablet=&#8221;&#8221; header_font_size_phone=&#8221;&#8221; header_font_size_last_edited=&#8221;on|tablet&#8221; header_3_font_size_tablet=&#8221;26px&#8221; header_3_font_size_phone=&#8221;26px&#8221; header_3_font_size_last_edited=&#8221;on|tablet&#8221; header_3_line_height_tablet=&#8221;29px&#8221; header_3_line_height_phone=&#8221;29px&#8221; header_3_line_height_last_edited=&#8221;on|phone&#8221; header_4_font_size_tablet=&#8221;16px&#8221; header_4_font_size_phone=&#8221;&#8221; header_4_font_size_last_edited=&#8221;on|phone&#8221; header_4_line_height_tablet=&#8221;&#8221; header_4_line_height_phone=&#8221;&#8221; header_4_line_height_last_edited=&#8221;on|desktop&#8221; header_5_font_size_tablet=&#8221;15px&#8221; header_5_font_size_phone=&#8221;15px&#8221; header_5_font_size_last_edited=&#8221;on|desktop&#8221; header_5_line_height_tablet=&#8221;21px&#8221; header_5_line_height_phone=&#8221;21px&#8221; header_5_line_height_last_edited=&#8221;on|phone&#8221; header_6_line_height_tablet=&#8221;&#8221; header_6_line_height_phone=&#8221;14px&#8221; header_6_line_height_last_edited=&#8221;on|tablet&#8221; locked=&#8221;off&#8221; global_colors_info=&#8221;{}&#8221;]<\/p>\n<p>Kontakta oss<\/p>\n<p>[\/et_pb_text][et_pb_text _builder_version=&#8221;4.17.4&#8243; _dynamic_attributes=&#8221;link_option_url&#8221; _module_preset=&#8221;default&#8221; text_font=&#8221;Averta Bold|||on|||||&#8221; text_text_color=&#8221;#036EDA&#8221; text_letter_spacing=&#8221;0.5px&#8221; text_line_height=&#8221;35px&#8221; header_2_font=&#8221;Averta Bold||||||||&#8221; header_6_font=&#8221;Averta-Bold||||||||&#8221; background_image=&#8221;https:\/\/frisksport.se\/norrkopingtest\/wp-content\/uploads\/sites\/17\/2022\/11\/pil-ostergotland.png&#8221; background_size=&#8221;contain&#8221; background_position=&#8221;center_left&#8221; custom_margin=&#8221;||20px||false|false&#8221; custom_padding=&#8221;|||50px|false|false&#8221; link_option_url=&#8221;@ET-DC@eyJkeW5hbWljIjp0cnVlLCJjb250ZW50IjoicG9zdF9saW5rX3VybF9wYWdlIiwic2V0dGluZ3MiOnsicG9zdF9pZCI6IjE2MTQ1In19@&#8221; header_font_last_edited=&#8221;off|tablet&#8221; header_font_size_tablet=&#8221;&#8221; header_font_size_phone=&#8221;&#8221; header_font_size_last_edited=&#8221;on|tablet&#8221; header_3_font_size_tablet=&#8221;26px&#8221; header_3_font_size_phone=&#8221;26px&#8221; header_3_font_size_last_edited=&#8221;on|tablet&#8221; header_3_line_height_tablet=&#8221;29px&#8221; header_3_line_height_phone=&#8221;29px&#8221; header_3_line_height_last_edited=&#8221;on|phone&#8221; header_4_font_size_tablet=&#8221;16px&#8221; header_4_font_size_phone=&#8221;&#8221; header_4_font_size_last_edited=&#8221;on|phone&#8221; header_4_line_height_tablet=&#8221;&#8221; header_4_line_height_phone=&#8221;&#8221; header_4_line_height_last_edited=&#8221;on|desktop&#8221; header_5_font_size_tablet=&#8221;15px&#8221; header_5_font_size_phone=&#8221;15px&#8221; header_5_font_size_last_edited=&#8221;on|desktop&#8221; header_5_line_height_tablet=&#8221;21px&#8221; header_5_line_height_phone=&#8221;21px&#8221; header_5_line_height_last_edited=&#8221;on|phone&#8221; header_6_line_height_tablet=&#8221;&#8221; header_6_line_height_phone=&#8221;14px&#8221; header_6_line_height_last_edited=&#8221;on|tablet&#8221; locked=&#8221;off&#8221; global_colors_info=&#8221;{}&#8221;]<\/p>\n<p>V\u00e5ra aktiviteter<\/p>\n<p>[\/et_pb_text][et_pb_text _builder_version=&#8221;4.17.4&#8243; _module_preset=&#8221;default&#8221; text_font=&#8221;Averta Bold|||on|||||&#8221; text_text_color=&#8221;#036EDA&#8221; text_letter_spacing=&#8221;0.5px&#8221; text_line_height=&#8221;35px&#8221; header_2_font=&#8221;Averta Bold||||||||&#8221; header_6_font=&#8221;Averta-Bold||||||||&#8221; background_image=&#8221;https:\/\/frisksport.se\/norrkopingtest\/wp-content\/uploads\/sites\/17\/2022\/11\/pil-ostergotland.png&#8221; background_size=&#8221;contain&#8221; background_position=&#8221;center_left&#8221; custom_margin=&#8221;||20px||false|false&#8221; custom_padding=&#8221;|||50px|false|false&#8221; link_option_url=&#8221;https:\/\/frisksport.se&#8221; link_option_url_new_window=&#8221;on&#8221; header_font_last_edited=&#8221;off|tablet&#8221; header_font_size_tablet=&#8221;&#8221; header_font_size_phone=&#8221;&#8221; header_font_size_last_edited=&#8221;on|tablet&#8221; header_3_font_size_tablet=&#8221;26px&#8221; header_3_font_size_phone=&#8221;26px&#8221; header_3_font_size_last_edited=&#8221;on|tablet&#8221; header_3_line_height_tablet=&#8221;29px&#8221; header_3_line_height_phone=&#8221;29px&#8221; header_3_line_height_last_edited=&#8221;on|phone&#8221; header_4_font_size_tablet=&#8221;16px&#8221; header_4_font_size_phone=&#8221;&#8221; header_4_font_size_last_edited=&#8221;on|phone&#8221; header_4_line_height_tablet=&#8221;&#8221; header_4_line_height_phone=&#8221;&#8221; header_4_line_height_last_edited=&#8221;on|desktop&#8221; header_5_font_size_tablet=&#8221;15px&#8221; header_5_font_size_phone=&#8221;15px&#8221; header_5_font_size_last_edited=&#8221;on|desktop&#8221; header_5_line_height_tablet=&#8221;21px&#8221; header_5_line_height_phone=&#8221;21px&#8221; header_5_line_height_last_edited=&#8221;on|phone&#8221; header_6_line_height_tablet=&#8221;&#8221; header_6_line_height_phone=&#8221;14px&#8221; header_6_line_height_last_edited=&#8221;on|tablet&#8221; locked=&#8221;off&#8221; global_colors_info=&#8221;{}&#8221;]<\/p>\n<p>TILL FRISKSPORT.SE<\/p>\n<p>[\/et_pb_text][\/et_pb_column][\/et_pb_row][et_pb_row column_structure=&#8221;2_3,1_3&#8243; _builder_version=&#8221;4.17.4&#8243; _module_preset=&#8221;default&#8221; width_tablet=&#8221;80%&#8221; width_last_edited=&#8221;off|phone&#8221; custom_margin_tablet=&#8221;0px||0px||true|false&#8221; custom_margin_phone=&#8221;0px||0px||true|false&#8221; custom_margin_last_edited=&#8221;on|tablet&#8221; locked=&#8221;off&#8221; global_colors_info=&#8221;{}&#8221;][et_pb_column type=&#8221;2_3&#8243; _builder_version=&#8221;4.16&#8243; _module_preset=&#8221;default&#8221; global_colors_info=&#8221;{}&#8221;][et_pb_text module_class=&#8221;tagged tagged-h6&#8243; _builder_version=&#8221;4.17.4&#8243; _module_preset=&#8221;default&#8221; header_font=&#8221;||||||||&#8221; header_2_font=&#8221;Averta Bold||||||||&#8221; header_6_font=&#8221;|700||on|||||&#8221; custom_margin=&#8221;15px||||false|false&#8221; header_font_phone=&#8221;Default||||||||&#8221; global_colors_info=&#8221;{}&#8221;]<\/p>\n<h6>Det h\u00e4r \u00e4r frisksport<\/h6>\n<h2>Allt h\u00e4nger ihop!<\/h2>\n<h4>Frisksport handlar om att m\u00e5 bra och\u00a0ha kul tillsammans, samtidigt som vi v\u00e4rnar om varandra och v\u00e5r omv\u00e4rld.\u00a0Hos oss kan du vara med p\u00e5 roliga aktiviteter, kan hitta en tr\u00e4ningsform som passar dig och du kan \u00e4ven engagera dig tillsammans med andra.<\/h4>\n<p>[\/et_pb_text][et_pb_image src=&#8221;https:\/\/frisksport.se\/norrkoping\/wp-content\/uploads\/sites\/17\/2023\/04\/salladskal.png&#8221; title_text=&#8221;salladsk\u00e5l&#8221; _builder_version=&#8221;4.17.4&#8243; _module_preset=&#8221;default&#8221; width=&#8221;13%&#8221; width_tablet=&#8221;13%&#8221; width_phone=&#8221;15%&#8221; width_last_edited=&#8221;on|phone&#8221; custom_margin=&#8221;||||false|false&#8221; custom_css_main_element=&#8221;float:left;||clear: left;&#8221; global_colors_info=&#8221;{}&#8221;][\/et_pb_image][et_pb_text _builder_version=&#8221;4.16&#8243; _module_preset=&#8221;default&#8221; header_2_font=&#8221;Averta Bold||||||||&#8221; min_height=&#8221;14vh&#8221; custom_margin=&#8221;|||13%|false|false&#8221; custom_padding=&#8221;|||30px|false|false&#8221; global_colors_info=&#8221;{}&#8221;]<\/p>\n<h4>Ta hand om kroppen<\/h4>\n<h5>Att ta hand om sig sj\u00e4lv \u00e4r viktigt f\u00f6r att m\u00e5 bra och f\u00e5 kroppen att h\u00e5lla l\u00e4nge. Att \u00e4ta nyttigt, r\u00f6ra p\u00e5 sig, sova bra och stressa mindre \u00e4r en f\u00f6ruts\u00e4ttning f\u00f6r att orka med vardagen och h\u00e5lla sig frisk.\u00a0<\/h5>\n<p>[\/et_pb_text][et_pb_image src=&#8221;https:\/\/frisksport.se\/norrkoping\/wp-content\/uploads\/sites\/17\/2023\/04\/vattenflaska.png&#8221; title_text=&#8221;vattenflaska&#8221; _builder_version=&#8221;4.17.4&#8243; _module_preset=&#8221;default&#8221; width=&#8221;13%&#8221; width_tablet=&#8221;13%&#8221; width_phone=&#8221;15%&#8221; width_last_edited=&#8221;on|phone&#8221; custom_css_main_element=&#8221;float:left;||clear:left;&#8221; global_colors_info=&#8221;{}&#8221;][\/et_pb_image][et_pb_text _builder_version=&#8221;4.16&#8243; _module_preset=&#8221;default&#8221; header_2_font=&#8221;Averta Bold||||||||&#8221; min_height=&#8221;14vh&#8221; custom_margin=&#8221;|||13%|false|false&#8221; custom_padding=&#8221;|||30px|false|false&#8221; global_colors_info=&#8221;{}&#8221;]<\/p>\n<h4>Aktiv vardag<\/h4>\n<h5>V\u00e5ra kroppar \u00e4r skapade f\u00f6r att r\u00f6ra p\u00e5 sig och genom att tr\u00e4na och ut\u00f6va friluftsliv m\u00e5r vi b\u00e4ttre. Som frisksportare tr\u00e4nar du f\u00f6r din egen skull, p\u00e5 det s\u00e4tt och p\u00e5 den niv\u00e5 du sj\u00e4lv v\u00e4ljer.<\/h5>\n<p>[\/et_pb_text][et_pb_image src=&#8221;https:\/\/frisksport.se\/norrkoping\/wp-content\/uploads\/sites\/17\/2023\/04\/lotusblomma.png&#8221; title_text=&#8221;lotusblomma&#8221; _builder_version=&#8221;4.17.4&#8243; _module_preset=&#8221;default&#8221; width=&#8221;13%&#8221; width_tablet=&#8221;13%&#8221; width_phone=&#8221;15%&#8221; width_last_edited=&#8221;on|phone&#8221; custom_css_main_element=&#8221;float:left;||clear: left;&#8221; global_colors_info=&#8221;{}&#8221;][\/et_pb_image][et_pb_text _builder_version=&#8221;4.21.0&#8243; _module_preset=&#8221;default&#8221; header_2_font=&#8221;Averta Bold||||||||&#8221; min_height=&#8221;14vh&#8221; custom_margin=&#8221;|||13%|false|false&#8221; custom_padding=&#8221;|||30px|false|false&#8221; global_colors_info=&#8221;{}&#8221;]<\/p>\n<h4>Fritt fr\u00e5n droger<\/h4>\n<h5>Att tr\u00e4na och \u00e4ta nyttigt bygger upp kroppen medan tobak, alkohol och andra droger bryter ner den. Alla v\u00e5ra aktiviteter \u00e4r alltid fria fr\u00e5n tobak, alkohol och andra droger och m\u00e5nga medlemmar v\u00e4ljer ett helnyktert och tobaksfritt liv.<\/h5>\n<p>[\/et_pb_text][et_pb_image src=&#8221;https:\/\/frisksport.se\/norrkoping\/wp-content\/uploads\/sites\/17\/2023\/04\/blad.png&#8221; title_text=&#8221;blad&#8221; _builder_version=&#8221;4.17.4&#8243; _module_preset=&#8221;default&#8221; width=&#8221;13%&#8221; width_tablet=&#8221;13%&#8221; width_phone=&#8221;15%&#8221; width_last_edited=&#8221;on|phone&#8221; custom_css_main_element=&#8221;float:left;||clear: left;&#8221; global_colors_info=&#8221;{}&#8221;][\/et_pb_image][et_pb_text _builder_version=&#8221;4.16&#8243; _module_preset=&#8221;default&#8221; header_2_font=&#8221;Averta Bold||||||||&#8221; min_height=&#8221;14vh&#8221; custom_margin=&#8221;|||13%|false|false&#8221; custom_padding=&#8221;|||30px|false|false&#8221; global_colors_info=&#8221;{}&#8221;]<\/p>\n<h4>H\u00e5llbar utveckling<\/h4>\n<h5>H\u00e5llbar utveckling handlar om att leva p\u00e5 ett s\u00e4tt som \u00e4r h\u00e5llbart \u00e4ven f\u00f6r framtiden. Vi beh\u00f6ver alla hj\u00e4lpas \u00e5t att ta hand om v\u00e5r milj\u00f6 och varandra.<\/h5>\n<p>[\/et_pb_text][et_pb_image src=&#8221;https:\/\/frisksport.se\/norrkoping\/wp-content\/uploads\/sites\/17\/2023\/04\/medlem.png&#8221; title_text=&#8221;medlem&#8221; _builder_version=&#8221;4.17.4&#8243; _module_preset=&#8221;default&#8221; width=&#8221;13%&#8221; width_tablet=&#8221;13%&#8221; width_phone=&#8221;15%&#8221; width_last_edited=&#8221;on|phone&#8221; custom_css_main_element=&#8221;float:left;||clear: left;&#8221; global_colors_info=&#8221;{}&#8221;][\/et_pb_image][et_pb_text _builder_version=&#8221;4.16&#8243; _module_preset=&#8221;default&#8221; header_2_font=&#8221;Averta Bold||||||||&#8221; min_height=&#8221;14vh&#8221; custom_margin=&#8221;|||13%|false|false&#8221; custom_padding=&#8221;|||30px|false|false&#8221; global_colors_info=&#8221;{}&#8221;]<\/p>\n<h4>Gemenskap<\/h4>\n<h5>Inom Frisksport vill vi umg\u00e5s och dela upplevelser tillsammans med andra. Hos oss \u00e4r alla v\u00e4lkomna och det finns chans att tr\u00e4ffa m\u00e4nniskor med olika bakgrund och fr\u00e5n olika delar av landet.<\/h5>\n<p>[\/et_pb_text][et_pb_divider color=&#8221;#051466&#8243; divider_weight=&#8221;2px&#8221; disabled_on=&#8221;off|off|off&#8221; _builder_version=&#8221;4.17.4&#8243; _module_preset=&#8221;default&#8221; custom_margin=&#8221;15px||15px||false|false&#8221; disabled=&#8221;on&#8221; global_module=&#8221;15682&#8243; saved_tabs=&#8221;all&#8221; locked=&#8221;off&#8221; global_colors_info=&#8221;{}&#8221;][\/et_pb_divider][et_pb_text module_class=&#8221;tagged tagged-h6&#8243; _builder_version=&#8221;4.17.4&#8243; _module_preset=&#8221;default&#8221; header_2_font=&#8221;Averta Bold||||||||&#8221; custom_margin=&#8221;||0px||false|false&#8221; global_colors_info=&#8221;{}&#8221;]<\/p>\n<h6>En Frisksportr\u00f6relse<\/h6>\n<h2>Klubbar, distrikt och f\u00f6rbund<\/h2>\n<h5>Norrk\u00f6pings Frisksportklubb och Norrk\u00f6pings Frisksportungdom \u00e4r anslutna till \u00d6sterg\u00f6tlands Frisksportdistrikt respektive \u00d6sterg\u00f6tlands Frisksportungdom som \u00e4r samarbetsorganisationer f\u00f6r andra frisksportklubbar i \u00d6sterg\u00f6tland. V\u00e5ra klubbar \u00e4r \u00e4ven anslutna till riksorganisationerna Svenska Frisksportf\u00f6rbundet och Frisksportens Ungdomsf\u00f6rbund. Tillsammans kallas vi Frisksportr\u00f6relsen.<\/h5>\n<h5>Frisksport har funnits i Sverige sedan 20-talet och har under \u00e5ren verkat f\u00f6r b\u00e4ttre folkh\u00e4lsa genom att engagera m\u00e4nniskor i tr\u00e4ning, friluftsliv och h\u00e4lsa. Vi idrottar f\u00f6r att det \u00e4r roligt och f\u00f6r att m\u00e5 bra!<\/h5>\n<h5>Aktiviteterna kan skilja sig \u00e5t i frisksportklubbarna i landet men grundtanken om att erbjuda roliga aktiviteter i en drogfri gemenskap \u00e4r densamma. Tack vare samarbeten med andra klubbar, distrikt och f\u00f6rbund kan vi erbjuda ett brett utbud av aktiviteter till v\u00e5ra medlemmar!<\/h5>\n<p>[\/et_pb_text][et_pb_text _builder_version=&#8221;4.17.4&#8243; _module_preset=&#8221;default&#8221; text_text_color=&#8221;#036EDA&#8221; header_text_color=&#8221;#036EDA&#8221; header_2_font=&#8221;Averta Bold||||||||&#8221; header_4_text_align=&#8221;right&#8221; header_4_text_color=&#8221;#036EDA&#8221; background_image=&#8221;https:\/\/frisksport.se\/norrkopingtest\/wp-content\/uploads\/sites\/17\/2022\/11\/pil-ostergotland.png&#8221; background_size=&#8221;contain&#8221; background_position=&#8221;top_right&#8221; custom_padding=&#8221;5px|60px|||false|false&#8221; link_option_url=&#8221;https:\/\/frisksport.se&#8221; link_option_url_new_window=&#8221;on&#8221; locked=&#8221;off&#8221; global_colors_info=&#8221;{}&#8221;]<\/p>\n<h4>L\u00e4s mer p\u00e5 frisksport.se<\/h4>\n<p>[\/et_pb_text][\/et_pb_column][et_pb_column type=&#8221;1_3&#8243; disabled_on=&#8221;on|on|off&#8221; _builder_version=&#8221;4.16&#8243; _module_preset=&#8221;default&#8221; global_colors_info=&#8221;{}&#8221;][\/et_pb_column][\/et_pb_row][\/et_pb_section]<\/p>\n","protected":false},"excerpt":{"rendered":"<p>Om ossVi \u00e4r tv\u00e5 f\u00f6reningar, Norrk\u00f6pings Frisksportklubb och Norrk\u00f6pings Frisksportungdom, som ordnar m\u00e5nga inom friluftsliv f\u00f6r alla \u00e5ldrar! Mycket av v\u00e5r verksamhet centreras kring \u00f6n Oxmyren. I v\u00e5ra klubbar g\u00f6r [&hellip;]<\/p>\n","protected":false},"author":2,"featured_media":0,"parent":0,"menu_order":0,"comment_status":"closed","ping_status":"closed","template":"","meta":{"_acf_changed":false,"_et_pb_use_builder":"on","_et_pb_old_content":"","_et_gb_content_width":"","footnotes":""},"class_list":["post-16160","page","type-page","status-publish","hentry"],"acf":[],"_links":{"self":[{"href":"https:\/\/frisksport.se\/norrkoping\/wp-json\/wp\/v2\/pages\/16160","targetHints":{"allow":["GET"]}}],"collection":[{"href":"https:\/\/frisksport.se\/norrkoping\/wp-json\/wp\/v2\/pages"}],"about":[{"href":"https:\/\/frisksport.se\/norrkoping\/wp-json\/wp\/v2\/types\/page"}],"author":[{"embeddable":true,"href":"https:\/\/frisksport.se\/norrkoping\/wp-json\/wp\/v2\/users\/2"}],"replies":[{"embeddable":true,"href":"https:\/\/frisksport.se\/norrkoping\/wp-json\/wp\/v2\/comments?post=16160"}],"version-history":[{"count":45,"href":"https:\/\/frisksport.se\/norrkoping\/wp-json\/wp\/v2\/pages\/16160\/revisions"}],"predecessor-version":[{"id":17990,"href":"https:\/\/frisksport.se\/norrkoping\/wp-json\/wp\/v2\/pages\/16160\/revisions\/17990"}],"wp:attachment":[{"href":"https:\/\/frisksport.se\/norrkoping\/wp-json\/wp\/v2\/media?parent=16160"}],"curies":[{"name":"wp","href":"https:\/\/api.w.org\/{rel}","templated":true}]}}