{"id":16180,"date":"2020-10-02T10:52:31","date_gmt":"2020-10-02T08:52:31","guid":{"rendered":"https:\/\/frisksport.se\/nykoping\/?page_id=16180"},"modified":"2025-12-10T11:36:20","modified_gmt":"2025-12-10T10:36:20","slug":"nyheter","status":"publish","type":"page","link":"https:\/\/frisksport.se\/nykoping\/nyheter\/","title":{"rendered":"Nyheter"},"content":{"rendered":"<p>[et_pb_section fb_built=&#8221;1&#8243; _builder_version=&#8221;4.16&#8243; _module_preset=&#8221;default&#8221; global_colors_info=&#8221;{}&#8221;][et_pb_row column_structure=&#8221;2_3,1_3&#8243; _builder_version=&#8221;4.17.4&#8243; _module_preset=&#8221;default&#8221; width_tablet=&#8221;&#8221; width_phone=&#8221;90%&#8221; width_last_edited=&#8221;on|desktop&#8221; global_colors_info=&#8221;{}&#8221;][et_pb_column type=&#8221;2_3&#8243; _builder_version=&#8221;4.16&#8243; _module_preset=&#8221;default&#8221; global_colors_info=&#8221;{}&#8221;][et_pb_text module_class=&#8221;breadcrumbs&#8221; _builder_version=&#8221;4.17.4&#8243; _dynamic_attributes=&#8221;content&#8221; _module_preset=&#8221;default&#8221; text_font=&#8221;Averta-Bold|||on|||||&#8221; custom_margin=&#8221;||15px||false|false&#8221; locked=&#8221;off&#8221; global_colors_info=&#8221;{}&#8221;]@ET-DC@eyJkeW5hbWljIjp0cnVlLCJjb250ZW50IjoicG9zdF90aXRsZSIsInNldHRpbmdzIjp7ImJlZm9yZSI6IiIsImFmdGVyIjoiIiwiZW5hYmxlX2h0bWwiOiJvZmYifX0=@[\/et_pb_text][et_pb_text module_id=&#8221;om-frisksport&#8221; _builder_version=&#8221;4.17.4&#8243; _module_preset=&#8221;default&#8221; custom_margin=&#8221;15px||15px||true|false&#8221; custom_margin_tablet=&#8221;15px||15px||true|false&#8221; custom_margin_phone=&#8221;0px||0px||true|false&#8221; custom_margin_last_edited=&#8221;on|phone&#8221; global_colors_info=&#8221;{}&#8221;]<\/p>\n<h1>Klubbnyheter<\/h1>\n<p>[\/et_pb_text][et_pb_text _builder_version=&#8221;4.21.0&#8243; _module_preset=&#8221;default&#8221; custom_margin=&#8221;0px||||false|false&#8221; custom_padding=&#8221;0px||||false|false&#8221; custom_padding_tablet=&#8221;|||0px|false|false&#8221; custom_padding_phone=&#8221;0px|||0px|false|false&#8221; custom_padding_last_edited=&#8221;on|phone&#8221; locked=&#8221;off&#8221; global_colors_info=&#8221;{}&#8221;]<\/p>\n<h4>H\u00e4r hittar du senaste nytt om vad som h\u00e4nder i Nyk\u00f6pings Frisksportklubb!<\/h4>\n<h5>H\u00e4r samlar vi nyheter om v\u00e5ra egna tr\u00e4ningar, cuper och matcher. Vi l\u00e4gger ocks\u00e5 upp information och notiser fr\u00e5n v\u00e5r styrelse eller v\u00e5ra ledare, eller skriver lite om v\u00e5r verksamhet.<\/h5>\n<p>[\/et_pb_text][\/et_pb_column][et_pb_column type=&#8221;1_3&#8243; disabled_on=&#8221;off|off|off&#8221; _builder_version=&#8221;4.17.4&#8243; _module_preset=&#8221;default&#8221; background_color=&#8221;#ffffff&#8221; custom_padding=&#8221;10px|10px|10px|10px|true|true&#8221; sticky_position_tablet=&#8221;none&#8221; sticky_position_phone=&#8221;&#8221; sticky_position_last_edited=&#8221;on|phone&#8221; global_colors_info=&#8221;{}&#8221;][et_pb_text _builder_version=&#8221;4.17.4&#8243; _module_preset=&#8221;default&#8221; min_height=&#8221;25px&#8221; custom_margin=&#8221;||0px||false|false&#8221; custom_padding=&#8221;||0px||false|false&#8221; locked=&#8221;off&#8221; global_colors_info=&#8221;{}&#8221;]<\/p>\n<h6>S\u00f6k bland nyheter<\/h6>\n<p>[\/et_pb_text][et_pb_divider _builder_version=&#8221;4.17.4&#8243; _module_preset=&#8221;default&#8221; custom_margin=&#8221;0px||0px||false|false&#8221; locked=&#8221;off&#8221; global_colors_info=&#8221;{}&#8221;][\/et_pb_divider][et_pb_search exclude_pages=&#8221;on&#8221; button_color=&#8221;#87B9F3&#8243; _builder_version=&#8221;4.21.0&#8243; _module_preset=&#8221;default&#8221; button_text_color=&#8221;#FFF3BC&#8221; locked=&#8221;off&#8221; global_colors_info=&#8221;{}&#8221;][\/et_pb_search][et_pb_sidebar disabled_on=&#8221;on|on|on&#8221; _builder_version=&#8221;4.21.0&#8243; _module_preset=&#8221;default&#8221; disabled=&#8221;on&#8221; global_colors_info=&#8221;{}&#8221;][\/et_pb_sidebar][\/et_pb_column][\/et_pb_row][et_pb_row _builder_version=&#8221;4.17.4&#8243; _module_preset=&#8221;default&#8221; width_tablet=&#8221;&#8221; width_phone=&#8221;90%&#8221; width_last_edited=&#8221;on|phone&#8221; global_colors_info=&#8221;{}&#8221;][et_pb_column type=&#8221;4_4&#8243; _builder_version=&#8221;4.16&#8243; _module_preset=&#8221;default&#8221; global_colors_info=&#8221;{}&#8221;][et_pb_divider _builder_version=&#8221;4.17.4&#8243; _module_preset=&#8221;default&#8221; custom_margin=&#8221;0px||30px||false|false&#8221; custom_margin_tablet=&#8221;0px||20px||false|false&#8221; custom_margin_phone=&#8221;0px||15px||false|false&#8221; global_colors_info=&#8221;{}&#8221;][\/et_pb_divider][et_pb_text disabled_on=&#8221;on|on|on&#8221; _builder_version=&#8221;4.16&#8243; module_alignment=&#8221;center&#8221; disabled=&#8221;on&#8221; locked=&#8221;off&#8221; global_colors_info=&#8221;{}&#8221;]<\/p>\n<h6 class=\"tagged\">Senaste nytt<\/h6>\n<h2 style=\"text-align: left\">Artiklar och nyheter<\/h2>\n<p>[\/et_pb_text][et_pb_blog posts_number=&#8221;24&#8243; include_categories=&#8221;1&#8243; meta_date=&#8221;j F Y&#8221; excerpt_length=&#8221;150&#8243; show_pagination=&#8221;on&#8221; _builder_version=&#8221;4.24.2&#8243; _module_preset=&#8221;default&#8221; header_font=&#8221;Averta-Bold||||||||&#8221; header_text_align=&#8221;left&#8221; header_font_size=&#8221;22px&#8221; body_font=&#8221;||||||||&#8221; body_text_align=&#8221;left&#8221; body_line_height=&#8221;1.5em&#8221; meta_text_align=&#8221;left&#8221; pagination_font=&#8221;Averta Extra Bold|||on|||||&#8221; pagination_font_size=&#8221;18px&#8221; pagination_letter_spacing=&#8221;1px&#8221; text_orientation=&#8221;left&#8221; custom_margin=&#8221;|||0px|false|false&#8221; custom_padding=&#8221;|||0px|false|false&#8221; pagination_font_size_last_edited=&#8221;off|tablet&#8221; custom_css_featured_image=&#8221;margin: 0px;&#8221; locked=&#8221;off&#8221; global_colors_info=&#8221;{}&#8221;][\/et_pb_blog][\/et_pb_column][\/et_pb_row][\/et_pb_section]<\/p>\n","protected":false},"excerpt":{"rendered":"<p>KlubbnyheterH\u00e4r hittar du senaste nytt om vad som h\u00e4nder i Nyk\u00f6pings Frisksportklubb! H\u00e4r samlar vi nyheter om v\u00e5ra egna tr\u00e4ningar, cuper och matcher. Vi l\u00e4gger ocks\u00e5 upp information och notiser [&hellip;]<\/p>\n","protected":false},"author":2,"featured_media":0,"parent":0,"menu_order":0,"comment_status":"closed","ping_status":"closed","template":"","meta":{"_acf_changed":false,"_et_pb_use_builder":"on","_et_pb_old_content":"","_et_gb_content_width":"","footnotes":""},"class_list":["post-16180","page","type-page","status-publish","hentry"],"acf":[],"_links":{"self":[{"href":"https:\/\/frisksport.se\/nykoping\/wp-json\/wp\/v2\/pages\/16180","targetHints":{"allow":["GET"]}}],"collection":[{"href":"https:\/\/frisksport.se\/nykoping\/wp-json\/wp\/v2\/pages"}],"about":[{"href":"https:\/\/frisksport.se\/nykoping\/wp-json\/wp\/v2\/types\/page"}],"author":[{"embeddable":true,"href":"https:\/\/frisksport.se\/nykoping\/wp-json\/wp\/v2\/users\/2"}],"replies":[{"embeddable":true,"href":"https:\/\/frisksport.se\/nykoping\/wp-json\/wp\/v2\/comments?post=16180"}],"version-history":[{"count":35,"href":"https:\/\/frisksport.se\/nykoping\/wp-json\/wp\/v2\/pages\/16180\/revisions"}],"predecessor-version":[{"id":20164,"href":"https:\/\/frisksport.se\/nykoping\/wp-json\/wp\/v2\/pages\/16180\/revisions\/20164"}],"wp:attachment":[{"href":"https:\/\/frisksport.se\/nykoping\/wp-json\/wp\/v2\/media?parent=16180"}],"curies":[{"name":"wp","href":"https:\/\/api.w.org\/{rel}","templated":true}]}}