{"id":17975,"date":"2023-04-19T10:57:06","date_gmt":"2023-04-19T08:57:06","guid":{"rendered":"https:\/\/frisksport.se\/nykopingtest\/?page_id=17975"},"modified":"2025-12-10T11:35:50","modified_gmt":"2025-12-10T10:35:50","slug":"frisksporttorpet","status":"publish","type":"page","link":"https:\/\/frisksport.se\/nykoping\/frisksporttorpet\/","title":{"rendered":"Frisksporttorpet"},"content":{"rendered":"<p>[et_pb_section fb_built=&#8221;1&#8243; _builder_version=&#8221;4.16&#8243; _module_preset=&#8221;default&#8221; global_colors_info=&#8221;{}&#8221;][et_pb_row column_structure=&#8221;2_3,1_3&#8243; _builder_version=&#8221;4.17.4&#8243; _module_preset=&#8221;default&#8221; width_tablet=&#8221;&#8221; width_phone=&#8221;90%&#8221; width_last_edited=&#8221;on|phone&#8221; custom_margin_tablet=&#8221;15px||15px||true|false&#8221; custom_margin_phone=&#8221;||||false|false&#8221; custom_margin_last_edited=&#8221;on|phone&#8221; locked=&#8221;off&#8221; global_colors_info=&#8221;{}&#8221;][et_pb_column type=&#8221;2_3&#8243; _builder_version=&#8221;4.16&#8243; _module_preset=&#8221;default&#8221; global_colors_info=&#8221;{}&#8221;][et_pb_text module_class=&#8221;breadcrumbs&#8221; _builder_version=&#8221;4.17.4&#8243; _dynamic_attributes=&#8221;content&#8221; _module_preset=&#8221;default&#8221; text_font=&#8221;Averta-Bold||||||||&#8221; custom_margin=&#8221;||15px||false|false&#8221; custom_margin_tablet=&#8221;||15px||false|false&#8221; custom_margin_phone=&#8221;||0px||false|false&#8221; custom_margin_last_edited=&#8221;on|phone&#8221; locked=&#8221;off&#8221; global_colors_info=&#8221;{}&#8221;]@ET-DC@eyJkeW5hbWljIjp0cnVlLCJjb250ZW50IjoicG9zdF90aXRsZSIsInNldHRpbmdzIjp7ImJlZm9yZSI6IiIsImFmdGVyIjoiIiwiZW5hYmxlX2h0bWwiOiJvZmYifX0=@[\/et_pb_text][et_pb_text module_id=&#8221;om-frisksport&#8221; _builder_version=&#8221;4.21.0&#8243; _module_preset=&#8221;default&#8221; custom_margin=&#8221;15px||15px||false|false&#8221; custom_margin_tablet=&#8221;15px||15px||false|false&#8221; custom_margin_phone=&#8221;0px||0px||false|false&#8221; custom_margin_last_edited=&#8221;on|desktop&#8221; custom_padding=&#8221;||0px||false|false&#8221; global_colors_info=&#8221;{}&#8221;]<\/p>\n<h1>Frisksporttorpet<\/h1>\n<p>[\/et_pb_text][et_pb_text _builder_version=&#8221;4.21.0&#8243; _module_preset=&#8221;default&#8221; global_colors_info=&#8221;{}&#8221;]<\/p>\n<h4>Vi har ett eget litet st\u00e4lle som vi kallar frisksporttorpet. Sj\u00e4lva huset m\u00e5 vara ett litet torp, men marken omkring \u00e4r fantastisk! Fyra beachvolleyplaner och skogen ger m\u00f6jlighet f\u00f6r motion, gemenskap och h\u00e4rliga naturupplevelser.<\/h4>\n<p>[\/et_pb_text][et_pb_image src=&#8221;https:\/\/frisksport.se\/nykoping\/wp-content\/uploads\/sites\/28\/2023\/08\/Lena-340-\u00d7-340-px-1.png&#8221; title_text=&#8221;Lena (340 \u00d7 340 px)&#8221; disabled_on=&#8221;on|on|on&#8221; _builder_version=&#8221;4.21.0&#8243; _module_preset=&#8221;default&#8221; height=&#8221;100px&#8221; height_tablet=&#8221;100px&#8221; height_phone=&#8221;75px&#8221; height_last_edited=&#8221;on|phone&#8221; custom_css_main_element=&#8221;float:left;&#8221; border_radii=&#8221;on|90px|90px|90px|90px&#8221; disabled=&#8221;on&#8221; global_colors_info=&#8221;{}&#8221;][\/et_pb_image][et_pb_text disabled_on=&#8221;on|on|on&#8221; _builder_version=&#8221;4.21.0&#8243; _module_preset=&#8221;default&#8221; custom_margin=&#8221;60px|120px|60px|120px|false|true&#8221; custom_margin_tablet=&#8221;&#8221; custom_margin_phone=&#8221;50px|0px|50px|90px|false|false&#8221; custom_margin_last_edited=&#8221;on|phone&#8221; custom_padding=&#8221;||||false|false&#8221; disabled=&#8221;on&#8221; global_colors_info=&#8221;{}&#8221;]<\/p>\n<h5><span style=\"font-size: 16px\"><strong>Lena Tholse<\/strong><br \/><\/span>Ordf\u00f6rande<\/h5>\n<p>[\/et_pb_text][et_pb_divider _builder_version=&#8221;4.17.4&#8243; _module_preset=&#8221;default&#8221; custom_margin=&#8221;90px||||false|false&#8221; custom_margin_tablet=&#8221;80px||||false|false&#8221; custom_css_main_element=&#8221;clear:left;&#8221; global_colors_info=&#8221;{}&#8221;][\/et_pb_divider][\/et_pb_column][et_pb_column type=&#8221;1_3&#8243; module_id=&#8221;sticky&#8221; disabled_on=&#8221;on|on|off&#8221; _builder_version=&#8221;4.16&#8243; _module_preset=&#8221;default&#8221; background_color=&#8221;#ffffff&#8221; custom_padding=&#8221;10px|10px|10px|10px|true|true&#8221; sticky_position_tablet=&#8221;none&#8221; sticky_position_phone=&#8221;&#8221; sticky_position_last_edited=&#8221;on|phone&#8221; global_colors_info=&#8221;{}&#8221;][et_pb_text _builder_version=&#8221;4.17.4&#8243; _module_preset=&#8221;default&#8221; header_font=&#8221;Averta-Bold||||||||&#8221; header_6_font=&#8221;Averta-Bold|||on|||||&#8221; custom_margin=&#8221;0px||10px||false|false&#8221; border_width_bottom=&#8221;2px&#8221; border_color_bottom=&#8221;#051466&#8243; locked=&#8221;off&#8221; global_colors_info=&#8221;{}&#8221;]<\/p>\n<h6>Inneh\u00e5ll<\/h6>\n<p>[\/et_pb_text][et_pb_text module_class=&#8221;content&#8221; _builder_version=&#8221;4.17.4&#8243; _module_preset=&#8221;default&#8221; text_text_color=&#8221;#051466&#8243; header_4_text_color=&#8221;#0072DA&#8221; global_colors_info=&#8221;{}&#8221;]<\/p>\n<h4><a>Genererar Inneh\u00e5llsf\u00f6rteckning<\/a><\/h4>\n<p>[\/et_pb_text][et_pb_text _builder_version=&#8221;4.17.4&#8243; _module_preset=&#8221;default&#8221; header_font=&#8221;||||||||&#8221; header_6_font=&#8221;Averta-Bold|||on|||||&#8221; custom_margin=&#8221;40px||10px||false|false&#8221; border_width_bottom=&#8221;2px&#8221; border_color_bottom=&#8221;#051466&#8243; locked=&#8221;off&#8221; global_colors_info=&#8221;{}&#8221;]<\/p>\n<h6>Relaterat<\/h6>\n<p>[\/et_pb_text][et_pb_text _builder_version=&#8221;4.17.4&#8243; _dynamic_attributes=&#8221;link_option_url&#8221; _module_preset=&#8221;default&#8221; text_font=&#8221;Averta Bold|||on|||||&#8221; text_text_color=&#8221;#036EDA&#8221; text_letter_spacing=&#8221;0.5px&#8221; text_line_height=&#8221;35px&#8221; header_2_font=&#8221;Averta Bold||||||||&#8221; background_image=&#8221;http:\/\/media2.frisksport.se\/2022\/02\/pil.png&#8221; background_size=&#8221;contain&#8221; background_position=&#8221;center_left&#8221; custom_margin=&#8221;||20px||false|false&#8221; custom_padding=&#8221;|||50px|false|false&#8221; link_option_url=&#8221;@ET-DC@eyJkeW5hbWljIjp0cnVlLCJjb250ZW50IjoicG9zdF9saW5rX3VybF9wYWdlIiwic2V0dGluZ3MiOnsicG9zdF9pZCI6IjE2MTUxIiwiZW5hYmxlX2h0bWwiOiJvZmYifX0=@&#8221; locked=&#8221;off&#8221; global_colors_info=&#8221;{}&#8221;]Kontakta oss[\/et_pb_text][et_pb_text _builder_version=&#8221;4.27.4&#8243; _dynamic_attributes=&#8221;link_option_url&#8221; _module_preset=&#8221;default&#8221; text_font=&#8221;Averta Bold|||on|||||&#8221; text_text_color=&#8221;#036EDA&#8221; text_letter_spacing=&#8221;0.5px&#8221; text_line_height=&#8221;35px&#8221; header_2_font=&#8221;Averta Bold||||||||&#8221; background_image=&#8221;http:\/\/media2.frisksport.se\/2022\/02\/pil.png&#8221; background_size=&#8221;contain&#8221; background_position=&#8221;center_left&#8221; custom_margin=&#8221;||20px||false|false&#8221; custom_padding=&#8221;|||50px|false|false&#8221; link_option_url=&#8221;@ET-DC@eyJkeW5hbWljIjp0cnVlLCJjb250ZW50IjoicG9zdF9saW5rX3VybF9wYWdlIiwic2V0dGluZ3MiOnsicG9zdF9pZCI6IjIwMTkxIn19@&#8221; hover_enabled=&#8221;0&#8243; locked=&#8221;off&#8221; global_colors_info=&#8221;{}&#8221; sticky_enabled=&#8221;0&#8243;]<\/p>\n<p>V\u00e5ra aktiviteter<\/p>\n<p>[\/et_pb_text][et_pb_text _builder_version=&#8221;4.21.0&#8243; _dynamic_attributes=&#8221;link_option_url&#8221; _module_preset=&#8221;default&#8221; text_font=&#8221;Averta Bold|||on|||||&#8221; text_text_color=&#8221;#036EDA&#8221; text_letter_spacing=&#8221;0.5px&#8221; text_line_height=&#8221;35px&#8221; header_2_font=&#8221;Averta Bold||||||||&#8221; background_image=&#8221;http:\/\/media2.frisksport.se\/2022\/02\/pil.png&#8221; background_size=&#8221;contain&#8221; background_position=&#8221;center_left&#8221; custom_margin=&#8221;||20px||false|false&#8221; custom_padding=&#8221;|||50px|false|false&#8221; link_option_url=&#8221;@ET-DC@eyJkeW5hbWljIjp0cnVlLCJjb250ZW50IjoicG9zdF9saW5rX3VybF9wYWdlIiwic2V0dGluZ3MiOnsicG9zdF9pZCI6IjE4NTk0IiwiZW5hYmxlX2h0bWwiOiJvZmYifX0=@&#8221; locked=&#8221;off&#8221; global_colors_info=&#8221;{}&#8221;]<\/p>\n<p>Tips- och bingopromenad<\/p>\n<p>[\/et_pb_text][et_pb_text _builder_version=&#8221;4.21.0&#8243; _dynamic_attributes=&#8221;link_option_url&#8221; _module_preset=&#8221;default&#8221; text_font=&#8221;Averta Bold|||on|||||&#8221; text_text_color=&#8221;#036EDA&#8221; text_letter_spacing=&#8221;0.5px&#8221; text_line_height=&#8221;35px&#8221; header_2_font=&#8221;Averta Bold||||||||&#8221; background_image=&#8221;http:\/\/media2.frisksport.se\/2022\/02\/pil.png&#8221; background_size=&#8221;contain&#8221; background_position=&#8221;center_left&#8221; custom_margin=&#8221;||20px||false|false&#8221; custom_padding=&#8221;|||50px|false|false&#8221; link_option_url=&#8221;@ET-DC@eyJkeW5hbWljIjp0cnVlLCJjb250ZW50IjoicG9zdF9saW5rX3VybF9wYWdlIiwic2V0dGluZ3MiOnsicG9zdF9pZCI6IjE2MTQ3IiwiZW5hYmxlX2h0bWwiOiJvZmYifX0=@&#8221; locked=&#8221;off&#8221; global_colors_info=&#8221;{}&#8221;]<\/p>\n<p>Kalendern<\/p>\n<p>[\/et_pb_text][\/et_pb_column][\/et_pb_row][\/et_pb_section][et_pb_section fb_built=&#8221;1&#8243; _builder_version=&#8221;4.17.4&#8243; _module_preset=&#8221;default&#8221; global_colors_info=&#8221;{}&#8221;][et_pb_row column_structure=&#8221;2_3,1_3&#8243; admin_label=&#8221;Rad&#8221; _builder_version=&#8221;4.17.4&#8243; _module_preset=&#8221;default&#8221; global_colors_info=&#8221;{}&#8221;][et_pb_column type=&#8221;2_3&#8243; _builder_version=&#8221;4.17.4&#8243; _module_preset=&#8221;default&#8221; global_colors_info=&#8221;{}&#8221;][et_pb_text module_class=&#8221;tagged tagged-h6&#8243; _builder_version=&#8221;4.21.0&#8243; _module_preset=&#8221;default&#8221; global_colors_info=&#8221;{}&#8221;]<\/p>\n<h6>Om torpet<\/h6>\n<h2>V\u00e5rt frisksportsst\u00e4lle<\/h2>\n<p>Frisksporttorpet \u00e4r en friluftsg\u00e5rd d\u00e4r Nyk\u00f6pings FK ordnar <a href=\".\/tipsrunda\">tips- och bingopromenad f\u00f6r allm\u00e4nheten<\/a>. Man kan \u00e4ven bada bastu, spela fotboll och br\u00e4nnboll. Sommartid f\u00f6rl\u00e4gger vi mycket av v\u00e5r verksamhet h\u00e4r och det spelas mycket beachvolleyboll p\u00e5 de fyra planer som anlagts. Vi har \u00e4ven bollplan, utegym, arboretumstig och motionssp\u00e5r som det \u00e4r fritt fram f\u00f6r alla att anv\u00e4nda, inte bara medlemmar. Ta med en boll och ha roligt i sanden!<\/p>\n<p>Torpet och omgivande marker \u00e4r \u00e4ven tillg\u00e4ngligt f\u00f6r allm\u00e4nheten. Sj\u00e4lva torpstugan, storstugan och bastun kan hyras f\u00f6r en billig peng.<\/p>\n<p>Vill man boka tex beachvolleybollplanerna f\u00f6r skolverksamhet eller eget evenemang ring\u00a0 oss g\u00e4rna p\u00e5\u00a0 073-836 73 99 eller maila <a href=\"mailto:irrelarsson@telia.com\">irrelarsson@telia.com<\/a><\/p>\n<p>[\/et_pb_text][et_pb_image src=&#8221;https:\/\/frisksport.se\/nykoping\/wp-content\/uploads\/sites\/28\/2023\/08\/Torpet-volley-1250-\u00d7-500-px.jpg&#8221; title_text=&#8221;Torpet volley (1250 \u00d7 500 px)&#8221; _builder_version=&#8221;4.21.0&#8243; _module_preset=&#8221;default&#8221; locked=&#8221;off&#8221; global_colors_info=&#8221;{}&#8221;][\/et_pb_image][\/et_pb_column][et_pb_column type=&#8221;1_3&#8243; _builder_version=&#8221;4.17.4&#8243; _module_preset=&#8221;default&#8221; global_colors_info=&#8221;{}&#8221;][\/et_pb_column][\/et_pb_row][et_pb_row column_structure=&#8221;2_3,1_3&#8243; admin_label=&#8221;Rad&#8221; _builder_version=&#8221;4.17.4&#8243; _module_preset=&#8221;default&#8221; global_colors_info=&#8221;{}&#8221;][et_pb_column type=&#8221;2_3&#8243; _builder_version=&#8221;4.17.4&#8243; _module_preset=&#8221;default&#8221; global_colors_info=&#8221;{}&#8221;][et_pb_divider _builder_version=&#8221;4.17.4&#8243; _module_preset=&#8221;default&#8221; global_colors_info=&#8221;{}&#8221;][\/et_pb_divider][et_pb_text module_class=&#8221;tagged tagged-h6&#8243; _builder_version=&#8221;4.27.4&#8243; _module_preset=&#8221;default&#8221; header_2_font=&#8221;Averta Bold||||||||&#8221; custom_margin=&#8221;||0px||false|false&#8221; locked=&#8221;off&#8221; global_colors_info=&#8221;{}&#8221;]<\/p>\n<h6>Hyr torpet<\/h6>\n<h2>Hyr Frisksporttorpet<\/h2>\n<h4>\u00c4r du intresserad av att hyra torpet? Sj\u00e4lvklart ska du g\u00f6ra det! V\u00e5rt torp och marken runtomkring passar fint f\u00f6r motionstr\u00e4ffar, grillkv\u00e4ller eller fester.<\/h4>\n<div class=\"page\" title=\"Page 1\">\n<div class=\"layoutArea\">\n<div class=\"column\">\n<p><span>Lokalen a\u0308r av enklare standard, men miljo\u0308n i och kring Torpet a\u0308r na\u030agot uto\u0308ver det vanliga vilket bidrar till att go\u0308ra Ditt arrangemang till na\u030agot alldeles extra.<\/span><\/p>\n<p><span>Torpet la\u0308mpar sig fo\u0308r dig som vill ha ett enklare arrangemang. Man kan till exempel spela beachvolleyboll, basta och sedan avsluta med middag i samlingslokalen. Pa\u030a tomten finns en grillplats samt bord och ba\u0308nkar.<\/span><\/p>\n<p><span>Observera att Frisksporttorpet \u00e4r en drogfri plats och alkohol, tobak, doping och andra droger \u00e4r f\u00f6rbjudet p\u00e5 omr\u00e5det.<\/span><\/p>\n<p>Kostnaden a\u0308r 500 kr.<br \/>Kontakt fo\u0308r mer information och fo\u0308r bokning av Torpet:<br \/>Irene Larsson Telefon: 073-836 73 99, e-mail: <a href=\"mailto:irrelarsson@telia.com\">irrelarsson@telia.com<\/a><\/p>\n<p><a href=\"https:\/\/docs.google.com\/document\/d\/1sR9wMTlGy5zAr2ZVjBi_DJbSoAU0u25lxMzFVBnjp7s\/edit?usp=sharing\">Nuvarande bokningar<\/a><\/p>\n<p>&nbsp;<\/p>\n<\/div>\n<\/div>\n<\/div>\n<p>[\/et_pb_text][et_pb_text disabled_on=&#8221;off|off|off&#8221; _builder_version=&#8221;4.17.4&#8243; _module_preset=&#8221;default&#8221; text_font=&#8221;Averta-Bold|||on|||||&#8221; text_text_color=&#8221;#FFF3BC&#8221; text_letter_spacing=&#8221;1.51px&#8221; background_color=&#8221;#87B9F3&#8243; text_orientation=&#8221;center&#8221; custom_margin=&#8221;|15px||0px|false|false&#8221; custom_padding=&#8221;10px|30px|10px|30px|false|true&#8221; link_option_url=&#8221;https:\/\/frisksport.se\/nykopingtest\/wp-content\/uploads\/sites\/28\/2023\/04\/hyra_torpet-2.pdf&#8221; link_option_url_new_window=&#8221;on&#8221; custom_css_main_element=&#8221;display: inline-block;&#8221; border_width_all=&#8221;2px&#8221; border_color_all=&#8221;#87B9F3&#8243; box_shadow_style=&#8221;preset3&#8243; locked=&#8221;off&#8221; global_colors_info=&#8221;{}&#8221;]<\/p>\n<p>Ladda info om torpet<\/p>\n<p>[\/et_pb_text][et_pb_image src=&#8221;https:\/\/frisksport.se\/nykopingtest\/wp-content\/uploads\/sites\/28\/2023\/04\/Torpet-3.jpg&#8221; title_text=&#8221;Torpet 3&#8243; _builder_version=&#8221;4.17.4&#8243; _module_preset=&#8221;default&#8221; global_colors_info=&#8221;{}&#8221;][\/et_pb_image][\/et_pb_column][et_pb_column type=&#8221;1_3&#8243; _builder_version=&#8221;4.17.4&#8243; _module_preset=&#8221;default&#8221; global_colors_info=&#8221;{}&#8221;][\/et_pb_column][\/et_pb_row][et_pb_row column_structure=&#8221;2_3,1_3&#8243; _builder_version=&#8221;4.17.4&#8243; _module_preset=&#8221;default&#8221; global_colors_info=&#8221;{}&#8221;][et_pb_column type=&#8221;2_3&#8243; _builder_version=&#8221;4.17.4&#8243; _module_preset=&#8221;default&#8221; global_colors_info=&#8221;{}&#8221;][et_pb_divider _builder_version=&#8221;4.17.4&#8243; _module_preset=&#8221;default&#8221; global_colors_info=&#8221;{}&#8221;][\/et_pb_divider][et_pb_text module_class=&#8221;tagged tagged-h6&#8243; _builder_version=&#8221;4.21.0&#8243; _module_preset=&#8221;default&#8221; header_2_font=&#8221;Averta Bold||||||||&#8221; custom_margin=&#8221;||0px||false|false&#8221; locked=&#8221;off&#8221; global_colors_info=&#8221;{}&#8221;]<\/p>\n<h6>V\u00e4gbeskrivning<\/h6>\n<h2>Hitta till Frisksporttorpet<\/h2>\n<p>Torpet ligger avskilt i skogen och kan vara lite sv\u00e5rt att hitta till. H\u00e4r ser du karta och v\u00e4gbeskrivning.<\/p>\n<p>\u00c5k Blommenhovsv\u00e4gen fr\u00e5n rondellen vid Gullans Kiosk (som ligger vid Brunnsgatan mellan j\u00e4rnv\u00e4gen och stora lasarettsparkeringen) mot och f\u00f6rbi Blommenhovs hotellinfart upp mot Nya kyrkog\u00e5rden. Precis innan kyrkog\u00e5rden finns en v\u00e4g till h\u00f6ger. Det finns en pil som det st\u00e5r \u201cFrisksporttorpet\u201d p\u00e5 och en stor skylt som det st\u00e5r \u201cGr\u00f6nborgs handelstr\u00e4dg\u00e5rd\u201d p\u00e5. K\u00f6r in p\u00e5 den v\u00e4gen, ta sen v\u00e4nster precis innan v\u00e4xthuset (d\u00e4r finns ytterligare en skylt med texten \u201cFrisksporttorpet). F\u00f6lj den v\u00e4gen (den g\u00e5r precis utanf\u00f6r den mur\/staket\/h\u00e4ck som inringar kyrkog\u00e5rden). Efter ca 200 m ligger Torpet p\u00e5 h\u00f6ger hand.<\/p>\n<p><span style=\"font-size: 16px\">Det finns alternativa s\u00e4tt att ta sig dit, men detta \u00e4r den v\u00e4g som \u00e4r l\u00e4ttast att beskriva.<\/span><\/p>\n<div class=\"page\" title=\"Page 1\">\n<div class=\"layoutArea\">\n<div class=\"column\">\n<p>&nbsp;<\/p>\n<\/div>\n<\/div>\n<\/div>\n<p>[\/et_pb_text][et_pb_image src=&#8221;https:\/\/frisksport.se\/nykopingtest\/wp-content\/uploads\/sites\/28\/2023\/04\/Karta-torpet.png&#8221; title_text=&#8221;Karta torpet&#8221; url=&#8221;https:\/\/goo.gl\/maps\/Y92NuxsCLaVW2jWL9&#8243; url_new_window=&#8221;on&#8221; _builder_version=&#8221;4.17.4&#8243; _module_preset=&#8221;default&#8221; global_colors_info=&#8221;{}&#8221;][\/et_pb_image][et_pb_text _builder_version=&#8221;4.17.4&#8243; _module_preset=&#8221;default&#8221; global_colors_info=&#8221;{}&#8221;]<\/p>\n<p><em>Klicka p\u00e5 kartan f\u00f6r att \u00f6ppna google maps.<\/em><\/p>\n<p>[\/et_pb_text][et_pb_divider _builder_version=&#8221;4.17.4&#8243; _module_preset=&#8221;default&#8221; global_colors_info=&#8221;{}&#8221;][\/et_pb_divider][\/et_pb_column][et_pb_column type=&#8221;1_3&#8243; _builder_version=&#8221;4.17.4&#8243; _module_preset=&#8221;default&#8221; global_colors_info=&#8221;{}&#8221;][\/et_pb_column][\/et_pb_row][\/et_pb_section]<\/p>\n","protected":false},"excerpt":{"rendered":"<p>FrisksporttorpetVi har ett eget litet st\u00e4lle som vi kallar frisksporttorpet. Sj\u00e4lva huset m\u00e5 vara ett litet torp, men marken omkring \u00e4r fantastisk! Fyra beachvolleyplaner och skogen ger m\u00f6jlighet f\u00f6r motion, [&hellip;]<\/p>\n","protected":false},"author":4,"featured_media":0,"parent":0,"menu_order":0,"comment_status":"closed","ping_status":"closed","template":"","meta":{"_acf_changed":false,"_et_pb_use_builder":"on","_et_pb_old_content":"","_et_gb_content_width":"","footnotes":""},"class_list":["post-17975","page","type-page","status-publish","hentry"],"acf":[],"_links":{"self":[{"href":"https:\/\/frisksport.se\/nykoping\/wp-json\/wp\/v2\/pages\/17975","targetHints":{"allow":["GET"]}}],"collection":[{"href":"https:\/\/frisksport.se\/nykoping\/wp-json\/wp\/v2\/pages"}],"about":[{"href":"https:\/\/frisksport.se\/nykoping\/wp-json\/wp\/v2\/types\/page"}],"author":[{"embeddable":true,"href":"https:\/\/frisksport.se\/nykoping\/wp-json\/wp\/v2\/users\/4"}],"replies":[{"embeddable":true,"href":"https:\/\/frisksport.se\/nykoping\/wp-json\/wp\/v2\/comments?post=17975"}],"version-history":[{"count":29,"href":"https:\/\/frisksport.se\/nykoping\/wp-json\/wp\/v2\/pages\/17975\/revisions"}],"predecessor-version":[{"id":20229,"href":"https:\/\/frisksport.se\/nykoping\/wp-json\/wp\/v2\/pages\/17975\/revisions\/20229"}],"wp:attachment":[{"href":"https:\/\/frisksport.se\/nykoping\/wp-json\/wp\/v2\/media?parent=17975"}],"curies":[{"name":"wp","href":"https:\/\/api.w.org\/{rel}","templated":true}]}}