{"id":18594,"date":"2023-08-31T09:01:58","date_gmt":"2023-08-31T07:01:58","guid":{"rendered":"https:\/\/frisksport.se\/nykoping\/?page_id=18594"},"modified":"2025-12-10T11:36:55","modified_gmt":"2025-12-10T10:36:55","slug":"tipsrunda","status":"publish","type":"page","link":"https:\/\/frisksport.se\/nykoping\/tipsrunda\/","title":{"rendered":"Tipsrunda"},"content":{"rendered":"<p>[et_pb_section fb_built=&#8221;1&#8243; _builder_version=&#8221;4.16&#8243; _module_preset=&#8221;default&#8221; global_colors_info=&#8221;{}&#8221;][et_pb_row column_structure=&#8221;2_3,1_3&#8243; _builder_version=&#8221;4.17.4&#8243; _module_preset=&#8221;default&#8221; width_tablet=&#8221;&#8221; width_phone=&#8221;90%&#8221; width_last_edited=&#8221;on|phone&#8221; custom_margin_tablet=&#8221;15px||15px||true|false&#8221; custom_margin_phone=&#8221;||||false|false&#8221; custom_margin_last_edited=&#8221;on|phone&#8221; locked=&#8221;off&#8221; global_colors_info=&#8221;{}&#8221;][et_pb_column type=&#8221;2_3&#8243; _builder_version=&#8221;4.16&#8243; _module_preset=&#8221;default&#8221; global_colors_info=&#8221;{}&#8221;][et_pb_text admin_label=&#8221;Text&#8221; module_class=&#8221;breadcrumbs&#8221; _builder_version=&#8221;4.17.4&#8243; _dynamic_attributes=&#8221;content&#8221; _module_preset=&#8221;default&#8221; text_font=&#8221;Averta-Bold||||||||&#8221; custom_margin=&#8221;||15px||false|false&#8221; custom_margin_tablet=&#8221;||15px||false|false&#8221; custom_margin_phone=&#8221;||0px||false|false&#8221; custom_margin_last_edited=&#8221;on|phone&#8221; locked=&#8221;off&#8221; global_colors_info=&#8221;{}&#8221;]@ET-DC@eyJkeW5hbWljIjp0cnVlLCJjb250ZW50IjoicG9zdF90aXRsZSIsInNldHRpbmdzIjp7ImJlZm9yZSI6IiIsImFmdGVyIjoiIiwiZW5hYmxlX2h0bWwiOiJvZmYifX0=@[\/et_pb_text][et_pb_text admin_label=&#8221;Text&#8221; module_id=&#8221;om-frisksport&#8221; _builder_version=&#8221;4.21.0&#8243; _module_preset=&#8221;default&#8221; custom_margin=&#8221;15px||15px||false|false&#8221; custom_margin_tablet=&#8221;15px||15px||false|false&#8221; custom_margin_phone=&#8221;0px||0px||false|false&#8221; custom_margin_last_edited=&#8221;on|desktop&#8221; custom_padding=&#8221;||0px||false|false&#8221; global_colors_info=&#8221;{}&#8221;]<\/p>\n<h1>Tips- och bingopromenader<\/h1>\n<p>[\/et_pb_text][et_pb_text _builder_version=&#8221;4.21.0&#8243; _module_preset=&#8221;default&#8221; global_colors_info=&#8221;{}&#8221;]<\/p>\n<h4>Varje s\u00f6ndag ordnar vi tips- och bingopromenader vid Frisksporttorpet! En m\u00e5ng\u00e5rig och popul\u00e4r tradition, och en h\u00e4rlig utflykt f\u00f6r stora som sm\u00e5. Njut av kaffe och fika, ibland \u00e4ven v\u00e5fflor, som serveras i torpet i anslutning till tipspromenaden. V\u00e4lkommen!<\/h4>\n<p>[\/et_pb_text][et_pb_image src=&#8221;https:\/\/frisksport.se\/nykoping\/wp-content\/uploads\/sites\/28\/2023\/04\/medlem.png&#8221; title_text=&#8221;medlem&#8221; disabled_on=&#8221;off|off|off&#8221; _builder_version=&#8221;4.21.0&#8243; _module_preset=&#8221;default&#8221; height=&#8221;100px&#8221; height_tablet=&#8221;100px&#8221; height_phone=&#8221;75px&#8221; height_last_edited=&#8221;on|phone&#8221; custom_css_main_element=&#8221;float:left;&#8221; border_radii=&#8221;on|90px|90px|90px|90px&#8221; global_colors_info=&#8221;{}&#8221;][\/et_pb_image][et_pb_text disabled_on=&#8221;off|off|off&#8221; _builder_version=&#8221;4.21.0&#8243; _module_preset=&#8221;default&#8221; custom_margin=&#8221;60px|120px|60px|120px|false|true&#8221; custom_margin_tablet=&#8221;&#8221; custom_margin_phone=&#8221;50px|0px|50px|90px|false|false&#8221; custom_margin_last_edited=&#8221;on|phone&#8221; custom_padding=&#8221;||||false|false&#8221; global_colors_info=&#8221;{}&#8221;]<\/p>\n<h5><span style=\"font-size: 16px\"><strong>Bosse R\u00f6jder<\/strong><br \/><\/span>Tipsrundefixare<\/h5>\n<p>[\/et_pb_text][et_pb_divider _builder_version=&#8221;4.21.0&#8243; _module_preset=&#8221;default&#8221; custom_margin=&#8221;90px||||false|false&#8221; custom_margin_tablet=&#8221;80px||||false|false&#8221; custom_css_main_element=&#8221;clear:left;&#8221; global_colors_info=&#8221;{}&#8221;][\/et_pb_divider][\/et_pb_column][et_pb_column type=&#8221;1_3&#8243; module_id=&#8221;sticky&#8221; disabled_on=&#8221;on|on|off&#8221; _builder_version=&#8221;4.16&#8243; _module_preset=&#8221;default&#8221; background_color=&#8221;#ffffff&#8221; custom_padding=&#8221;10px|10px|10px|10px|true|true&#8221; sticky_position_tablet=&#8221;none&#8221; sticky_position_phone=&#8221;&#8221; sticky_position_last_edited=&#8221;on|phone&#8221; global_colors_info=&#8221;{}&#8221;][et_pb_text _builder_version=&#8221;4.17.4&#8243; _module_preset=&#8221;default&#8221; header_font=&#8221;Averta-Bold||||||||&#8221; header_6_font=&#8221;Averta-Bold|||on|||||&#8221; custom_margin=&#8221;0px||10px||false|false&#8221; border_width_bottom=&#8221;2px&#8221; border_color_bottom=&#8221;#051466&#8243; locked=&#8221;off&#8221; global_colors_info=&#8221;{}&#8221;]<\/p>\n<h6>Inneh\u00e5ll<\/h6>\n<p>[\/et_pb_text][et_pb_text module_class=&#8221;content&#8221; _builder_version=&#8221;4.17.4&#8243; _module_preset=&#8221;default&#8221; text_text_color=&#8221;#051466&#8243; header_4_text_color=&#8221;#0072DA&#8221; global_colors_info=&#8221;{}&#8221;]<\/p>\n<h4><a>Genererar Inneh\u00e5llsf\u00f6rteckning<\/a><\/h4>\n<p>[\/et_pb_text][et_pb_text _builder_version=&#8221;4.17.4&#8243; _module_preset=&#8221;default&#8221; header_font=&#8221;||||||||&#8221; header_6_font=&#8221;Averta-Bold|||on|||||&#8221; custom_margin=&#8221;40px||10px||false|false&#8221; border_width_bottom=&#8221;2px&#8221; border_color_bottom=&#8221;#051466&#8243; locked=&#8221;off&#8221; global_colors_info=&#8221;{}&#8221;]<\/p>\n<h6>Relaterat<\/h6>\n<p>[\/et_pb_text][et_pb_text _builder_version=&#8221;4.17.4&#8243; _dynamic_attributes=&#8221;link_option_url&#8221; _module_preset=&#8221;default&#8221; text_font=&#8221;Averta Bold|||on|||||&#8221; text_text_color=&#8221;#036EDA&#8221; text_letter_spacing=&#8221;0.5px&#8221; text_line_height=&#8221;35px&#8221; header_2_font=&#8221;Averta Bold||||||||&#8221; background_image=&#8221;http:\/\/media2.frisksport.se\/2022\/02\/pil.png&#8221; background_size=&#8221;contain&#8221; background_position=&#8221;center_left&#8221; custom_margin=&#8221;||20px||false|false&#8221; custom_padding=&#8221;|||50px|false|false&#8221; link_option_url=&#8221;@ET-DC@eyJkeW5hbWljIjp0cnVlLCJjb250ZW50IjoicG9zdF9saW5rX3VybF9wYWdlIiwic2V0dGluZ3MiOnsicG9zdF9pZCI6IjE2MTUxIiwiZW5hYmxlX2h0bWwiOiJvZmYifX0=@&#8221; locked=&#8221;off&#8221; global_colors_info=&#8221;{}&#8221;]Kontakta oss[\/et_pb_text][et_pb_text _builder_version=&#8221;4.21.0&#8243; _dynamic_attributes=&#8221;link_option_url&#8221; _module_preset=&#8221;default&#8221; text_font=&#8221;Averta Bold|||on|||||&#8221; text_text_color=&#8221;#036EDA&#8221; text_letter_spacing=&#8221;0.5px&#8221; text_line_height=&#8221;35px&#8221; header_2_font=&#8221;Averta Bold||||||||&#8221; background_image=&#8221;http:\/\/media2.frisksport.se\/2022\/02\/pil.png&#8221; background_size=&#8221;contain&#8221; background_position=&#8221;center_left&#8221; custom_margin=&#8221;||20px||false|false&#8221; custom_padding=&#8221;|||50px|false|false&#8221; link_option_url=&#8221;@ET-DC@eyJkeW5hbWljIjp0cnVlLCJjb250ZW50IjoicG9zdF9saW5rX3VybF9wYWdlIiwic2V0dGluZ3MiOnsicG9zdF9pZCI6IjE3OTc1IiwiZW5hYmxlX2h0bWwiOiJvZmYifX0=@&#8221; locked=&#8221;off&#8221; global_colors_info=&#8221;{}&#8221;]<\/p>\n<p>Frisksporttorpet<\/p>\n<p>[\/et_pb_text][et_pb_text _builder_version=&#8221;4.27.4&#8243; _dynamic_attributes=&#8221;link_option_url&#8221; _module_preset=&#8221;default&#8221; text_font=&#8221;Averta Bold|||on|||||&#8221; text_text_color=&#8221;#036EDA&#8221; text_letter_spacing=&#8221;0.5px&#8221; text_line_height=&#8221;35px&#8221; header_2_font=&#8221;Averta Bold||||||||&#8221; background_image=&#8221;http:\/\/media2.frisksport.se\/2022\/02\/pil.png&#8221; background_size=&#8221;contain&#8221; background_position=&#8221;center_left&#8221; custom_margin=&#8221;||20px||false|false&#8221; custom_padding=&#8221;|||50px|false|false&#8221; link_option_url=&#8221;@ET-DC@eyJkeW5hbWljIjp0cnVlLCJjb250ZW50IjoicG9zdF9saW5rX3VybF9wYWdlIiwic2V0dGluZ3MiOnsicG9zdF9pZCI6IjIwMTkxIn19@&#8221; hover_enabled=&#8221;0&#8243; locked=&#8221;off&#8221; global_colors_info=&#8221;{}&#8221; sticky_enabled=&#8221;0&#8243;]<\/p>\n<p>V\u00e5ra aktiviteter<\/p>\n<p>[\/et_pb_text][et_pb_text _builder_version=&#8221;4.21.0&#8243; _dynamic_attributes=&#8221;link_option_url&#8221; _module_preset=&#8221;default&#8221; text_font=&#8221;Averta Bold|||on|||||&#8221; text_text_color=&#8221;#036EDA&#8221; text_letter_spacing=&#8221;0.5px&#8221; text_line_height=&#8221;35px&#8221; header_2_font=&#8221;Averta Bold||||||||&#8221; background_image=&#8221;http:\/\/media2.frisksport.se\/2022\/02\/pil.png&#8221; background_size=&#8221;contain&#8221; background_position=&#8221;center_left&#8221; custom_margin=&#8221;||20px||false|false&#8221; custom_padding=&#8221;|||50px|false|false&#8221; link_option_url=&#8221;@ET-DC@eyJkeW5hbWljIjp0cnVlLCJjb250ZW50IjoicG9zdF9saW5rX3VybF9wYWdlIiwic2V0dGluZ3MiOnsicG9zdF9pZCI6IjE2MTQ3IiwiZW5hYmxlX2h0bWwiOiJvZmYifX0=@&#8221; locked=&#8221;off&#8221; global_colors_info=&#8221;{}&#8221;]<\/p>\n<p>Kalendern<\/p>\n<p>[\/et_pb_text][\/et_pb_column][\/et_pb_row][\/et_pb_section][et_pb_section fb_built=&#8221;1&#8243; _builder_version=&#8221;4.17.4&#8243; _module_preset=&#8221;default&#8221; global_colors_info=&#8221;{}&#8221;][et_pb_row column_structure=&#8221;2_3,1_3&#8243; admin_label=&#8221;Rad&#8221; _builder_version=&#8221;4.17.4&#8243; _module_preset=&#8221;default&#8221; global_colors_info=&#8221;{}&#8221;][et_pb_column type=&#8221;2_3&#8243; _builder_version=&#8221;4.17.4&#8243; _module_preset=&#8221;default&#8221; global_colors_info=&#8221;{}&#8221;][et_pb_text module_class=&#8221;tagged tagged-h6&#8243; _builder_version=&#8221;4.27.4&#8243; _module_preset=&#8221;default&#8221; global_colors_info=&#8221;{}&#8221;]<\/p>\n<h6>Om tipspromenaderna<\/h6>\n<h2>H\u00e4ng med p\u00e5 tipsrunda<\/h2>\n<p><strong>Tips- och Bingopromenaderna<\/strong> vid <a href=\"https:\/\/www.frisksport.se\/nykoping\/frisksporttorpet\">Friskporttorpet<\/a> genomf\u00f6rs varje s\u00f6ndag (september-maj) med valfri starttid kl 09:00 \u2013 12:30. Sj\u00e4lva tipspromenaden \u00e4r 2 km l\u00e5ng. <a href=\"https:\/\/nykopingfrisksport.se\/dokument\/Tipsrunda_pa_NOK_karta.pdf\">Klicka h\u00e4r f\u00f6r karta <\/a>eller <a href=\"https:\/\/nykopingfrisksport.se\/dokument\/tipsrundan.pdf\">\u00a0h\u00e4r f\u00f6r satellitfoto<\/a><\/p>\n<p>Kaffe och fika serveras vid torpet i samband med tipspromenaden, ibland till och med v\u00e5fflor!<\/p>\n<p><strong>Priser<\/strong><br \/>Tipskupong: 10 kr<br \/>Motionsbingo (6 brickor): 15 kr<\/p>\n<p><strong>Utdelning\/utbetalning av priser\/vinster<\/strong>\u00a0sker vid Frisksporttorpet n\u00e4r det \u00e4r tipspromenad, kl 09-12:30. Bingovinster sparas i minst \u00e5tta tipsomg\u00e5ngar, sedan tillfaller de klubben.<\/p>\n<p>H\u00e5ll utkik under <a href=\"https:\/\/frisksport.se\/nykoping\/tipsnyheter\">tipsnyheter<\/a> f\u00f6r att se veckans resultat och facit.<\/p>\n<p><strong>Vi tar g\u00e4rna emot hj\u00e4lp med att ordna tipspromenaden. <\/strong>Kontakta <a href=\"mailto:bosse.rojder@nykopingfrisksport.se\">Bosse R\u00f6jder , <\/a>0155-584 73\u00a0 om du vill avs\u00e4tta n\u00e5gra timmar en eller flera s\u00f6ndagar.<\/p>\n<p>Vill du hj\u00e4lpa till med att fixa kaffe (eller v\u00e5fflor) n\u00e5gon s\u00f6ndag s\u00e5 f\u00e5r du v\u00e4ldigt g\u00e4rna g\u00f6ra det. Kontakta oss i Torpet!<\/p>\n<p>[\/et_pb_text][\/et_pb_column][et_pb_column type=&#8221;1_3&#8243; _builder_version=&#8221;4.17.4&#8243; _module_preset=&#8221;default&#8221; global_colors_info=&#8221;{}&#8221;][\/et_pb_column][\/et_pb_row][et_pb_row column_structure=&#8221;2_3,1_3&#8243; _builder_version=&#8221;4.21.0&#8243; _module_preset=&#8221;default&#8221; global_colors_info=&#8221;{}&#8221;][et_pb_column type=&#8221;2_3&#8243; _builder_version=&#8221;4.21.0&#8243; _module_preset=&#8221;default&#8221; global_colors_info=&#8221;{}&#8221;][et_pb_divider _builder_version=&#8221;4.17.4&#8243; _module_preset=&#8221;default&#8221; locked=&#8221;off&#8221; global_colors_info=&#8221;{}&#8221;][\/et_pb_divider][et_pb_text module_class=&#8221;tagged tagged-h6&#8243; _builder_version=&#8221;4.21.0&#8243; _module_preset=&#8221;default&#8221; global_colors_info=&#8221;{}&#8221;]<\/p>\n<h6>Senaste<\/h6>\n<h2>R\u00e4tt svar p\u00e5 senaste tipsen<\/h2>\n<p>[\/et_pb_text][et_pb_blog posts_number=&#8221;12&#8243; include_categories=&#8221;21&#8243; meta_date=&#8221;j F Y&#8221; excerpt_length=&#8221;110&#8243; show_pagination=&#8221;on&#8221; _builder_version=&#8221;4.24.2&#8243; _module_preset=&#8221;default&#8221; header_text_align=&#8221;left&#8221; header_font_size=&#8221;26px&#8221; body_font=&#8221;||||||||&#8221; body_text_align=&#8221;left&#8221; body_line_height=&#8221;1.5em&#8221; meta_text_align=&#8221;left&#8221; pagination_font=&#8221;Averta Extra Bold||||||||&#8221; pagination_font_size=&#8221;18px&#8221; pagination_letter_spacing=&#8221;1px&#8221; text_orientation=&#8221;left&#8221; custom_margin=&#8221;|||0px|false|false&#8221; custom_padding=&#8221;|||0px|false|false&#8221; custom_css_featured_image=&#8221;margin: 0px;&#8221; locked=&#8221;off&#8221; global_colors_info=&#8221;{}&#8221;][\/et_pb_blog][\/et_pb_column][et_pb_column type=&#8221;1_3&#8243; _builder_version=&#8221;4.21.0&#8243; _module_preset=&#8221;default&#8221; global_colors_info=&#8221;{}&#8221;][\/et_pb_column][\/et_pb_row][et_pb_row column_structure=&#8221;2_3,1_3&#8243; _builder_version=&#8221;4.17.4&#8243; _module_preset=&#8221;default&#8221; global_colors_info=&#8221;{}&#8221;][et_pb_column type=&#8221;2_3&#8243; _builder_version=&#8221;4.17.4&#8243; _module_preset=&#8221;default&#8221; global_colors_info=&#8221;{}&#8221;][et_pb_divider _builder_version=&#8221;4.17.4&#8243; _module_preset=&#8221;default&#8221; global_colors_info=&#8221;{}&#8221;][\/et_pb_divider][et_pb_text module_class=&#8221;tagged tagged-h6&#8243; _builder_version=&#8221;4.17.4&#8243; _module_preset=&#8221;default&#8221; header_2_font=&#8221;Averta Bold||||||||&#8221; custom_margin=&#8221;||0px||false|false&#8221; locked=&#8221;off&#8221; global_colors_info=&#8221;{}&#8221;]<\/p>\n<h6>V\u00e4gbeskrivning<\/h6>\n<h2>Hitta till Frisksportstugan<\/h2>\n<p>Torpet ligger avskilt i skogen och kan vara lite sv\u00e5rt att hitta till. H\u00e4r ser du karta och v\u00e4gbeskrivning.<\/p>\n<p>\u00c5k Blommenhovsv\u00e4gen fr\u00e5n rondellen vid Gullans Kiosk (som ligger vid Brunnsgatan mellan j\u00e4rnv\u00e4gen och stora lasarettsparkeringen) mot och f\u00f6rbi Blommenhovs hotellinfart upp mot Nya kyrkog\u00e5rden. Precis innan kyrkog\u00e5rden finns en v\u00e4g till h\u00f6ger. Det finns en pil som det st\u00e5r \u201cFrisksporttorpet\u201d p\u00e5 och en stor skylt som det st\u00e5r \u201cGr\u00f6nborgs handelstr\u00e4dg\u00e5rd\u201d p\u00e5. K\u00f6r in p\u00e5 den v\u00e4gen, ta sen v\u00e4nster precis innan v\u00e4xthuset (d\u00e4r finns ytterligare en skylt med texten \u201cFrisksporttorpet). F\u00f6lj den v\u00e4gen (den g\u00e5r precis utanf\u00f6r den mur\/staket\/h\u00e4ck som inringar kyrkog\u00e5rden). Efter ca 200 m ligger Torpet p\u00e5 h\u00f6ger hand.<\/p>\n<p><span style=\"font-size: 16px\">Det finns alternativa s\u00e4tt att ta sig dit, men detta \u00e4r den v\u00e4g som \u00e4r l\u00e4ttast att beskriva.<\/span><\/p>\n<div class=\"page\" title=\"Page 1\">\n<div class=\"layoutArea\">\n<div class=\"column\">\n<p>&nbsp;<\/p>\n<\/div>\n<\/div>\n<\/div>\n<p>[\/et_pb_text][et_pb_image src=&#8221;https:\/\/frisksport.se\/nykopingtest\/wp-content\/uploads\/sites\/28\/2023\/04\/Karta-torpet.png&#8221; title_text=&#8221;Karta torpet&#8221; url=&#8221;https:\/\/goo.gl\/maps\/Y92NuxsCLaVW2jWL9&#8243; url_new_window=&#8221;on&#8221; _builder_version=&#8221;4.17.4&#8243; _module_preset=&#8221;default&#8221; global_colors_info=&#8221;{}&#8221;][\/et_pb_image][et_pb_text _builder_version=&#8221;4.17.4&#8243; _module_preset=&#8221;default&#8221; global_colors_info=&#8221;{}&#8221;]<\/p>\n<p><em>Klicka p\u00e5 kartan f\u00f6r att \u00f6ppna google maps.<\/em><\/p>\n<p>[\/et_pb_text][et_pb_divider _builder_version=&#8221;4.17.4&#8243; _module_preset=&#8221;default&#8221; global_colors_info=&#8221;{}&#8221;][\/et_pb_divider][\/et_pb_column][et_pb_column type=&#8221;1_3&#8243; _builder_version=&#8221;4.17.4&#8243; _module_preset=&#8221;default&#8221; global_colors_info=&#8221;{}&#8221;][\/et_pb_column][\/et_pb_row][\/et_pb_section]<\/p>\n","protected":false},"excerpt":{"rendered":"<p>Tips- och bingopromenaderVarje s\u00f6ndag ordnar vi tips- och bingopromenader vid Frisksporttorpet! En m\u00e5ng\u00e5rig och popul\u00e4r tradition, och en h\u00e4rlig utflykt f\u00f6r stora som sm\u00e5. Njut av kaffe och fika, ibland [&hellip;]<\/p>\n","protected":false},"author":4,"featured_media":0,"parent":0,"menu_order":0,"comment_status":"closed","ping_status":"closed","template":"","meta":{"_acf_changed":false,"_et_pb_use_builder":"on","_et_pb_old_content":"","_et_gb_content_width":"","footnotes":""},"class_list":["post-18594","page","type-page","status-publish","hentry"],"acf":[],"_links":{"self":[{"href":"https:\/\/frisksport.se\/nykoping\/wp-json\/wp\/v2\/pages\/18594","targetHints":{"allow":["GET"]}}],"collection":[{"href":"https:\/\/frisksport.se\/nykoping\/wp-json\/wp\/v2\/pages"}],"about":[{"href":"https:\/\/frisksport.se\/nykoping\/wp-json\/wp\/v2\/types\/page"}],"author":[{"embeddable":true,"href":"https:\/\/frisksport.se\/nykoping\/wp-json\/wp\/v2\/users\/4"}],"replies":[{"embeddable":true,"href":"https:\/\/frisksport.se\/nykoping\/wp-json\/wp\/v2\/comments?post=18594"}],"version-history":[{"count":21,"href":"https:\/\/frisksport.se\/nykoping\/wp-json\/wp\/v2\/pages\/18594\/revisions"}],"predecessor-version":[{"id":20235,"href":"https:\/\/frisksport.se\/nykoping\/wp-json\/wp\/v2\/pages\/18594\/revisions\/20235"}],"wp:attachment":[{"href":"https:\/\/frisksport.se\/nykoping\/wp-json\/wp\/v2\/media?parent=18594"}],"curies":[{"name":"wp","href":"https:\/\/api.w.org\/{rel}","templated":true}]}}