{"id":18688,"date":"2023-09-11T09:56:31","date_gmt":"2023-09-11T07:56:31","guid":{"rendered":"https:\/\/frisksport.se\/nykoping\/?page_id=18688"},"modified":"2025-12-10T11:35:56","modified_gmt":"2025-12-10T10:35:56","slug":"information","status":"publish","type":"page","link":"https:\/\/frisksport.se\/nykoping\/information\/","title":{"rendered":"Information"},"content":{"rendered":"<p>[et_pb_section fb_built=&#8221;1&#8243; _builder_version=&#8221;4.16&#8243; _module_preset=&#8221;default&#8221; global_colors_info=&#8221;{}&#8221;][et_pb_row column_structure=&#8221;2_3,1_3&#8243; _builder_version=&#8221;4.17.4&#8243; _module_preset=&#8221;default&#8221; width_tablet=&#8221;&#8221; width_phone=&#8221;90%&#8221; width_last_edited=&#8221;on|phone&#8221; custom_margin_tablet=&#8221;&#8221; custom_margin_phone=&#8221;&#8221; custom_margin_last_edited=&#8221;on|phone&#8221; locked=&#8221;off&#8221; global_colors_info=&#8221;{}&#8221;][et_pb_column type=&#8221;2_3&#8243; _builder_version=&#8221;4.16&#8243; _module_preset=&#8221;default&#8221; global_colors_info=&#8221;{}&#8221;][et_pb_text module_class=&#8221;breadcrumbs&#8221; _builder_version=&#8221;4.17.4&#8243; _dynamic_attributes=&#8221;content&#8221; _module_preset=&#8221;default&#8221; text_font=&#8221;Averta-Bold||||||||&#8221; custom_margin=&#8221;||15px||false|false&#8221; custom_margin_tablet=&#8221;||15px||false|false&#8221; custom_margin_phone=&#8221;||0px||false|false&#8221; custom_margin_last_edited=&#8221;on|phone&#8221; locked=&#8221;off&#8221; global_colors_info=&#8221;{}&#8221;]@ET-DC@eyJkeW5hbWljIjp0cnVlLCJjb250ZW50IjoicG9zdF90aXRsZSIsInNldHRpbmdzIjp7ImJlZm9yZSI6IiIsImFmdGVyIjoiIn19@[\/et_pb_text][et_pb_text module_id=&#8221;om-frisksport&#8221; _builder_version=&#8221;4.21.0&#8243; _module_preset=&#8221;default&#8221; custom_margin=&#8221;15px||15px||true|false&#8221; custom_margin_tablet=&#8221;15px||15px||true|false&#8221; custom_margin_phone=&#8221;0px||0px||true|false&#8221; custom_margin_last_edited=&#8221;on|tablet&#8221; global_colors_info=&#8221;{}&#8221;]<\/p>\n<h1>Klubbinfo<\/h1>\n<p>[\/et_pb_text][et_pb_text _builder_version=&#8221;4.21.0&#8243; _module_preset=&#8221;default&#8221; global_colors_info=&#8221;{}&#8221;]<\/p>\n<h4>Hej hittar du information om klubben. Exempelvis kan du l\u00e4sa v\u00e5ra stadgar och information fr\u00e5n styrelsen. Ta reda p\u00e5 vilka fr\u00e5gor som vi jobbar med i v\u00e5r klubb och hur du kan p\u00e5verka!<\/h4>\n<p>[\/et_pb_text][et_pb_image src=&#8221;https:\/\/frisksport.se\/nykoping\/wp-content\/uploads\/sites\/28\/2023\/08\/Lena-340-\u00d7-340-px-1.png&#8221; title_text=&#8221;Lena (340 \u00d7 340 px)&#8221; disabled_on=&#8221;on|on|on&#8221; _builder_version=&#8221;4.21.0&#8243; _module_preset=&#8221;default&#8221; height=&#8221;100px&#8221; height_tablet=&#8221;100px&#8221; height_phone=&#8221;75px&#8221; height_last_edited=&#8221;on|phone&#8221; custom_css_main_element=&#8221;float:left;&#8221; border_radii=&#8221;on|90px|90px|90px|90px&#8221; disabled=&#8221;on&#8221; locked=&#8221;off&#8221; global_colors_info=&#8221;{}&#8221;][\/et_pb_image][et_pb_text disabled_on=&#8221;on|on|on&#8221; _builder_version=&#8221;4.21.0&#8243; _module_preset=&#8221;default&#8221; custom_margin=&#8221;60px|120px|60px|120px|false|true&#8221; custom_margin_tablet=&#8221;&#8221; custom_margin_phone=&#8221;30px|0px|50px|90px|false|false&#8221; custom_margin_last_edited=&#8221;on|phone&#8221; custom_padding=&#8221;||||false|false&#8221; disabled=&#8221;on&#8221; locked=&#8221;off&#8221; global_colors_info=&#8221;{}&#8221;]<\/p>\n<h5><span style=\"font-size: 16px\"><strong>Lena Tholse<\/strong><br \/><\/span>Ordf\u00f6rande<\/h5>\n<p>[\/et_pb_text][et_pb_divider _builder_version=&#8221;4.17.4&#8243; _module_preset=&#8221;default&#8221; custom_margin=&#8221;||30px||false|false&#8221; global_colors_info=&#8221;{}&#8221;][\/et_pb_divider][et_pb_text module_class=&#8221;tagged tagged-h6&#8243; _builder_version=&#8221;4.21.0&#8243; _module_preset=&#8221;default&#8221; global_colors_info=&#8221;{}&#8221;]<\/p>\n<h6>Styrdokument<\/h6>\n<h2>Stadgar och verksamhetsber\u00e4ttelser<\/h2>\n<h5>L\u00e4s h\u00e4r<\/h5>\n<p>[\/et_pb_text][et_pb_text disabled_on=&#8221;off|off|off&#8221; _builder_version=&#8221;4.21.0&#8243; _module_preset=&#8221;default&#8221; text_font=&#8221;Averta-Bold|||on|||||&#8221; text_text_color=&#8221;#FFF3BC&#8221; text_letter_spacing=&#8221;1.51px&#8221; background_color=&#8221;#87B9F3&#8243; text_orientation=&#8221;center&#8221; custom_margin=&#8221;|15px||0px|false|false&#8221; custom_padding=&#8221;10px|30px|10px|30px|false|true&#8221; custom_css_main_element=&#8221;display: inline-block;&#8221; border_width_all=&#8221;2px&#8221; border_color_all=&#8221;#87B9F3&#8243; box_shadow_style=&#8221;preset3&#8243; locked=&#8221;off&#8221; global_colors_info=&#8221;{}&#8221;]<\/p>\n<p>Stadgar<\/p>\n<p>[\/et_pb_text][et_pb_text disabled_on=&#8221;off|off|off&#8221; _builder_version=&#8221;4.21.0&#8243; _module_preset=&#8221;default&#8221; text_font=&#8221;Averta-Bold|||on|||||&#8221; text_text_color=&#8221;#FFF3BC&#8221; text_letter_spacing=&#8221;1.51px&#8221; background_color=&#8221;#87B9F3&#8243; text_orientation=&#8221;center&#8221; custom_margin=&#8221;|15px||0px|false|false&#8221; custom_padding=&#8221;10px|30px|10px|30px|false|true&#8221; custom_css_main_element=&#8221;display: inline-block;&#8221; border_width_all=&#8221;2px&#8221; border_color_all=&#8221;#87B9F3&#8243; box_shadow_style=&#8221;preset3&#8243; locked=&#8221;off&#8221; global_colors_info=&#8221;{}&#8221;]<\/p>\n<p>En till knapp<\/p>\n<p>[\/et_pb_text][et_pb_divider _builder_version=&#8221;4.17.4&#8243; _module_preset=&#8221;default&#8221; global_colors_info=&#8221;{}&#8221;][\/et_pb_divider][et_pb_text module_class=&#8221;tagged tagged-h6&#8243; _builder_version=&#8221;4.21.0&#8243; _module_preset=&#8221;default&#8221; locked=&#8221;off&#8221; global_colors_info=&#8221;{}&#8221;]<\/p>\n<h6>Fr\u00e5n styrelsen<\/h6>\n<h2>L\u00e4s om vad som p\u00e5g\u00e5r<\/h2>\n<p>H\u00e4r publiceras de senaste besluten som tagits om klubben.<\/p>\n<p>[\/et_pb_text][et_pb_text disabled_on=&#8221;off|off|off&#8221; _builder_version=&#8221;4.21.0&#8243; _module_preset=&#8221;default&#8221; text_font=&#8221;Averta-Bold|||on|||||&#8221; text_text_color=&#8221;#FFF3BC&#8221; text_letter_spacing=&#8221;1.51px&#8221; background_color=&#8221;#87B9F3&#8243; text_orientation=&#8221;center&#8221; custom_margin=&#8221;|15px||0px|false|false&#8221; custom_padding=&#8221;10px|30px|10px|30px|false|true&#8221; custom_css_main_element=&#8221;display: inline-block;&#8221; border_width_all=&#8221;2px&#8221; border_color_all=&#8221;#87B9F3&#8243; box_shadow_style=&#8221;preset3&#8243; locked=&#8221;off&#8221; global_colors_info=&#8221;{}&#8221;]<\/p>\n<p>En till knapp<\/p>\n<p>[\/et_pb_text][et_pb_text disabled_on=&#8221;off|off|off&#8221; _builder_version=&#8221;4.21.0&#8243; _module_preset=&#8221;default&#8221; text_font=&#8221;Averta-Bold|||on|||||&#8221; text_text_color=&#8221;#FFF3BC&#8221; text_letter_spacing=&#8221;1.51px&#8221; background_color=&#8221;#87B9F3&#8243; text_orientation=&#8221;center&#8221; custom_margin=&#8221;|15px||0px|false|false&#8221; custom_padding=&#8221;10px|30px|10px|30px|false|true&#8221; custom_css_main_element=&#8221;display: inline-block;&#8221; border_width_all=&#8221;2px&#8221; border_color_all=&#8221;#87B9F3&#8243; box_shadow_style=&#8221;preset3&#8243; locked=&#8221;off&#8221; global_colors_info=&#8221;{}&#8221;]<\/p>\n<p>En till knapp<\/p>\n<p>[\/et_pb_text][et_pb_divider _builder_version=&#8221;4.17.4&#8243; _module_preset=&#8221;default&#8221; global_colors_info=&#8221;{}&#8221;][\/et_pb_divider][et_pb_text module_class=&#8221;tagged tagged-h6&#8243; _builder_version=&#8221;4.21.0&#8243; _module_preset=&#8221;default&#8221; locked=&#8221;off&#8221; global_colors_info=&#8221;{}&#8221;]<\/p>\n<h6>Ta kontakt<\/h6>\n<h2>H\u00f6r av dig till oss<\/h2>\n<p>Alla v\u00e5ra medlemmar har chansen att p\u00e5verka vad som h\u00e4nder i klubben. Ta g\u00e4rna kontakt med oss om du har fr\u00e5gor du vill att styrelsen ska lyfta, eller funderingar om klubbens verksamhet.<\/p>\n<p>[\/et_pb_text][et_pb_text _builder_version=&#8221;4.21.0&#8243; _dynamic_attributes=&#8221;link_option_url&#8221; _module_preset=&#8221;default&#8221; text_text_color=&#8221;#036EDA&#8221; header_text_color=&#8221;#036EDA&#8221; header_2_font=&#8221;Averta Bold||||||||&#8221; header_4_text_align=&#8221;right&#8221; header_4_text_color=&#8221;#036EDA&#8221; background_image=&#8221;http:\/\/media2.frisksport.se\/2022\/02\/pil.png&#8221; background_size=&#8221;contain&#8221; background_position=&#8221;top_right&#8221; custom_padding=&#8221;5px|60px|||false|false&#8221; link_option_url=&#8221;@ET-DC@eyJkeW5hbWljIjp0cnVlLCJjb250ZW50IjoicG9zdF9saW5rX3VybF9wYWdlIiwic2V0dGluZ3MiOnsicG9zdF9pZCI6IjE2MTUxIn19@&#8221; link_option_url_new_window=&#8221;on&#8221; locked=&#8221;off&#8221; global_colors_info=&#8221;{}&#8221;]<\/p>\n<h4>Kontakta oss<\/h4>\n<p>[\/et_pb_text][et_pb_image src=&#8221;https:\/\/frisksport.se\/varnamotest\/wp-content\/uploads\/sites\/29\/2023\/04\/Aktuellt-o-ovrigt-1250&#215;500-21.jpg&#8221; title_text=&#8221;Aktuellt o \u00f6vrigt 1250&#215;500-21&#8243; disabled_on=&#8221;on|on|on&#8221; _builder_version=&#8221;4.17.4&#8243; _module_preset=&#8221;default&#8221; disabled=&#8221;on&#8221; locked=&#8221;off&#8221; global_colors_info=&#8221;{}&#8221;][\/et_pb_image][et_pb_divider _builder_version=&#8221;4.17.4&#8243; _module_preset=&#8221;default&#8221; locked=&#8221;off&#8221; global_colors_info=&#8221;{}&#8221;][\/et_pb_divider][\/et_pb_column][et_pb_column type=&#8221;1_3&#8243; module_id=&#8221;sticky&#8221; disabled_on=&#8221;on|on|off&#8221; _builder_version=&#8221;4.16&#8243; _module_preset=&#8221;default&#8221; global_colors_info=&#8221;{}&#8221;][et_pb_text _builder_version=&#8221;4.17.4&#8243; _module_preset=&#8221;default&#8221; header_font=&#8221;Averta-Bold||||||||&#8221; header_6_font=&#8221;Averta-Bold|||on|||||&#8221; custom_margin=&#8221;0px||10px||false|false&#8221; border_width_bottom=&#8221;2px&#8221; border_color_bottom=&#8221;#051466&#8243; locked=&#8221;off&#8221; global_colors_info=&#8221;{}&#8221;]<\/p>\n<h6>Inneh\u00e5ll<\/h6>\n<p>[\/et_pb_text][et_pb_text module_class=&#8221;content&#8221; _builder_version=&#8221;4.17.4&#8243; _module_preset=&#8221;default&#8221; text_text_color=&#8221;#051466&#8243; header_4_text_color=&#8221;#0072DA&#8221; locked=&#8221;off&#8221; global_colors_info=&#8221;{}&#8221;]<\/p>\n<h4><a>Genererar Inneh\u00e5llsf\u00f6rteckning<\/a><\/h4>\n<p>[\/et_pb_text][et_pb_text _builder_version=&#8221;4.17.4&#8243; _module_preset=&#8221;default&#8221; header_font=&#8221;||||||||&#8221; header_6_font=&#8221;Averta-Bold|||on|||||&#8221; custom_margin=&#8221;40px||10px||false|false&#8221; border_width_bottom=&#8221;2px&#8221; border_color_bottom=&#8221;#051466&#8243; locked=&#8221;off&#8221; global_colors_info=&#8221;{}&#8221;]<\/p>\n<h6>Relaterat<\/h6>\n<p>[\/et_pb_text][et_pb_text _builder_version=&#8221;4.17.4&#8243; _dynamic_attributes=&#8221;link_option_url&#8221; _module_preset=&#8221;default&#8221; text_font=&#8221;Averta Bold|||on|||||&#8221; text_text_color=&#8221;#036EDA&#8221; text_letter_spacing=&#8221;0.5px&#8221; text_line_height=&#8221;35px&#8221; header_2_font=&#8221;Averta Bold||||||||&#8221; background_image=&#8221;http:\/\/media2.frisksport.se\/2022\/02\/pil.png&#8221; background_size=&#8221;contain&#8221; background_position=&#8221;center_left&#8221; custom_margin=&#8221;||20px||false|false&#8221; custom_padding=&#8221;|||50px|false|false&#8221; link_option_url=&#8221;@ET-DC@eyJkeW5hbWljIjp0cnVlLCJjb250ZW50IjoicG9zdF9saW5rX3VybF9wYWdlIiwic2V0dGluZ3MiOnsicG9zdF9pZCI6IjE2MTUxIn19@&#8221; locked=&#8221;off&#8221; global_colors_info=&#8221;{}&#8221;]Kontakt[\/et_pb_text][et_pb_text _builder_version=&#8221;4.27.4&#8243; _dynamic_attributes=&#8221;link_option_url&#8221; _module_preset=&#8221;default&#8221; text_font=&#8221;Averta Bold|||on|||||&#8221; text_text_color=&#8221;#036EDA&#8221; text_letter_spacing=&#8221;0.5px&#8221; text_line_height=&#8221;35px&#8221; header_2_font=&#8221;Averta Bold||||||||&#8221; background_image=&#8221;http:\/\/media2.frisksport.se\/2022\/02\/pil.png&#8221; background_size=&#8221;contain&#8221; background_position=&#8221;center_left&#8221; custom_margin=&#8221;||20px||false|false&#8221; custom_padding=&#8221;|||50px|false|false&#8221; link_option_url=&#8221;@ET-DC@eyJkeW5hbWljIjp0cnVlLCJjb250ZW50IjoicG9zdF9saW5rX3VybF9wYWdlIiwic2V0dGluZ3MiOnsicG9zdF9pZCI6IjIwMTkxIn19@&#8221; locked=&#8221;off&#8221; global_colors_info=&#8221;{}&#8221;]<\/p>\n<p>V\u00e5ra aktiviteter<\/p>\n<p>[\/et_pb_text][\/et_pb_column][\/et_pb_row][\/et_pb_section]<\/p>\n","protected":false},"excerpt":{"rendered":"<p>KlubbinfoHej hittar du information om klubben. Exempelvis kan du l\u00e4sa v\u00e5ra stadgar och information fr\u00e5n styrelsen. Ta reda p\u00e5 vilka fr\u00e5gor som vi jobbar med i v\u00e5r klubb och hur [&hellip;]<\/p>\n","protected":false},"author":4,"featured_media":0,"parent":0,"menu_order":0,"comment_status":"closed","ping_status":"closed","template":"","meta":{"_acf_changed":false,"_et_pb_use_builder":"on","_et_pb_old_content":"","_et_gb_content_width":"","footnotes":""},"class_list":["post-18688","page","type-page","status-publish","hentry"],"acf":[],"_links":{"self":[{"href":"https:\/\/frisksport.se\/nykoping\/wp-json\/wp\/v2\/pages\/18688","targetHints":{"allow":["GET"]}}],"collection":[{"href":"https:\/\/frisksport.se\/nykoping\/wp-json\/wp\/v2\/pages"}],"about":[{"href":"https:\/\/frisksport.se\/nykoping\/wp-json\/wp\/v2\/types\/page"}],"author":[{"embeddable":true,"href":"https:\/\/frisksport.se\/nykoping\/wp-json\/wp\/v2\/users\/4"}],"replies":[{"embeddable":true,"href":"https:\/\/frisksport.se\/nykoping\/wp-json\/wp\/v2\/comments?post=18688"}],"version-history":[{"count":10,"href":"https:\/\/frisksport.se\/nykoping\/wp-json\/wp\/v2\/pages\/18688\/revisions"}],"predecessor-version":[{"id":20665,"href":"https:\/\/frisksport.se\/nykoping\/wp-json\/wp\/v2\/pages\/18688\/revisions\/20665"}],"wp:attachment":[{"href":"https:\/\/frisksport.se\/nykoping\/wp-json\/wp\/v2\/media?parent=18688"}],"curies":[{"name":"wp","href":"https:\/\/api.w.org\/{rel}","templated":true}]}}