{"id":16143,"date":"2020-10-02T09:40:46","date_gmt":"2020-10-02T07:40:46","guid":{"rendered":"https:\/\/frisksport.se\/sjotest\/?page_id=16143"},"modified":"2026-04-28T11:04:01","modified_gmt":"2026-04-28T09:04:01","slug":"bli-medlem","status":"publish","type":"page","link":"https:\/\/frisksport.se\/sjo\/bli-medlem\/","title":{"rendered":"Bli medlem"},"content":{"rendered":"<p>[et_pb_section fb_built=&#8221;1&#8243; _builder_version=&#8221;4.16&#8243; _module_preset=&#8221;default&#8221; global_colors_info=&#8221;{}&#8221;][et_pb_row admin_label=&#8221;om-medlemskapet&#8221; module_id=&#8221;om-medlemskapet&#8221; _builder_version=&#8221;4.27.4&#8243; _module_preset=&#8221;default&#8221; custom_margin=&#8221;0px||0px||true|false&#8221; global_colors_info=&#8221;{}&#8221;][et_pb_column type=&#8221;4_4&#8243; _builder_version=&#8221;4.27.4&#8243; _module_preset=&#8221;default&#8221; global_colors_info=&#8221;{}&#8221;][et_pb_divider _builder_version=&#8221;4.27.4&#8243; _module_preset=&#8221;default&#8221; hover_enabled=&#8221;0&#8243; sticky_enabled=&#8221;0&#8243;][\/et_pb_divider][et_pb_text module_class=&#8221;tagged tagged-h6&#8243; _builder_version=&#8221;4.17.4&#8243; _module_preset=&#8221;default&#8221; locked=&#8221;off&#8221; global_colors_info=&#8221;{}&#8221;]<\/p>\n<h6>Detta ing\u00e5r<\/h6>\n<h2>Om medlemskapet<\/h2>\n<h5>Som medlem f\u00e5r du delta i alla v\u00e5ra tr\u00e4ningar och aktiviteter och v\u00e5r olycksfallsf\u00f6rs\u00e4kring t\u00e4cker aktiviteter du deltar i. F\u00f6rutom detta f\u00e5r du inbjudan till alla f\u00f6rbundets aktiviteter och f\u00e5r v\u00e5r medlemstidning 4 ggr\/\u00e5r.<\/h5>\n<h4>Priser:<\/h4>\n<p>Barn och ungdom (0\u201319 \u00e5r): 100 kr\/\u00e5r<\/p>\n<p>Vuxen (20 \u00e5r och upp\u00e5t): 170 kr\/\u00e5r<\/p>\n<p>En hel familj (2 vuxna och samtliga barn 0\u201319 \u00e5r boende p\u00e5 samma adress): 400 kr\/\u00e5r<\/p>\n<p>Tr\u00e4ningsavgift tillkommer p\u00e5 150 kr\/termin f\u00f6r deltagare p\u00e5 cirkus- &amp; trampolintr\u00e4ningen.<\/p>\n<h4>G\u00f6r s\u00e5h\u00e4r f\u00f6r att bli medlem:<\/h4>\n<p><a href=\"mailto:emfrisksport@hotmail.se\">Kontakta oss via e-post<\/a>\u00a0och skicka in dina uppgifter till oss. Sedan swishar du din medlemsavgift till 123 242 33 82. Vill du betala p\u00e5 ett annat s\u00e4tt kan du skriva det i mejlet.<\/p>\n<p>[\/et_pb_text][et_pb_text disabled_on=&#8221;on|on|on&#8221; _builder_version=&#8221;4.17.4&#8243; _module_preset=&#8221;default&#8221; text_font=&#8221;Averta-Bold|||on|||||&#8221; text_text_color=&#8221;#0072DA&#8221; text_letter_spacing=&#8221;1.51px&#8221; background_color=&#8221;#FFF3BC&#8221; text_orientation=&#8221;center&#8221; custom_margin=&#8221;|15px||0px|false|false&#8221; custom_padding=&#8221;10px|30px|10px|30px|false|true&#8221; link_option_url_new_window=&#8221;on&#8221; custom_css_main_element=&#8221;display: inline-block;&#8221; border_width_all=&#8221;2px&#8221; border_color_all=&#8221;#FFF3BC&#8221; box_shadow_style=&#8221;preset3&#8243; disabled=&#8221;on&#8221; locked=&#8221;off&#8221; global_colors_info=&#8221;{}&#8221;]<\/p>\n<p>Fyll i medlemsans\u00f6kan<\/p>\n<p>[\/et_pb_text][et_pb_image src=&#8221;https:\/\/frisksport.se\/sjotest\/wp-content\/uploads\/sites\/30\/2023\/04\/Aktuellt-o-ovrigt-1250&#215;500-24.jpg&#8221; title_text=&#8221;Aktuellt o \u00f6vrigt 1250&#215;500-24&#8243; _builder_version=&#8221;4.17.4&#8243; _module_preset=&#8221;default&#8221; global_colors_info=&#8221;{}&#8221;][\/et_pb_image][\/et_pb_column][\/et_pb_row][et_pb_row admin_label=&#8221;medlemsforsakring&#8221; module_id=&#8221;medlemsforsakring&#8221; _builder_version=&#8221;4.27.4&#8243; _module_preset=&#8221;default&#8221; custom_margin=&#8221;0px||0px||true|false&#8221; global_colors_info=&#8221;{}&#8221;][et_pb_column type=&#8221;4_4&#8243; _builder_version=&#8221;4.27.4&#8243; _module_preset=&#8221;default&#8221; global_colors_info=&#8221;{}&#8221;][et_pb_divider admin_label=&#8221;Avdelare&#8221; _builder_version=&#8221;4.17.4&#8243; _module_preset=&#8221;default&#8221; global_colors_info=&#8221;{}&#8221;][\/et_pb_divider][et_pb_text module_class=&#8221;tagged tagged-h6&#8243; _builder_version=&#8221;4.17.4&#8243; _module_preset=&#8221;default&#8221; header_2_font=&#8221;Averta Bold||||||||&#8221; custom_margin=&#8221;||0px||false|false&#8221; locked=&#8221;off&#8221; global_colors_info=&#8221;{}&#8221;]<\/p>\n<h6>Tryggt medlemskap<\/h6>\n<h2>Medlemsf\u00f6rs\u00e4kring<\/h2>\n<h5>Som medlem i FK Sj\u00f6 har du en olycksfallsf\u00f6rs\u00e4kring via Folksam som g\u00e4ller p\u00e5 alla frisksportaktiviteter du deltar i och \u00e4ven p\u00e5 resan dit och hem. Skulle du beh\u00f6va nyttja din medlemsf\u00f6rs\u00e4kring h\u00f6r du av dig till en ledare eller till styrelsen i klubben s\u00e5 f\u00e5r du information.<\/h5>\n<p>&nbsp;<\/p>\n<p>[\/et_pb_text][\/et_pb_column][\/et_pb_row][et_pb_row admin_label=&#8221;ditt-medlemskap&#8221; module_id=&#8221;ditt-medlemskap&#8221; _builder_version=&#8221;4.27.4&#8243; _module_preset=&#8221;default&#8221; custom_margin=&#8221;0px||0px||true|false&#8221; global_colors_info=&#8221;{}&#8221;][et_pb_column type=&#8221;4_4&#8243; _builder_version=&#8221;4.27.4&#8243; _module_preset=&#8221;default&#8221; global_colors_info=&#8221;{}&#8221;][et_pb_divider _builder_version=&#8221;4.17.4&#8243; _module_preset=&#8221;default&#8221; global_colors_info=&#8221;{}&#8221;][\/et_pb_divider][et_pb_text module_class=&#8221;tagged tagged-h2&#8243; _builder_version=&#8221;4.27.4&#8243; _module_preset=&#8221;default&#8221; locked=&#8221;off&#8221; global_colors_info=&#8221;{}&#8221;]<\/p>\n<h6>Ditt medlemskap<\/h6>\n<h2>Det h\u00e4r g\u00e4ller<\/h2>\n<p><span><strong>Som medlem\u00a0f\u00e5r du:<\/strong><br \/>&#8211; Tidningen Frisksport hem i brevl\u00e5dan.<br \/>&#8211; Olycksfallsf\u00f6rs\u00e4kring under frisksportverksamhet och resan dit och hem.<br \/><\/span><span>&#8211; Aktuell information om klubben via mejl.<br \/>&#8211; Ha roligt tillsammans med likasinnade.<\/span><\/p>\n<p><span><strong>Som medlem lovar du:<\/strong><br \/>att f\u00f6lja klubbens regler:<br \/>&#8211; Frisksportverksamhet \u00e4r helt fri fr\u00e5n tobak, alkohol, doping och andra droger.<br \/>&#8211; Frisksportverksamhet \u00e4r fri fr\u00e5n all form av mobbning och rasism.<\/span><\/p>\n<p><span><strong>En drogfri verksamhet\u00a0<\/strong><\/span><\/p>\n<ul>\n<li><strong>Medlemsbekr\u00e4ftelse<\/strong> (g\u00e4ller alla medlemmar)<br \/>Jag st\u00f6djer arbetet med h\u00e4lsosam verksamhet d\u00e4r alla \u00e4r v\u00e4lkomna. Jag avst\u00e5r fr\u00e5n alkohol*, tobak, nikotin, dopingpreparat och narkotika** i alla frisksportsammanhang.<\/li>\n<li><strong>Frisksportl\u00f6ftet <\/strong>(obligatoriskt f\u00f6r medlemmar 12-18 \u00e5r, frivilligt f\u00f6r vuxna)<br \/>Jag v\u00e4ljer att avst\u00e5 fr\u00e5n alkohol*, tobak, nikotin, dopingpreparat och narkotika** i alla sammanhang.<\/li>\n<\/ul>\n<p><em>*avser drycker med mer \u00e4n 2,25 volymprocent (= 1,8 viktprocent) alkohol.<br \/><\/em><em>**avser olaglig anv\u00e4ndning av narkotika, vilket ej innefattar l\u00e4kemedel utskrivet av l\u00e4kare.<\/em><\/p>\n<p>[\/et_pb_text][\/et_pb_column][\/et_pb_row][et_pb_row admin_label=&#8221;personuppgifter&#8221; module_id=&#8221;personuppgifter&#8221; _builder_version=&#8221;4.27.4&#8243; _module_preset=&#8221;default&#8221; custom_margin=&#8221;0px||0px||true|false&#8221; global_colors_info=&#8221;{}&#8221;][et_pb_column type=&#8221;4_4&#8243; _builder_version=&#8221;4.27.4&#8243; _module_preset=&#8221;default&#8221; global_colors_info=&#8221;{}&#8221;][et_pb_divider _builder_version=&#8221;4.17.4&#8243; _module_preset=&#8221;default&#8221; global_colors_info=&#8221;{}&#8221;][\/et_pb_divider][et_pb_text module_class=&#8221;tagged tagged-h6&#8243; _builder_version=&#8221;4.17.4&#8243; _module_preset=&#8221;default&#8221; locked=&#8221;off&#8221; global_colors_info=&#8221;{}&#8221;]<\/p>\n<h6>S\u00e5 hanterar vi uppgifter<\/h6>\n<h2>Personuppgifter<\/h2>\n<p>Du som medlem har r\u00e4tt att veta vilken information vi samlar om dig, och vad den anv\u00e4nds till.<br \/>Ganska enkelt kan man s\u00e4ga att vi samlar dina personuppgifter i v\u00e5rt medlemsregister, MyClub, samt i fakturajournaler. De enda som kommer \u00e5t dina personuppgifter \u00e4r f\u00f6retr\u00e4dare f\u00f6r klubben och f\u00f6rbundet. Vi delar aldrig dina uppgifter med n\u00e5gon tredje part och de anv\u00e4nds inte till marknadsf\u00f6ring i n\u00e5gon form.<\/p>\n<p>Klicka nedan f\u00f6r att l\u00e4sa v\u00e5r integritetspolicy f\u00f6r medlemmar. Integritetspolicy f\u00f6r\u00a0<em>webbens bes\u00f6kare<\/em> \u00e4r separat och du hittar den <a href=\"https:\/\/frisksport.se\/integritetspolicy\/\">h\u00e4r.<\/a><\/p>\n<p>[\/et_pb_text][et_pb_text disabled_on=&#8221;off|off|off&#8221; _builder_version=&#8221;4.27.0&#8243; _module_preset=&#8221;default&#8221; text_font=&#8221;Averta-Bold|||on|||||&#8221; text_text_color=&#8221;#0072DA&#8221; text_letter_spacing=&#8221;1.51px&#8221; background_color=&#8221;#FFF3BC&#8221; text_orientation=&#8221;center&#8221; custom_margin=&#8221;|15px||0px|false|false&#8221; custom_padding=&#8221;10px|30px|10px|30px|false|true&#8221; link_option_url=&#8221;https:\/\/frisksport.se\/sjo\/wp-content\/uploads\/sites\/30\/2024\/10\/GDPR-dokument-FK-Sjo.pdf&#8221; link_option_url_new_window=&#8221;on&#8221; custom_css_main_element=&#8221;display: inline-block;&#8221; border_width_all=&#8221;2px&#8221; border_color_all=&#8221;#FFF3BC&#8221; box_shadow_style=&#8221;preset3&#8243; locked=&#8221;off&#8221; global_colors_info=&#8221;{}&#8221;]<\/p>\n<p>Integritetspolicy FK Sj\u00f6<\/p>\n<p>[\/et_pb_text][et_pb_image src=&#8221;https:\/\/frisksport.se\/sjotest\/wp-content\/uploads\/sites\/30\/2023\/04\/Aktuellt-o-ovrigt-1250&#215;500-30.jpg&#8221; title_text=&#8221;Aktuellt o \u00f6vrigt 1250&#215;500-30&#8243; _builder_version=&#8221;4.17.4&#8243; _module_preset=&#8221;default&#8221; global_colors_info=&#8221;{}&#8221;][\/et_pb_image][\/et_pb_column][\/et_pb_row][\/et_pb_section]<\/p>\n","protected":false},"excerpt":{"rendered":"<p>Detta ing\u00e5r Om medlemskapet Som medlem f\u00e5r du delta i alla v\u00e5ra tr\u00e4ningar och aktiviteter och v\u00e5r olycksfallsf\u00f6rs\u00e4kring t\u00e4cker aktiviteter du deltar i. F\u00f6rutom detta f\u00e5r du inbjudan till alla [&hellip;]<\/p>\n","protected":false},"author":2,"featured_media":0,"parent":0,"menu_order":0,"comment_status":"closed","ping_status":"closed","template":"page-tpl-w-sticky-sidebar.php","meta":{"_acf_changed":false,"_et_pb_use_builder":"on","_et_pb_old_content":"","_et_gb_content_width":"","footnotes":""},"class_list":["post-16143","page","type-page","status-publish","hentry"],"acf":[],"_links":{"self":[{"href":"https:\/\/frisksport.se\/sjo\/wp-json\/wp\/v2\/pages\/16143","targetHints":{"allow":["GET"]}}],"collection":[{"href":"https:\/\/frisksport.se\/sjo\/wp-json\/wp\/v2\/pages"}],"about":[{"href":"https:\/\/frisksport.se\/sjo\/wp-json\/wp\/v2\/types\/page"}],"author":[{"embeddable":true,"href":"https:\/\/frisksport.se\/sjo\/wp-json\/wp\/v2\/users\/2"}],"replies":[{"embeddable":true,"href":"https:\/\/frisksport.se\/sjo\/wp-json\/wp\/v2\/comments?post=16143"}],"version-history":[{"count":38,"href":"https:\/\/frisksport.se\/sjo\/wp-json\/wp\/v2\/pages\/16143\/revisions"}],"predecessor-version":[{"id":18822,"href":"https:\/\/frisksport.se\/sjo\/wp-json\/wp\/v2\/pages\/16143\/revisions\/18822"}],"wp:attachment":[{"href":"https:\/\/frisksport.se\/sjo\/wp-json\/wp\/v2\/media?parent=16143"}],"curies":[{"name":"wp","href":"https:\/\/api.w.org\/{rel}","templated":true}]}}