{"id":16180,"date":"2020-10-02T10:52:31","date_gmt":"2020-10-02T08:52:31","guid":{"rendered":"https:\/\/frisksport.se\/trosatest\/?page_id=16180"},"modified":"2025-06-11T13:51:43","modified_gmt":"2025-06-11T11:51:43","slug":"aktuellt","status":"publish","type":"page","link":"https:\/\/frisksport.se\/trosa\/aktuellt\/","title":{"rendered":"Aktuellt"},"content":{"rendered":"<p>[et_pb_section fb_built=&#8221;1&#8243; _builder_version=&#8221;4.16&#8243; _module_preset=&#8221;default&#8221; global_colors_info=&#8221;{}&#8221;][et_pb_row _builder_version=&#8221;4.17.4&#8243; _module_preset=&#8221;default&#8221; locked=&#8221;off&#8221; global_colors_info=&#8221;{}&#8221;][et_pb_column type=&#8221;4_4&#8243; _builder_version=&#8221;4.17.4&#8243; _module_preset=&#8221;default&#8221; global_colors_info=&#8221;{}&#8221;][et_pb_text module_class=&#8221;breadcrumbs&#8221; _builder_version=&#8221;4.17.4&#8243; _dynamic_attributes=&#8221;content&#8221; _module_preset=&#8221;default&#8221; text_font=&#8221;Averta-Bold||||||||&#8221; locked=&#8221;off&#8221; global_colors_info=&#8221;{}&#8221;]@ET-DC@eyJkeW5hbWljIjp0cnVlLCJjb250ZW50IjoicG9zdF90aXRsZSIsInNldHRpbmdzIjp7ImJlZm9yZSI6IiIsImFmdGVyIjoiIn19@[\/et_pb_text][\/et_pb_column][\/et_pb_row][et_pb_row column_structure=&#8221;2_3,1_3&#8243; _builder_version=&#8221;4.17.4&#8243; _module_preset=&#8221;default&#8221; global_colors_info=&#8221;{}&#8221;][et_pb_column type=&#8221;2_3&#8243; _builder_version=&#8221;4.16&#8243; _module_preset=&#8221;default&#8221; global_colors_info=&#8221;{}&#8221;][et_pb_text module_id=&#8221;om-frisksport&#8221; _builder_version=&#8221;4.17.4&#8243; _module_preset=&#8221;default&#8221; global_colors_info=&#8221;{}&#8221;]<\/p>\n<h1>Klubbnyheter\u00a0<\/h1>\n<p>[\/et_pb_text][et_pb_text _builder_version=&#8221;4.17.4&#8243; _module_preset=&#8221;default&#8221; custom_margin=&#8221;0px||||false|false&#8221; custom_padding=&#8221;0px||||false|false&#8221; custom_padding_tablet=&#8221;|||0px|false|false&#8221; custom_padding_phone=&#8221;0px|||0px|false|false&#8221; custom_padding_last_edited=&#8221;on|phone&#8221; locked=&#8221;off&#8221; global_colors_info=&#8221;{}&#8221;]<\/p>\n<h4>H\u00e4r hittar du senaste nytt om vad som \u00e4r p\u00e5 g\u00e5ng i v\u00e5r klubb!<\/h4>\n<h5>Vi l\u00e4gger upp info om aktiviteter som har varit information till medlemmar eller annat som kan vara bra att veta.<\/h5>\n<p>[\/et_pb_text][\/et_pb_column][et_pb_column type=&#8221;1_3&#8243; disabled_on=&#8221;off|off|off&#8221; _builder_version=&#8221;4.17.4&#8243; _module_preset=&#8221;default&#8221; background_color=&#8221;#ffffff&#8221; custom_padding=&#8221;10px|10px|10px|10px|true|true&#8221; sticky_position_tablet=&#8221;none&#8221; sticky_position_phone=&#8221;&#8221; sticky_position_last_edited=&#8221;on|phone&#8221; global_colors_info=&#8221;{}&#8221;][et_pb_text disabled_on=&#8221;on|on|off&#8221; _builder_version=&#8221;4.17.4&#8243; _module_preset=&#8221;default&#8221; custom_margin=&#8221;||0px||false|false&#8221; custom_padding=&#8221;||0px||false|false&#8221; locked=&#8221;off&#8221; global_colors_info=&#8221;{}&#8221;]<\/p>\n<h6>S\u00d6K BLAND NYHETER:<\/h6>\n<p>[\/et_pb_text][et_pb_divider color=&#8221;#051466&#8243; divider_weight=&#8221;2px&#8221; disabled_on=&#8221;on|on|off&#8221; _builder_version=&#8221;4.17.4&#8243; _module_preset=&#8221;default&#8221; custom_margin=&#8221;0px||0px||false|false&#8221; locked=&#8221;off&#8221; global_colors_info=&#8221;{}&#8221;][\/et_pb_divider][et_pb_search exclude_pages=&#8221;on&#8221; button_color=&#8221;#87B9F3&#8243; disabled_on=&#8221;on|on|off&#8221; _builder_version=&#8221;4.17.4&#8243; _module_preset=&#8221;default&#8221; button_text_color=&#8221;#FFF3BC&#8221; locked=&#8221;off&#8221; global_colors_info=&#8221;{}&#8221;][\/et_pb_search][et_pb_button button_url=&#8221;https:\/\/frisksport.se\/trosa\/nyhetsbrev\/&#8221; button_text=&#8221;L\u00e4s v\u00e5rt nyhetsbrev&#8221; button_alignment=&#8221;center&#8221; disabled_on=&#8221;on|on|off&#8221; _builder_version=&#8221;4.17.4&#8243; _module_preset=&#8221;default&#8221; custom_button=&#8221;on&#8221; button_text_size=&#8221;14px&#8221; button_text_color=&#8221;#fff3bc&#8221; button_bg_color=&#8221;#87b9f3&#8243; button_border_color=&#8221;RGBA(255,255,255,0)&#8221; button_border_radius=&#8221;0px&#8221; button_font=&#8221;Averta-Bold|700||on|||||&#8221; button_use_icon=&#8221;off&#8221; custom_margin=&#8221;|15px|15px|0px|false|false&#8221; custom_padding=&#8221;10px|20px|10px|20px|true|false&#8221; custom_css_main_element=&#8221;letter-spacing: 1.7px;||min-width: 253px;&#8221; box_shadow_style=&#8221;preset3&#8243; locked=&#8221;off&#8221; global_colors_info=&#8221;{}&#8221;][\/et_pb_button][et_pb_sidebar disabled_on=&#8221;on|on|on&#8221; _builder_version=&#8221;4.17.4&#8243; _module_preset=&#8221;default&#8221; disabled=&#8221;on&#8221; global_colors_info=&#8221;{}&#8221;][\/et_pb_sidebar][\/et_pb_column][\/et_pb_row][et_pb_row _builder_version=&#8221;4.16&#8243; _module_preset=&#8221;default&#8221; global_colors_info=&#8221;{}&#8221;][et_pb_column type=&#8221;4_4&#8243; _builder_version=&#8221;4.16&#8243; _module_preset=&#8221;default&#8221; global_colors_info=&#8221;{}&#8221;][et_pb_text disabled_on=&#8221;on|on|on&#8221; _builder_version=&#8221;4.16&#8243; module_alignment=&#8221;center&#8221; disabled=&#8221;on&#8221; locked=&#8221;off&#8221; global_colors_info=&#8221;{}&#8221;]<\/p>\n<h6 class=\"tagged\">Senaste nytt<\/h6>\n<h2 style=\"text-align: left;\">Artiklar och nyheter<\/h2>\n<p>[\/et_pb_text][et_pb_blog posts_number=&#8221;24&#8243; include_categories=&#8221;all&#8221; meta_date=&#8221;j F Y&#8221; excerpt_length=&#8221;75&#8243; show_pagination=&#8221;on&#8221; _builder_version=&#8221;4.24.2&#8243; _module_preset=&#8221;default&#8221; header_text_align=&#8221;left&#8221; header_font_size=&#8221;23px&#8221; body_font=&#8221;||||||||&#8221; body_text_align=&#8221;left&#8221; body_line_height=&#8221;1.5em&#8221; meta_text_align=&#8221;left&#8221; pagination_font=&#8221;Averta Extra Bold|||on|||||&#8221; pagination_font_size=&#8221;18px&#8221; pagination_letter_spacing=&#8221;1px&#8221; text_orientation=&#8221;left&#8221; custom_margin=&#8221;|||0px|false|false&#8221; custom_padding=&#8221;|||0px|false|false&#8221; pagination_font_size_last_edited=&#8221;off|tablet&#8221; custom_css_featured_image=&#8221;margin: 0px;&#8221; locked=&#8221;off&#8221; global_colors_info=&#8221;{}&#8221;][\/et_pb_blog][\/et_pb_column][\/et_pb_row][\/et_pb_section]<\/p>\n","protected":false},"excerpt":{"rendered":"<p>Klubbnyheter\u00a0H\u00e4r hittar du senaste nytt om vad som \u00e4r p\u00e5 g\u00e5ng i v\u00e5r klubb! Vi l\u00e4gger upp info om aktiviteter som har varit information till medlemmar eller annat som kan [&hellip;]<\/p>\n","protected":false},"author":2,"featured_media":0,"parent":0,"menu_order":0,"comment_status":"closed","ping_status":"closed","template":"","meta":{"_acf_changed":false,"_et_pb_use_builder":"on","_et_pb_old_content":"","_et_gb_content_width":"","footnotes":""},"class_list":["post-16180","page","type-page","status-publish","hentry"],"acf":[],"_links":{"self":[{"href":"https:\/\/frisksport.se\/trosa\/wp-json\/wp\/v2\/pages\/16180","targetHints":{"allow":["GET"]}}],"collection":[{"href":"https:\/\/frisksport.se\/trosa\/wp-json\/wp\/v2\/pages"}],"about":[{"href":"https:\/\/frisksport.se\/trosa\/wp-json\/wp\/v2\/types\/page"}],"author":[{"embeddable":true,"href":"https:\/\/frisksport.se\/trosa\/wp-json\/wp\/v2\/users\/2"}],"replies":[{"embeddable":true,"href":"https:\/\/frisksport.se\/trosa\/wp-json\/wp\/v2\/comments?post=16180"}],"version-history":[{"count":23,"href":"https:\/\/frisksport.se\/trosa\/wp-json\/wp\/v2\/pages\/16180\/revisions"}],"predecessor-version":[{"id":19845,"href":"https:\/\/frisksport.se\/trosa\/wp-json\/wp\/v2\/pages\/16180\/revisions\/19845"}],"wp:attachment":[{"href":"https:\/\/frisksport.se\/trosa\/wp-json\/wp\/v2\/media?parent=16180"}],"curies":[{"name":"wp","href":"https:\/\/api.w.org\/{rel}","templated":true}]}}